{"id":759118,"date":"2025-08-28T08:25:16","date_gmt":"2025-08-28T05:25:16","guid":{"rendered":"https:\/\/roveyayinevi.com.tr\/index.php\/urun\/orumcek-agi-4\/"},"modified":"2026-04-16T03:11:54","modified_gmt":"2026-04-16T00:11:54","slug":"orumcek-agi-4","status":"publish","type":"product","link":"https:\/\/roveyayinevi.com.tr\/index.php\/urun\/orumcek-agi-4\/","title":{"rendered":"\u00d6r\u00fcmcek A\u011f\u0131"},"content":{"rendered":"<p>Y\u0131llar ge\u00e7tik\u00e7e baz\u0131 karakterler yerini bir ba\u015fkas\u0131na b\u0131rakt\u0131. Ancak hi\u00e7bir zaman terk etmediler beni. Hayal d\u00fcnyas\u0131 ile ger\u00e7ek d\u00fcnyan\u0131n aras\u0131nda mekik dokuyordum. Tam olarak ne hayal d\u00fcnyas\u0131n\u0131n ne de ger\u00e7ek d\u00fcnyan\u0131n bir karakteri oldum. Mahalle ma\u00e7lar\u0131nda fazla kalan bir oyuncunun ilk yar\u0131 bir tak\u0131mda, ikinci yar\u0131 da di\u011fer tak\u0131mda oynayan bir oyuncusu gibiydim\u2026 Ya\u015fama d\u00f6rt elle sar\u0131lmak i\u00e7in didinirken bir yandan da \u00f6lmek istiyorum. Hem \u00e7ok \u00e7al\u0131\u015fkan hem de \u00e7ok tembelim. Cesaretim \u00e7evremi \u00fcrk\u00fctecek seviyedeyken ayn\u0131 zamanda korka\u011f\u0131n tekiyim. \u00d6zg\u00fcven ve \u00e7ekingenlik i\u00e7 i\u00e7edir bende. Kendimi kahkahalar i\u00e7inde bulurken bir anda g\u00f6zya\u015f\u0131 d\u00f6kt\u00fc\u011f\u00fcm\u00fc g\u00f6r\u00fcyorum. K\u0131sacas\u0131 kim oldu\u011fumu ve ne yapt\u0131\u011f\u0131m\u0131 hi\u00e7 bilmiyorum. <\/p>\n","protected":false},"excerpt":{"rendered":"<p>Y\u0131llar ge\u00e7tik\u00e7e baz\u0131 karakterler yerini bir ba\u015fkas\u0131na b\u0131rakt\u0131. Ancak hi\u00e7bir zaman terk etmediler beni. Hayal d\u00fcnyas\u0131 ile ger\u00e7ek d\u00fcnyan\u0131n aras\u0131nda mekik dokuyordum. Tam olarak ne hayal<span class=\"excerpt-hellip\"> [\u2026]<\/span><\/p>\n","protected":false},"featured_media":0,"template":"","meta":{"_monsterinsights_skip_tracking":false,"_monsterinsights_sitenote_active":false,"_monsterinsights_sitenote_note":"","_monsterinsights_sitenote_category":0},"product_brand":[],"product_cat":[12777,12291],"product_tag":[],"class_list":{"0":"post-759118","1":"product","2":"type-product","3":"status-publish","5":"product_cat-deneme","6":"product_cat-edebiyat","7":"pa_cilt-ciltsiz","8":"pa_tur-kitap","9":"pa_yayinevi-platanus-publishing","10":"pa_yazar-muhammed-kaya","12":"first","13":"instock","14":"sale","15":"shipping-taxable","16":"purchasable","17":"product-type-simple"},"_links":{"self":[{"href":"https:\/\/roveyayinevi.com.tr\/index.php\/wp-json\/wp\/v2\/product\/759118","targetHints":{"allow":["GET"]}}],"collection":[{"href":"https:\/\/roveyayinevi.com.tr\/index.php\/wp-json\/wp\/v2\/product"}],"about":[{"href":"https:\/\/roveyayinevi.com.tr\/index.php\/wp-json\/wp\/v2\/types\/product"}],"wp:attachment":[{"href":"https:\/\/roveyayinevi.com.tr\/index.php\/wp-json\/wp\/v2\/media?parent=759118"}],"wp:term":[{"taxonomy":"product_brand","embeddable":true,"href":"https:\/\/roveyayinevi.com.tr\/index.php\/wp-json\/wp\/v2\/product_brand?post=759118"},{"taxonomy":"product_cat","embeddable":true,"href":"https:\/\/roveyayinevi.com.tr\/index.php\/wp-json\/wp\/v2\/product_cat?post=759118"},{"taxonomy":"product_tag","embeddable":true,"href":"https:\/\/roveyayinevi.com.tr\/index.php\/wp-json\/wp\/v2\/product_tag?post=759118"}],"curies":[{"name":"wp","href":"https:\/\/api.w.org\/{rel}","templated":true}]}}