{"id":759117,"date":"2025-08-28T08:25:14","date_gmt":"2025-08-28T05:25:14","guid":{"rendered":"https:\/\/roveyayinevi.com.tr\/index.php\/urun\/finansal-okuryazarlikla-ilgili-temel-bilgiler\/"},"modified":"2026-02-03T03:26:40","modified_gmt":"2026-02-03T00:26:40","slug":"finansal-okuryazarlikla-ilgili-temel-bilgiler","status":"publish","type":"product","link":"https:\/\/roveyayinevi.com.tr\/index.php\/urun\/finansal-okuryazarlikla-ilgili-temel-bilgiler\/","title":{"rendered":"Finansal Okuryazarl\u0131kla \u0130lgili Temel Bilgiler"},"content":{"rendered":"<p>G\u00fcn\u00fcm\u00fczde bireylerin ve toplumlar\u0131n finansal anlamda ba\u015far\u0131ya ula\u015fabilmesi ve s\u00fcrd\u00fcr\u00fclebilir bir gelecek olu\u015fturabilmesi i\u00e7in finansal okuryazarl\u0131k \u00e7ok hayati bir \u00f6neme sahiptir. Finansal okuryazarl\u0131k; bireylerin finansal konularda yeterli bilgiye sahip olmas\u0131, finans ve finansla ilgili kavramlar\u0131 tan\u0131mas\u0131, b\u00fct\u00e7e olu\u015fturup y\u00f6netebilmesi, tasarruf yap\u0131p, tasarruflar\u0131n\u0131 yat\u0131r\u0131ma d\u00f6n\u00fc\u015ft\u00fcrebilmesi ve rahat bir emeklilik d\u00f6nemi ge\u00e7irebilmesi i\u00e7in gerekli finansal kararlar\u0131 almas\u0131 anlam\u0131na gelmektedir.   Bu kitap \u00e7al\u0131\u015fmas\u0131n\u0131n amac\u0131, \u00f6ncelikle \u00fcniversite \u00f6\u011frencileri olmak \u00fczere, toplumun t\u00fcm kesimlerinin finansal okuryazarl\u0131k d\u00fczeylerini art\u0131rabilmek, finansal okuryazarl\u0131k konusunda fark\u0131ndal\u0131k olu\u015fturabilmek, \u00fclkemizin finansal kaynaklar\u0131n\u0131n do\u011fru kullan\u0131lmas\u0131na yard\u0131mc\u0131 olmak ve s\u00fcrd\u00fcr\u00fclebilir bir finansal gelecek olu\u015fturulmakt\u0131r. Bu kapsamda son y\u0131llarda say\u0131s\u0131nda art\u0131\u015f olsa da T\u00fcrk\u00e7e yaz\u0131lm\u0131\u015f finansal okuryazarl\u0131k kitaplar\u0131ndaki yetersizlik nedeniyle literat\u00fcre \u00f6nemli bir katk\u0131 sa\u011flayaca\u011f\u0131 d\u00fc\u015f\u00fcn\u00fclmektedir.   Bu \u00e7al\u0131\u015fman\u0131n haz\u0131rlanmas\u0131 a\u015famas\u0131nda bana sab\u0131r g\u00f6steren ve fedak\u00e2rl\u0131k yapan e\u015fime, \u00e7ocuklar\u0131ma, anneme ve babama te\u015fekk\u00fcr\u00fc bir bor\u00e7 biliyorum.   \u00c7al\u0131\u015fman\u0131n finansal okuryazarl\u0131k alan\u0131na ve yeni yap\u0131lacak bilimsel \u00e7al\u0131\u015fmalara   katk\u0131 sa\u011flamas\u0131n\u0131 \u00fcmit ediyorum.<\/p>\n","protected":false},"excerpt":{"rendered":"<p>G\u00fcn\u00fcm\u00fczde bireylerin ve toplumlar\u0131n finansal anlamda ba\u015far\u0131ya ula\u015fabilmesi ve s\u00fcrd\u00fcr\u00fclebilir bir gelecek olu\u015fturabilmesi i\u00e7in finansal okuryazarl\u0131k \u00e7ok hayati bir \u00f6neme sahiptir. Finansal okuryazarl\u0131k; bireylerin finansal konularda<span class=\"excerpt-hellip\"> [\u2026]<\/span><\/p>\n","protected":false},"featured_media":0,"template":"","meta":{"_monsterinsights_skip_tracking":false,"_monsterinsights_sitenote_active":false,"_monsterinsights_sitenote_note":"","_monsterinsights_sitenote_category":0},"product_brand":[],"product_cat":[12573,12566],"product_tag":[],"class_list":{"0":"post-759117","1":"product","2":"type-product","3":"status-publish","5":"product_cat-akademik-kitaplar","6":"product_cat-egitim","7":"pa_cilt-ciltsiz","8":"pa_tur-kitap","9":"pa_yayinevi-platanus-publishing","10":"pa_yazar-bahattin-erden","12":"first","13":"instock","14":"sale","15":"shipping-taxable","16":"purchasable","17":"product-type-simple"},"_links":{"self":[{"href":"https:\/\/roveyayinevi.com.tr\/index.php\/wp-json\/wp\/v2\/product\/759117","targetHints":{"allow":["GET"]}}],"collection":[{"href":"https:\/\/roveyayinevi.com.tr\/index.php\/wp-json\/wp\/v2\/product"}],"about":[{"href":"https:\/\/roveyayinevi.com.tr\/index.php\/wp-json\/wp\/v2\/types\/product"}],"wp:attachment":[{"href":"https:\/\/roveyayinevi.com.tr\/index.php\/wp-json\/wp\/v2\/media?parent=759117"}],"wp:term":[{"taxonomy":"product_brand","embeddable":true,"href":"https:\/\/roveyayinevi.com.tr\/index.php\/wp-json\/wp\/v2\/product_brand?post=759117"},{"taxonomy":"product_cat","embeddable":true,"href":"https:\/\/roveyayinevi.com.tr\/index.php\/wp-json\/wp\/v2\/product_cat?post=759117"},{"taxonomy":"product_tag","embeddable":true,"href":"https:\/\/roveyayinevi.com.tr\/index.php\/wp-json\/wp\/v2\/product_tag?post=759117"}],"curies":[{"name":"wp","href":"https:\/\/api.w.org\/{rel}","templated":true}]}}