{"id":759113,"date":"2025-08-28T08:25:08","date_gmt":"2025-08-28T05:25:08","guid":{"rendered":"https:\/\/roveyayinevi.com.tr\/index.php\/urun\/katilim-kulturu-ve-turkiye\/"},"modified":"2026-04-16T03:11:54","modified_gmt":"2026-04-16T00:11:54","slug":"katilim-kulturu-ve-turkiye","status":"publish","type":"product","link":"https:\/\/roveyayinevi.com.tr\/index.php\/urun\/katilim-kulturu-ve-turkiye\/","title":{"rendered":"Kat\u0131l\u0131m K\u00fclt\u00fcr\u00fc ve T\u00fcrkiye"},"content":{"rendered":"<p>Y\u00f6netim bilimi tarihinde geleneksel ve modern y\u00f6netim anlay\u0131\u015flar\u0131 \u00e7er\u00e7evesinde kat\u0131l\u0131m kavram\u0131n\u0131n ele al\u0131nmas\u0131 ve y\u00f6netsel s\u00fcre\u00e7 i\u00e7erisinde kat\u0131l\u0131m k\u00fclt\u00fcr\u00fcn\u00fcn geli\u015fiminin de\u011ferlendirilmesi \u00f6nem arz etmektedir. Bu do\u011frultuda, \u201cKat\u0131l\u0131m\u0131n Evrimi: T\u00fcrkiye \u0130\u00e7in Bir \u00c7\u00f6z\u00fcmleme\u201d ba\u015fl\u0131kl\u0131 doktora \u00e7al\u0131\u015fmam\u0131n bir \u00fcr\u00fcn\u00fc olan bu kitab\u0131 haz\u0131rlama gayretine girdim.   \u00c7al\u0131\u015fmada, kat\u0131l\u0131m\u0131n ge\u00e7irdi\u011fi tarihsel ve anlamsal de\u011fi\u015fim demokrasi, yerelle\u015fme, Yeni Kamu Y\u00f6netimi anlay\u0131\u015f\u0131 ve k\u00fclt\u00fcr kavramlar\u0131 dahilinde \u00fclke \u00f6rnekleri \u00fczerinden incelenerek T\u00fcrkiye a\u00e7\u0131s\u0131ndan de\u011ferlendirme yap\u0131lm\u0131\u015ft\u0131r.   \u00c7al\u0131\u015fman\u0131n \u00fclkelerin y\u00f6netim sistemlerinde y\u00f6netime kat\u0131l\u0131ma verdikleri \u00f6nem \u00fczerine \u00e7al\u0131\u015fmalar yapacak olan ara\u015ft\u0131rmac\u0131lara faydal\u0131 olmas\u0131 ama\u00e7lanm\u0131\u015ft\u0131r. Zira, geleneksel ve modern y\u00f6netim anlay\u0131\u015flar\u0131 \u00e7er\u00e7evesinde y\u00f6netime kat\u0131l\u0131m\u0131n ve e-kat\u0131l\u0131m\u0131n \u00fclkeler a\u00e7\u0131s\u0131ndan mukayese edilerek ele al\u0131nd\u0131\u011f\u0131 ve T\u00fcrkiye i\u00e7in \u00e7\u00f6z\u00fcm \u00f6nerileri sunan m\u00fcstakil bir \u00e7al\u0131\u015fmaya rastlanmamas\u0131 kitab\u0131n \u00f6nemini ortaya koymaktad\u0131r.<\/p>\n","protected":false},"excerpt":{"rendered":"<p>Y\u00f6netim bilimi tarihinde geleneksel ve modern y\u00f6netim anlay\u0131\u015flar\u0131 \u00e7er\u00e7evesinde kat\u0131l\u0131m kavram\u0131n\u0131n ele al\u0131nmas\u0131 ve y\u00f6netsel s\u00fcre\u00e7 i\u00e7erisinde kat\u0131l\u0131m k\u00fclt\u00fcr\u00fcn\u00fcn geli\u015fiminin de\u011ferlendirilmesi \u00f6nem arz etmektedir. Bu do\u011frultuda,<span class=\"excerpt-hellip\"> [\u2026]<\/span><\/p>\n","protected":false},"featured_media":0,"template":"","meta":{"_monsterinsights_skip_tracking":false,"_monsterinsights_sitenote_active":false,"_monsterinsights_sitenote_note":"","_monsterinsights_sitenote_category":0},"product_brand":[],"product_cat":[12573,12566],"product_tag":[],"class_list":{"0":"post-759113","1":"product","2":"type-product","3":"status-publish","5":"product_cat-akademik-kitaplar","6":"product_cat-egitim","7":"pa_cilt-ciltsiz","8":"pa_tur-kitap","9":"pa_yayinevi-platanus-publishing","10":"pa_yazar-saltuk-aziz-gokalp","12":"first","13":"instock","14":"sale","15":"shipping-taxable","16":"purchasable","17":"product-type-simple"},"_links":{"self":[{"href":"https:\/\/roveyayinevi.com.tr\/index.php\/wp-json\/wp\/v2\/product\/759113","targetHints":{"allow":["GET"]}}],"collection":[{"href":"https:\/\/roveyayinevi.com.tr\/index.php\/wp-json\/wp\/v2\/product"}],"about":[{"href":"https:\/\/roveyayinevi.com.tr\/index.php\/wp-json\/wp\/v2\/types\/product"}],"wp:attachment":[{"href":"https:\/\/roveyayinevi.com.tr\/index.php\/wp-json\/wp\/v2\/media?parent=759113"}],"wp:term":[{"taxonomy":"product_brand","embeddable":true,"href":"https:\/\/roveyayinevi.com.tr\/index.php\/wp-json\/wp\/v2\/product_brand?post=759113"},{"taxonomy":"product_cat","embeddable":true,"href":"https:\/\/roveyayinevi.com.tr\/index.php\/wp-json\/wp\/v2\/product_cat?post=759113"},{"taxonomy":"product_tag","embeddable":true,"href":"https:\/\/roveyayinevi.com.tr\/index.php\/wp-json\/wp\/v2\/product_tag?post=759113"}],"curies":[{"name":"wp","href":"https:\/\/api.w.org\/{rel}","templated":true}]}}