{"id":759111,"date":"2025-08-28T08:25:05","date_gmt":"2025-08-28T05:25:05","guid":{"rendered":"https:\/\/roveyayinevi.com.tr\/index.php\/urun\/aglayinca-kucuk-ayiya-neler-oluyor\/"},"modified":"2026-04-16T03:11:54","modified_gmt":"2026-04-16T00:11:54","slug":"aglayinca-kucuk-ayiya-neler-oluyor","status":"publish","type":"product","link":"https:\/\/roveyayinevi.com.tr\/index.php\/urun\/aglayinca-kucuk-ayiya-neler-oluyor\/","title":{"rendered":"A\u011flay\u0131nca K\u00fc\u00e7\u00fck Ay\u0131ya Neler Oluyor?"},"content":{"rendered":"<p>Erken \u00e7ocukluk d\u00f6neminde bebek, \u00e7ocuk ve ebeveynlerin ya\u015fad\u0131\u011f\u0131 sorunlardan yola \u00e7\u0131karak ba\u011f odakl\u0131 yakla\u015f\u0131m ile yazar\u0131 taraf\u0131ndan kaleme al\u0131nm\u0131\u015ft\u0131r. Kitaplar \u00e7ocuklar i\u00e7in oldu\u011fu kadar, ebeveynlerin de fark\u0131ndal\u0131k ve geli\u015fimlerini destekleyici i\u00e7eriktedir.<\/p>\n","protected":false},"excerpt":{"rendered":"<p>Erken \u00e7ocukluk d\u00f6neminde bebek, \u00e7ocuk ve ebeveynlerin ya\u015fad\u0131\u011f\u0131 sorunlardan yola \u00e7\u0131karak ba\u011f odakl\u0131 yakla\u015f\u0131m ile yazar\u0131 taraf\u0131ndan kaleme al\u0131nm\u0131\u015ft\u0131r. Kitaplar \u00e7ocuklar i\u00e7in oldu\u011fu kadar, ebeveynlerin de<span class=\"excerpt-hellip\"> [\u2026]<\/span><\/p>\n","protected":false},"featured_media":0,"template":"","meta":{"_monsterinsights_skip_tracking":false,"_monsterinsights_sitenote_active":false,"_monsterinsights_sitenote_note":"","_monsterinsights_sitenote_category":0},"product_brand":[],"product_cat":[12274,12284],"product_tag":[],"class_list":{"0":"post-759111","1":"product","2":"type-product","3":"status-publish","5":"product_cat-cocuk-ve-genclik-kitaplari","6":"product_cat-hikayeler","7":"pa_cilt-ciltsiz","8":"pa_tur-kitap","9":"pa_yayinevi-hayykitap","10":"pa_yazar-sinem-ozen-canbolat","12":"first","13":"instock","14":"sale","15":"shipping-taxable","16":"purchasable","17":"product-type-simple"},"_links":{"self":[{"href":"https:\/\/roveyayinevi.com.tr\/index.php\/wp-json\/wp\/v2\/product\/759111","targetHints":{"allow":["GET"]}}],"collection":[{"href":"https:\/\/roveyayinevi.com.tr\/index.php\/wp-json\/wp\/v2\/product"}],"about":[{"href":"https:\/\/roveyayinevi.com.tr\/index.php\/wp-json\/wp\/v2\/types\/product"}],"wp:attachment":[{"href":"https:\/\/roveyayinevi.com.tr\/index.php\/wp-json\/wp\/v2\/media?parent=759111"}],"wp:term":[{"taxonomy":"product_brand","embeddable":true,"href":"https:\/\/roveyayinevi.com.tr\/index.php\/wp-json\/wp\/v2\/product_brand?post=759111"},{"taxonomy":"product_cat","embeddable":true,"href":"https:\/\/roveyayinevi.com.tr\/index.php\/wp-json\/wp\/v2\/product_cat?post=759111"},{"taxonomy":"product_tag","embeddable":true,"href":"https:\/\/roveyayinevi.com.tr\/index.php\/wp-json\/wp\/v2\/product_tag?post=759111"}],"curies":[{"name":"wp","href":"https:\/\/api.w.org\/{rel}","templated":true}]}}