{"id":759108,"date":"2025-08-28T08:24:59","date_gmt":"2025-08-28T05:24:59","guid":{"rendered":"https:\/\/roveyayinevi.com.tr\/index.php\/urun\/karanlik-ve-tatli-zehir-ciltli\/"},"modified":"2026-04-16T03:11:54","modified_gmt":"2026-04-16T00:11:54","slug":"karanlik-ve-tatli-zehir-ciltli","status":"publish","type":"product","link":"https:\/\/roveyayinevi.com.tr\/index.php\/urun\/karanlik-ve-tatli-zehir-ciltli\/","title":{"rendered":"Karanl\u0131k ve Tatl\u0131 Zehir (Ciltli)"},"content":{"rendered":"<p>Umudunu yitirmeyenler b\u00fcy\u00fck mucizeler yarat\u0131r.   D\u00e0xi imparatorlu\u011funa kadim bir k\u00f6t\u00fcl\u00fck musallat olmu\u015ftur. Halka korku salan toplu zehirlenmelerin yaratt\u0131\u011f\u0131 karga\u015fa ortam\u0131nda S\u00fcrg\u00fcn Prens g\u00fcc\u00fc ele ge\u00e7irip ejderha tahta \u00e7\u0131kmak i\u00e7in geri d\u00f6nm\u00fc\u015ft\u00fcr. Kang saraydan ve entrikalar\u0131ndan ho\u015flanmasa da babas\u0131n\u0131n yan\u0131nda durup \u00f6vg\u00fclerini toplamak tek arzusudur.   \u00c7ay yapma sanat\u0131n\u0131n g\u00fc\u00e7l\u00fc b\u00fcy\u00fcc\u00fclerinden olan Ning ise s\u00fcrg\u00fcne g\u00f6nderilen Prenses Zhen ve sad\u0131k muhaf\u0131z\u0131yla bir yolculu\u011fa at\u0131l\u0131r. Zhen\u2019in taht\u0131n\u0131 geri almas\u0131 i\u00e7in imparatorlu\u011fu boydan boya a\u015facak ve m\u00fcttefikler bulacaklard\u0131r. Bu esnada Alt\u0131n Y\u0131lan h\u00e2l\u00e2 Ning\u2019in k\u00e2buslar\u0131n\u0131 rahat b\u0131rakm\u0131yordur. \u0130nsanlar\u0131n basit sava\u015flar\u0131ndan \u00e7ok daha fazlas\u0131n\u0131n kap\u0131da oldu\u011fu ortaya \u00e7\u0131kt\u0131\u011f\u0131nda Ning kendini kan\u0131tlamak, Kang ise \u015f\u00fcphelerine kulak vermek zorunda kalacakt\u0131r.   Yollar\u0131 s\u00fcrekli kar\u015f\u0131 taraflarda kesi\u015fen bu ikilinin beraber \u00e7al\u0131\u015fmas\u0131 d\u00fcnyan\u0131n y\u0131k\u0131m\u0131n\u0131n \u00f6n\u00fcndeki tek engeldir.   \u201cHeyecan uyand\u0131r\u0131c\u0131\u2026 \u00c7ay Kitab\u0131 ikilemesine m\u00fcthi\u015f tatmin edici bir son\u2026 Okurlar daha fazlas\u0131 i\u00e7in yaygaray\u0131 koparacak.\u201d  \u2013School Library Journal   \u201cLin\u2019in kalemi canl\u0131 betimlemeleriyle okuru do\u011frudan b\u00fcy\u00fcl\u00fc ve tehlikeli bir d\u00fcnyan\u0131n i\u00e7ine \u00e7ekiyor. Karanl\u0131k ve Tatl\u0131 Zehir\u2019de b\u00fcy\u00fc, mitoloji ve halk masalar\u0131 kurguya kusursuzca yedirilmi\u015f.\u201d  \u2013One Book More <\/p>\n","protected":false},"excerpt":{"rendered":"<p>Umudunu yitirmeyenler b\u00fcy\u00fck mucizeler yarat\u0131r. D\u00e0xi imparatorlu\u011funa kadim bir k\u00f6t\u00fcl\u00fck musallat olmu\u015ftur. Halka korku salan toplu zehirlenmelerin yaratt\u0131\u011f\u0131 karga\u015fa ortam\u0131nda S\u00fcrg\u00fcn Prens g\u00fcc\u00fc ele ge\u00e7irip ejderha<span class=\"excerpt-hellip\"> [\u2026]<\/span><\/p>\n","protected":false},"featured_media":0,"template":"","meta":{"_monsterinsights_skip_tracking":false,"_monsterinsights_sitenote_active":false,"_monsterinsights_sitenote_note":"","_monsterinsights_sitenote_category":0},"product_brand":[],"product_cat":[12291,12711],"product_tag":[],"class_list":{"0":"post-759108","1":"product","2":"type-product","3":"status-publish","5":"product_cat-edebiyat","6":"product_cat-roman-oyku","7":"pa_cilt-ciltli","8":"pa_tur-kitap","9":"pa_yayinevi-indigo-kitap","10":"pa_yazar-judy-i-lin","12":"first","13":"instock","14":"sale","15":"shipping-taxable","16":"purchasable","17":"product-type-simple"},"_links":{"self":[{"href":"https:\/\/roveyayinevi.com.tr\/index.php\/wp-json\/wp\/v2\/product\/759108","targetHints":{"allow":["GET"]}}],"collection":[{"href":"https:\/\/roveyayinevi.com.tr\/index.php\/wp-json\/wp\/v2\/product"}],"about":[{"href":"https:\/\/roveyayinevi.com.tr\/index.php\/wp-json\/wp\/v2\/types\/product"}],"wp:attachment":[{"href":"https:\/\/roveyayinevi.com.tr\/index.php\/wp-json\/wp\/v2\/media?parent=759108"}],"wp:term":[{"taxonomy":"product_brand","embeddable":true,"href":"https:\/\/roveyayinevi.com.tr\/index.php\/wp-json\/wp\/v2\/product_brand?post=759108"},{"taxonomy":"product_cat","embeddable":true,"href":"https:\/\/roveyayinevi.com.tr\/index.php\/wp-json\/wp\/v2\/product_cat?post=759108"},{"taxonomy":"product_tag","embeddable":true,"href":"https:\/\/roveyayinevi.com.tr\/index.php\/wp-json\/wp\/v2\/product_tag?post=759108"}],"curies":[{"name":"wp","href":"https:\/\/api.w.org\/{rel}","templated":true}]}}