{"id":759107,"date":"2025-08-28T08:24:57","date_gmt":"2025-08-28T05:24:57","guid":{"rendered":"https:\/\/roveyayinevi.com.tr\/index.php\/urun\/edirne-gunlugu\/"},"modified":"2026-04-16T03:11:54","modified_gmt":"2026-04-16T00:11:54","slug":"edirne-gunlugu","status":"publish","type":"product","link":"https:\/\/roveyayinevi.com.tr\/index.php\/urun\/edirne-gunlugu\/","title":{"rendered":"Edirne G\u00fcnl\u00fc\u011f\u00fc"},"content":{"rendered":"<p>Sohbet toplumuyuz, konu\u015fmay\u0131 seviyoruz. Tabii sohbet ayn\u0131 zamanda \u201cdinleme\u201dyi de sevmek demektir. Konu\u015fman\u0131n\/sohbetin kolayl\u0131\u011f\u0131 vard\u0131r. Her an her yerde sohbet olur. Sohbet terapidir ayn\u0131 zamanda. Sohbet vard\u0131r ufuklar a\u00e7ar, g\u00f6n\u00fcller fetheder, huzur verir.   Yazmaya gelince yazmak zordur. Bir olay\u0131n, bir konunun, bir \u00f6\u011fretinin c\u00fcmlelere d\u00f6k\u00fclmesi emek ister gayret ister, kelime da\u011farc\u0131\u011f\u0131 ister, k\u00fclt\u00fcr ister, mant\u0131k ister, ister de ister&#8230;   Herkesin bir g\u00f6revi\/rol\u00fc vard\u0131r d\u00fcnya sahnesinde. Verilen g\u00f6rev yap\u0131lacakt\u0131r insan fark\u0131nda olsa da olmasa da\u2026 Ben de bir g\u00f6rev ifa ediyorum, yazarak.   Ya\u015fad\u0131\u011f\u0131m zaman dilimlerindeki olaylardan, payla\u015f\u0131l\u0131rsa g\u00fczel olur, ders olur, ibret olur, \u00f6rnek olur diye d\u00fc\u015f\u00fcnd\u00fcklerimi, bilerek -veya gayriihtiyari- g\u00f6r\u00fcn\u00fcr k\u0131lmak i\u00e7in yazd\u0131m. \u0130nsan\u0131n en g\u00fczel hasletlerinden biridir \u201cpayla\u015fmak\u201d, evet payla\u015fmak i\u00e7in yazd\u0131m.   Kronolojik olarak d\u00fczenledi\u011fim bu g\u00fcnl\u00fckler fiili \u00e7al\u0131\u015fma hayat\u0131m\u0131n final safhas\u0131ndan kesitler olu\u015fturuyor. Has\u0131l\u0131 Edirne\u2019ye hi\u00e7 gitmemi\u015f gibi olmad\u0131m, gittim, \u00e7al\u0131\u015ft\u0131m, \u00e7abalad\u0131m, ya\u015fad\u0131m, sevdim. \u0130z b\u0131rakmaya, eser b\u0131rakmaya odakland\u0131m. Dergi \u00e7\u0131kartt\u0131m, Selimiye, Eskicami, \u00dc\u00e7 \u015eerefeli Cami, Uzunk\u00f6pr\u00fc ile konu\u015ftum, kitap yazd\u0131m. Payitaht olan Edirne\u2019deki yedi senelik \u00e7al\u0131\u015fma hayat\u0131m bitsin istemedim. Vakit gelip de \u0130stanbul\u2019a d\u00f6nd\u00fc\u011f\u00fcmde de Edirne\u2019de ya\u015fad\u0131\u011f\u0131m hayat\u0131ma bu eser ile virg\u00fcl koydum. <\/p>\n","protected":false},"excerpt":{"rendered":"<p>Sohbet toplumuyuz, konu\u015fmay\u0131 seviyoruz. Tabii sohbet ayn\u0131 zamanda \u201cdinleme\u201dyi de sevmek demektir. Konu\u015fman\u0131n\/sohbetin kolayl\u0131\u011f\u0131 vard\u0131r. Her an her yerde sohbet olur. Sohbet terapidir ayn\u0131 zamanda. Sohbet<span class=\"excerpt-hellip\"> [\u2026]<\/span><\/p>\n","protected":false},"featured_media":0,"template":"","meta":{"_monsterinsights_skip_tracking":false,"_monsterinsights_sitenote_active":false,"_monsterinsights_sitenote_note":"","_monsterinsights_sitenote_category":0},"product_brand":[],"product_cat":[13701,12291],"product_tag":[],"class_list":{"0":"post-759107","1":"product","2":"type-product","3":"status-publish","5":"product_cat-ani-mektup-gunluk","6":"product_cat-edebiyat","7":"pa_cilt-ciltsiz","8":"pa_tur-kitap","9":"pa_yayinevi-aktif-yayinevi","10":"pa_yazar-isa-kayaalp","12":"first","13":"instock","14":"sale","15":"shipping-taxable","16":"purchasable","17":"product-type-simple"},"_links":{"self":[{"href":"https:\/\/roveyayinevi.com.tr\/index.php\/wp-json\/wp\/v2\/product\/759107","targetHints":{"allow":["GET"]}}],"collection":[{"href":"https:\/\/roveyayinevi.com.tr\/index.php\/wp-json\/wp\/v2\/product"}],"about":[{"href":"https:\/\/roveyayinevi.com.tr\/index.php\/wp-json\/wp\/v2\/types\/product"}],"wp:attachment":[{"href":"https:\/\/roveyayinevi.com.tr\/index.php\/wp-json\/wp\/v2\/media?parent=759107"}],"wp:term":[{"taxonomy":"product_brand","embeddable":true,"href":"https:\/\/roveyayinevi.com.tr\/index.php\/wp-json\/wp\/v2\/product_brand?post=759107"},{"taxonomy":"product_cat","embeddable":true,"href":"https:\/\/roveyayinevi.com.tr\/index.php\/wp-json\/wp\/v2\/product_cat?post=759107"},{"taxonomy":"product_tag","embeddable":true,"href":"https:\/\/roveyayinevi.com.tr\/index.php\/wp-json\/wp\/v2\/product_tag?post=759107"}],"curies":[{"name":"wp","href":"https:\/\/api.w.org\/{rel}","templated":true}]}}