{"id":759105,"date":"2025-08-28T08:24:52","date_gmt":"2025-08-28T05:24:52","guid":{"rendered":"https:\/\/roveyayinevi.com.tr\/index.php\/urun\/la-tia-tula-ispanyolca\/"},"modified":"2026-04-16T03:11:54","modified_gmt":"2026-04-16T00:11:54","slug":"la-tia-tula-ispanyolca","status":"publish","type":"product","link":"https:\/\/roveyayinevi.com.tr\/index.php\/urun\/la-tia-tula-ispanyolca\/","title":{"rendered":"La Tia Tula (\u0130spanyolca)"},"content":{"rendered":"<p>\u201cEra a Rosa y no a su hermana Gertrudis, que siempre sal\u00eda de casa con ella, a quien ce\u00f1\u00edan aquellas ansiosas miradas que les enderezaba Ramiro. O por lo menos, as\u00ed lo cre\u00edan ambos, Ramiro y Rosa, al atraerse el uno al otro. Formaban las dos hermanas, siempre juntas, aunque no por eso unidas siempre, una pareja al parecer indisoluble, y como un solo valor.\u201d La senmorta laboro de Miguel de Unamuno, La T\u00eda Tula, en sia originala lingvo&#8230; <\/p>\n","protected":false},"excerpt":{"rendered":"<p>\u201cEra a Rosa y no a su hermana Gertrudis, que siempre sal\u00eda de casa con ella, a quien ce\u00f1\u00edan aquellas ansiosas miradas que les enderezaba Ramiro.<span class=\"excerpt-hellip\"> [\u2026]<\/span><\/p>\n","protected":false},"featured_media":0,"template":"","meta":{"_monsterinsights_skip_tracking":false,"_monsterinsights_sitenote_active":false,"_monsterinsights_sitenote_note":"","_monsterinsights_sitenote_category":0},"product_brand":[],"product_cat":[12291,12711],"product_tag":[],"class_list":{"0":"post-759105","1":"product","2":"type-product","3":"status-publish","5":"product_cat-edebiyat","6":"product_cat-roman-oyku","7":"pa_cilt-ciltsiz","8":"pa_tur-kitap","9":"pa_yayinevi-sapiens-yayinlari","10":"pa_yazar-miguel-de-unamuno","12":"first","13":"instock","14":"sale","15":"shipping-taxable","16":"purchasable","17":"product-type-simple"},"_links":{"self":[{"href":"https:\/\/roveyayinevi.com.tr\/index.php\/wp-json\/wp\/v2\/product\/759105","targetHints":{"allow":["GET"]}}],"collection":[{"href":"https:\/\/roveyayinevi.com.tr\/index.php\/wp-json\/wp\/v2\/product"}],"about":[{"href":"https:\/\/roveyayinevi.com.tr\/index.php\/wp-json\/wp\/v2\/types\/product"}],"wp:attachment":[{"href":"https:\/\/roveyayinevi.com.tr\/index.php\/wp-json\/wp\/v2\/media?parent=759105"}],"wp:term":[{"taxonomy":"product_brand","embeddable":true,"href":"https:\/\/roveyayinevi.com.tr\/index.php\/wp-json\/wp\/v2\/product_brand?post=759105"},{"taxonomy":"product_cat","embeddable":true,"href":"https:\/\/roveyayinevi.com.tr\/index.php\/wp-json\/wp\/v2\/product_cat?post=759105"},{"taxonomy":"product_tag","embeddable":true,"href":"https:\/\/roveyayinevi.com.tr\/index.php\/wp-json\/wp\/v2\/product_tag?post=759105"}],"curies":[{"name":"wp","href":"https:\/\/api.w.org\/{rel}","templated":true}]}}