{"id":759098,"date":"2025-08-28T08:24:39","date_gmt":"2025-08-28T05:24:39","guid":{"rendered":"https:\/\/roveyayinevi.com.tr\/index.php\/urun\/cocuklar-ve-yetiskinler-icin-yoga-oyunlari\/"},"modified":"2026-04-16T03:11:53","modified_gmt":"2026-04-16T00:11:53","slug":"cocuklar-ve-yetiskinler-icin-yoga-oyunlari","status":"publish","type":"product","link":"https:\/\/roveyayinevi.com.tr\/index.php\/urun\/cocuklar-ve-yetiskinler-icin-yoga-oyunlari\/","title":{"rendered":"\u00c7ocuklar ve Yeti\u015fkinler \u0130\u00e7in Yoga Oyunlar\u0131"},"content":{"rendered":"<p>Yoga \u0130htiyac\u0131m\u0131z Olan\u0131 Bize Verir   Bu kitapta hareketi, nefesi, sesi, be\u015f duyuyu kapsayan, her ya\u015ftan \u00e7ocuklar ve yeti\u015fkinler i\u00e7in \u00f6zel olarak oyunla\u015ft\u0131r\u0131lm\u0131\u015f zevkli, basit yoga al\u0131\u015ft\u0131rmalar\u0131 bulacaks\u0131n\u0131z. Yoga sadece pop\u00fcler haliyle hareketlerden olu\u015fmaz. Yoga bilgisi yarat\u0131c\u0131l\u0131\u011f\u0131m\u0131z\u0131 harekete ge\u00e7iren m\u00fcthi\u015f bir a\u00e7\u0131k b\u00fcfe gibidir. Mant\u0131\u011f\u0131n\u0131 kavrad\u0131\u011f\u0131n\u0131zda hayat\u0131n her alan\u0131nda kullanabilirsiniz. Yemek yeme al\u0131\u015fkanl\u0131klar\u0131m\u0131zdan hareket etmeye, do\u011fru nefes almaktan \u00e7ocuklarla kurdu\u011fumuz ileti\u015fime ve \u00e7ocuklar\u0131n geli\u015fimlerine katk\u0131da bulunacak pek \u00e7ok al\u0131\u015ft\u0131rmaya kadar yoga, ihtiyac\u0131m\u0131z olan\u0131 bize verir.   Sevgili \u00e7ocuklar, bu oyunlar\u0131 hem arkada\u015flar\u0131n\u0131zla hem de ailenizdeki b\u00fcy\u00fcklerinizle oynayabilirsiniz\u2026   De\u011ferli yeti\u015fkinler, elinizdeki kitab\u0131 \u00e7ocuklarla birlikte bir rehber olarak kolayl\u0131kla kullanabilir, yogan\u0131n fiziksel ve zihinsel geli\u015fimi destekleyen e\u011flenceli d\u00fcnyas\u0131nda g\u00fcvenli bir \u015fekilde zaman ge\u00e7irebilirsiniz. Bir ak\u0131ll\u0131 telefonu d\u00fc\u015f\u00fcnmeden defalarca elimize al\u0131p belki saatler harc\u0131yoruz. Bu kitab\u0131 ise fark\u0131ndal\u0131kla elinize al\u0131n, kar\u0131\u015ft\u0131r\u0131n, \u00e7ocu\u011funuzun elinin alt\u0131nda olmas\u0131n\u0131 sa\u011flay\u0131n ve olumlu y\u00f6nde de\u011fi\u015fimi g\u00f6zlemleyin\u2026 <\/p>\n","protected":false},"excerpt":{"rendered":"<p>Yoga \u0130htiyac\u0131m\u0131z Olan\u0131 Bize Verir Bu kitapta hareketi, nefesi, sesi, be\u015f duyuyu kapsayan, her ya\u015ftan \u00e7ocuklar ve yeti\u015fkinler i\u00e7in \u00f6zel olarak oyunla\u015ft\u0131r\u0131lm\u0131\u015f zevkli, basit yoga al\u0131\u015ft\u0131rmalar\u0131<span class=\"excerpt-hellip\"> [\u2026]<\/span><\/p>\n","protected":false},"featured_media":0,"template":"","meta":{"_monsterinsights_skip_tracking":false,"_monsterinsights_sitenote_active":false,"_monsterinsights_sitenote_note":"","_monsterinsights_sitenote_category":0},"product_brand":[],"product_cat":[12274,17859],"product_tag":[],"class_list":{"0":"post-759098","1":"product","2":"type-product","3":"status-publish","5":"product_cat-cocuk-ve-genclik-kitaplari","6":"product_cat-oyun-kitaplari","7":"pa_cilt-ciltsiz","8":"pa_tur-kitap","9":"pa_yayinevi-destek-yayinlari","10":"pa_yazar-nilufer-eyiisleyen","12":"first","13":"instock","14":"sale","15":"shipping-taxable","16":"purchasable","17":"product-type-simple"},"_links":{"self":[{"href":"https:\/\/roveyayinevi.com.tr\/index.php\/wp-json\/wp\/v2\/product\/759098","targetHints":{"allow":["GET"]}}],"collection":[{"href":"https:\/\/roveyayinevi.com.tr\/index.php\/wp-json\/wp\/v2\/product"}],"about":[{"href":"https:\/\/roveyayinevi.com.tr\/index.php\/wp-json\/wp\/v2\/types\/product"}],"wp:attachment":[{"href":"https:\/\/roveyayinevi.com.tr\/index.php\/wp-json\/wp\/v2\/media?parent=759098"}],"wp:term":[{"taxonomy":"product_brand","embeddable":true,"href":"https:\/\/roveyayinevi.com.tr\/index.php\/wp-json\/wp\/v2\/product_brand?post=759098"},{"taxonomy":"product_cat","embeddable":true,"href":"https:\/\/roveyayinevi.com.tr\/index.php\/wp-json\/wp\/v2\/product_cat?post=759098"},{"taxonomy":"product_tag","embeddable":true,"href":"https:\/\/roveyayinevi.com.tr\/index.php\/wp-json\/wp\/v2\/product_tag?post=759098"}],"curies":[{"name":"wp","href":"https:\/\/api.w.org\/{rel}","templated":true}]}}