{"id":759097,"date":"2025-08-28T08:24:38","date_gmt":"2025-08-28T05:24:38","guid":{"rendered":"https:\/\/roveyayinevi.com.tr\/index.php\/urun\/mutsuzlugun-savunmasi\/"},"modified":"2026-04-13T03:19:34","modified_gmt":"2026-04-13T00:19:34","slug":"mutsuzlugun-savunmasi","status":"publish","type":"product","link":"https:\/\/roveyayinevi.com.tr\/index.php\/urun\/mutsuzlugun-savunmasi\/","title":{"rendered":"Mutsuzlu\u011fun Savunmas\u0131"},"content":{"rendered":"<p>Mutsuzluk ka\u00e7\u0131n\u0131lmazd\u0131r ama hayat her zaman bundan daha fazlas\u0131d\u0131r.   G\u00fcnl\u00fck mutluluk \u00fczerine \u015fimdiye dek yap\u0131lm\u0131\u015f en uzun bilimsel \u00e7al\u0131\u015fma. Mutlulu\u011fu \u00f6l\u00e7mek imk\u00e2ns\u0131zd\u0131r&#8230;   Bu c\u00fcmle size tan\u0131d\u0131k gelebilir ancak Kopenhag\u2019daki Mutluluk Ara\u015ft\u0131rma Enstit\u00fcs\u00fc\u2019nde yakla\u015f\u0131k 20 y\u0131ld\u0131r yap\u0131lan bilimsel bir \u00e7al\u0131\u015fma mutlulu\u011fa dair inan\u00e7lar\u0131n\u0131z\u0131 alt\u00fcst edecek.   Veri analisti Alejandro Cencerrado, 18 ya\u015f\u0131ndan itibaren kendi mutlulu\u011funu \u00f6l\u00e7meye ba\u015flad\u0131 ve 0\u2019dan 10\u2019a kadar puanlay\u0131p kaydederek geli\u015fmi\u015f istatistiksel cihazlarla analiz etti. Cencerrado, bu zaman diliminde finansal krizlere girip \u00e7\u0131kt\u0131, \u00fc\u00e7 farkl\u0131 \u00fclkede ya\u015fad\u0131, Nokia\u2019dan ak\u0131ll\u0131 telefona ge\u00e7ti, Corona vir\u00fcs salg\u0131n\u0131na \u015fahitlik etti, evlendi ve hamilelik testinde pozitifi g\u00f6rd\u00fc&#8230; Peki t\u00fcm bunlar olurken mutlulu\u011fu nas\u0131l bir seyirde ilerledi?   Mutsuzlu\u011fun Savunmas\u0131, psikoloji, sosyoloji, antropoloji gibi \u00e7ok y\u00f6nl\u00fc disiplinlerin i\u00e7 i\u00e7e ge\u00e7ti\u011fi, bilimsel analizlerle insanl\u0131\u011f\u0131n en derin \u00f6zlemine yeni bir bak\u0131\u015f a\u00e7\u0131s\u0131 kazand\u0131ran \u015fa\u015f\u0131rt\u0131c\u0131 bir kitap. Ama\u00e7 size bir mutluluk re\u00e7etesi sunmak da de\u011fil, aksine ele avuca gelmeyen o duygunun asl\u0131nda nerelerde gizlendi\u011fini g\u00f6stermek. <\/p>\n","protected":false},"excerpt":{"rendered":"<p>Mutsuzluk ka\u00e7\u0131n\u0131lmazd\u0131r ama hayat her zaman bundan daha fazlas\u0131d\u0131r. G\u00fcnl\u00fck mutluluk \u00fczerine \u015fimdiye dek yap\u0131lm\u0131\u015f en uzun bilimsel \u00e7al\u0131\u015fma. Mutlulu\u011fu \u00f6l\u00e7mek imk\u00e2ns\u0131zd\u0131r&#8230; Bu c\u00fcmle size tan\u0131d\u0131k<span class=\"excerpt-hellip\"> [\u2026]<\/span><\/p>\n","protected":false},"featured_media":0,"template":"","meta":{"_monsterinsights_skip_tracking":false,"_monsterinsights_sitenote_active":false,"_monsterinsights_sitenote_note":"","_monsterinsights_sitenote_category":0},"product_brand":[],"product_cat":[12364,12376],"product_tag":[],"class_list":{"0":"post-759097","1":"product","2":"type-product","3":"status-publish","5":"product_cat-genel-konular","6":"product_cat-kisisel-gelisim","7":"pa_cilt-ciltsiz","8":"pa_tur-kitap","9":"pa_yayinevi-beyaz-baykus-yayinlari","10":"pa_yazar-alejandro-cencerrado","12":"first","13":"instock","14":"sale","15":"shipping-taxable","16":"purchasable","17":"product-type-simple"},"_links":{"self":[{"href":"https:\/\/roveyayinevi.com.tr\/index.php\/wp-json\/wp\/v2\/product\/759097","targetHints":{"allow":["GET"]}}],"collection":[{"href":"https:\/\/roveyayinevi.com.tr\/index.php\/wp-json\/wp\/v2\/product"}],"about":[{"href":"https:\/\/roveyayinevi.com.tr\/index.php\/wp-json\/wp\/v2\/types\/product"}],"wp:attachment":[{"href":"https:\/\/roveyayinevi.com.tr\/index.php\/wp-json\/wp\/v2\/media?parent=759097"}],"wp:term":[{"taxonomy":"product_brand","embeddable":true,"href":"https:\/\/roveyayinevi.com.tr\/index.php\/wp-json\/wp\/v2\/product_brand?post=759097"},{"taxonomy":"product_cat","embeddable":true,"href":"https:\/\/roveyayinevi.com.tr\/index.php\/wp-json\/wp\/v2\/product_cat?post=759097"},{"taxonomy":"product_tag","embeddable":true,"href":"https:\/\/roveyayinevi.com.tr\/index.php\/wp-json\/wp\/v2\/product_tag?post=759097"}],"curies":[{"name":"wp","href":"https:\/\/api.w.org\/{rel}","templated":true}]}}