{"id":759096,"date":"2025-08-28T08:24:36","date_gmt":"2025-08-28T05:24:36","guid":{"rendered":"https:\/\/roveyayinevi.com.tr\/index.php\/urun\/air-cilt-2\/"},"modified":"2026-04-16T03:11:53","modified_gmt":"2026-04-16T00:11:53","slug":"air-cilt-2","status":"publish","type":"product","link":"https:\/\/roveyayinevi.com.tr\/index.php\/urun\/air-cilt-2\/","title":{"rendered":"Air Cilt 2"},"content":{"rendered":"<p>Hostes Blythe\u2019\u0131n en b\u00fcy\u00fck korkusu, y\u00fckseklikti\u2026 &#8230;Ta ki gizem, tehlike ve b\u00fcy\u00fcl\u00fc bilimin tuhaf b\u00f6lgesine \u00e7ak\u0131lana kadar. Art\u0131k Blythe\u2019\u0131n endi\u015fe etmesi gereken b\u00fcy\u00fck \u015feyler var\u2026 Ger\u00e7ekli\u011fin dokusu gibi. Ama yaln\u0131z de\u011fil: Gizemli a\u015fk\u0131n\u0131n pe\u015fine d\u00fc\u015ft\u00fc\u011f\u00fc umutsuz aray\u0131\u015f\u0131nda Blythe, bizzat Amelia Earhart\u2019\u0131 buldu! Amelia, kaybolduktan sonra nas\u0131l hayatta kalm\u0131\u015ft\u0131? Yak\u0131t olarak r\u00fcyalar\u0131 kullanarak, bilinen ve bilinmeyen d\u00fcnyalar aras\u0131nda seyahat etmesini sa\u011flayan y\u00fczlerce y\u0131ll\u0131k s\u0131r neydi? Ve ger\u00e7ek plan\u0131 ne? Blythe, bunlar\u0131n hepsine cevap olabilir. \u0130nsan\u0131 i\u00e7ine \u00e7eken bu Eisner aday\u0131 seri, ikinci cildiyle devam ediyor. <\/p>\n","protected":false},"excerpt":{"rendered":"<p>Hostes Blythe\u2019\u0131n en b\u00fcy\u00fck korkusu, y\u00fckseklikti\u2026 &#8230;Ta ki gizem, tehlike ve b\u00fcy\u00fcl\u00fc bilimin tuhaf b\u00f6lgesine \u00e7ak\u0131lana kadar. Art\u0131k Blythe\u2019\u0131n endi\u015fe etmesi gereken b\u00fcy\u00fck \u015feyler var\u2026 Ger\u00e7ekli\u011fin<span class=\"excerpt-hellip\"> [\u2026]<\/span><\/p>\n","protected":false},"featured_media":0,"template":"","meta":{"_monsterinsights_skip_tracking":false,"_monsterinsights_sitenote_active":false,"_monsterinsights_sitenote_note":"","_monsterinsights_sitenote_category":0},"product_brand":[],"product_cat":[12416,12291],"product_tag":[],"class_list":{"0":"post-759096","1":"product","2":"type-product","3":"status-publish","5":"product_cat-cizgi-roman","6":"product_cat-edebiyat","7":"pa_cilt-ciltsiz","8":"pa_tur-kitap","9":"pa_yayinevi-kara-karga-yayinlari","10":"pa_yazar-g-willow-wilson","12":"first","13":"instock","14":"sale","15":"shipping-taxable","16":"purchasable","17":"product-type-simple"},"_links":{"self":[{"href":"https:\/\/roveyayinevi.com.tr\/index.php\/wp-json\/wp\/v2\/product\/759096","targetHints":{"allow":["GET"]}}],"collection":[{"href":"https:\/\/roveyayinevi.com.tr\/index.php\/wp-json\/wp\/v2\/product"}],"about":[{"href":"https:\/\/roveyayinevi.com.tr\/index.php\/wp-json\/wp\/v2\/types\/product"}],"wp:attachment":[{"href":"https:\/\/roveyayinevi.com.tr\/index.php\/wp-json\/wp\/v2\/media?parent=759096"}],"wp:term":[{"taxonomy":"product_brand","embeddable":true,"href":"https:\/\/roveyayinevi.com.tr\/index.php\/wp-json\/wp\/v2\/product_brand?post=759096"},{"taxonomy":"product_cat","embeddable":true,"href":"https:\/\/roveyayinevi.com.tr\/index.php\/wp-json\/wp\/v2\/product_cat?post=759096"},{"taxonomy":"product_tag","embeddable":true,"href":"https:\/\/roveyayinevi.com.tr\/index.php\/wp-json\/wp\/v2\/product_tag?post=759096"}],"curies":[{"name":"wp","href":"https:\/\/api.w.org\/{rel}","templated":true}]}}