{"id":759092,"date":"2025-08-28T08:24:29","date_gmt":"2025-08-28T05:24:29","guid":{"rendered":"https:\/\/roveyayinevi.com.tr\/index.php\/urun\/romantik-hareket-engellenemez\/"},"modified":"2026-04-16T03:11:53","modified_gmt":"2026-04-16T00:11:53","slug":"romantik-hareket-engellenemez","status":"publish","type":"product","link":"https:\/\/roveyayinevi.com.tr\/index.php\/urun\/romantik-hareket-engellenemez\/","title":{"rendered":"Romantik Hareket Engellenemez"},"content":{"rendered":"<p>Romantik hareket ni\u00e7in engellenemez? D\u00fcnyan\u0131n en b\u00fcy\u00fck eylemidir de ondan!   B\u00fct\u00fcn d\u00fcnya b\u00fcy\u00fck sava\u015flar i\u00e7inde k\u0131r\u0131lsa, insanlar a\u00e7l\u0131k, sefalet ve yokluk i\u00e7inde kalsa da her zaman bir kad\u0131n ve bir erkek bir araya geldi\u011finde romantik hareket ba\u015flar. A\u015fk e\u011fer dengeye oturduysan sana ko\u015fulsuz sevgiyi \u00f6\u011fretmi\u015ftir. Ko\u015fulsuz, s\u0131n\u0131rs\u0131z sevgi, kendine giden yolu en kuvvetli ayd\u0131nlatand\u0131r. T\u00fcm hatalar\u0131nla, t\u00fcm kusurlar\u0131nla ne kadar g\u00fczel oldu\u011funu fark edersin ve kendini ko\u015fulsuz sevmeye ba\u015flars\u0131n. Kendiyle bar\u0131\u015fan hayatla bar\u0131\u015f\u0131r, ayn\u0131 ko\u015fulsuz sevgiyi \u00e7evresine duymaya ba\u015flar. Ve ger\u00e7e\u011fe ula\u015f\u0131r. Mecnun Leyla\u2019s\u0131n\u0131 ararken Mevla\u2019s\u0131n\u0131 bulur. <\/p>\n","protected":false},"excerpt":{"rendered":"<p>Romantik hareket ni\u00e7in engellenemez? D\u00fcnyan\u0131n en b\u00fcy\u00fck eylemidir de ondan! B\u00fct\u00fcn d\u00fcnya b\u00fcy\u00fck sava\u015flar i\u00e7inde k\u0131r\u0131lsa, insanlar a\u00e7l\u0131k, sefalet ve yokluk i\u00e7inde kalsa da her zaman<span class=\"excerpt-hellip\"> [\u2026]<\/span><\/p>\n","protected":false},"featured_media":0,"template":"","meta":{"_monsterinsights_skip_tracking":false,"_monsterinsights_sitenote_active":false,"_monsterinsights_sitenote_note":"","_monsterinsights_sitenote_category":0},"product_brand":[],"product_cat":[18545,12291],"product_tag":[],"class_list":{"0":"post-759092","1":"product","2":"type-product","3":"status-publish","5":"product_cat-anlati","6":"product_cat-edebiyat","7":"pa_cilt-ciltsiz","8":"pa_tur-kitap","9":"pa_yayinevi-destek-yayinlari","10":"pa_yazar-sahika","12":"first","13":"instock","14":"sale","15":"shipping-taxable","16":"purchasable","17":"product-type-simple"},"_links":{"self":[{"href":"https:\/\/roveyayinevi.com.tr\/index.php\/wp-json\/wp\/v2\/product\/759092","targetHints":{"allow":["GET"]}}],"collection":[{"href":"https:\/\/roveyayinevi.com.tr\/index.php\/wp-json\/wp\/v2\/product"}],"about":[{"href":"https:\/\/roveyayinevi.com.tr\/index.php\/wp-json\/wp\/v2\/types\/product"}],"wp:attachment":[{"href":"https:\/\/roveyayinevi.com.tr\/index.php\/wp-json\/wp\/v2\/media?parent=759092"}],"wp:term":[{"taxonomy":"product_brand","embeddable":true,"href":"https:\/\/roveyayinevi.com.tr\/index.php\/wp-json\/wp\/v2\/product_brand?post=759092"},{"taxonomy":"product_cat","embeddable":true,"href":"https:\/\/roveyayinevi.com.tr\/index.php\/wp-json\/wp\/v2\/product_cat?post=759092"},{"taxonomy":"product_tag","embeddable":true,"href":"https:\/\/roveyayinevi.com.tr\/index.php\/wp-json\/wp\/v2\/product_tag?post=759092"}],"curies":[{"name":"wp","href":"https:\/\/api.w.org\/{rel}","templated":true}]}}