{"id":759091,"date":"2025-08-28T08:24:27","date_gmt":"2025-08-28T05:24:27","guid":{"rendered":"https:\/\/roveyayinevi.com.tr\/index.php\/urun\/kehanet-2-2\/"},"modified":"2026-04-16T03:11:53","modified_gmt":"2026-04-16T00:11:53","slug":"kehanet-2-2","status":"publish","type":"product","link":"https:\/\/roveyayinevi.com.tr\/index.php\/urun\/kehanet-2-2\/","title":{"rendered":"Kehanet 2"},"content":{"rendered":"<p>Haberler internete d\u00fc\u015fer. Kurban\u0131n bu kez bir canl\u0131 yay\u0131nda d\u00f6v\u00fclm\u00fc\u015f halde g\u00f6r\u00fcnmesi kaos yarat\u0131r. Bu s\u0131rada su\u00e7lunun etraf\u0131ndaki \u00e7ember daralmaktad\u0131r.   Te\u011fmen Yoshino\u2019nun ekibi, gazete maskesinin ard\u0131na bir\u00e7ok ki\u015finin s\u0131\u011f\u0131nd\u0131\u011f\u0131n\u0131 ke\u015ffeder! \u00dcstelik aralar\u0131ndan biri gitti\u011fi internet kafenin g\u00fcvenlik kameras\u0131na yakalanm\u0131\u015ft\u0131r. Soru\u015fturmaya esrarengiz bir isim dahil olur: Nelsin Kato Ricarte.   Tetsuya Tsutsui, en sevdi\u011fi u\u0308\u00e7 temay\u0131 birle\u015ftirdi\u011fi muhte\u015fem bir seriyle d\u00f6n\u00fcyor: sosyal adaletsizlik, intikam ve yeni teknolojiler&#8230; <\/p>\n","protected":false},"excerpt":{"rendered":"<p>Haberler internete d\u00fc\u015fer. Kurban\u0131n bu kez bir canl\u0131 yay\u0131nda d\u00f6v\u00fclm\u00fc\u015f halde g\u00f6r\u00fcnmesi kaos yarat\u0131r. Bu s\u0131rada su\u00e7lunun etraf\u0131ndaki \u00e7ember daralmaktad\u0131r. Te\u011fmen Yoshino\u2019nun ekibi, gazete maskesinin ard\u0131na<span class=\"excerpt-hellip\"> [\u2026]<\/span><\/p>\n","protected":false},"featured_media":0,"template":"","meta":{"_monsterinsights_skip_tracking":false,"_monsterinsights_sitenote_active":false,"_monsterinsights_sitenote_note":"","_monsterinsights_sitenote_category":0},"product_brand":[],"product_cat":[12416,12291],"product_tag":[],"class_list":{"0":"post-759091","1":"product","2":"type-product","3":"status-publish","5":"product_cat-cizgi-roman","6":"product_cat-edebiyat","7":"pa_cilt-ciltsiz","8":"pa_tur-kitap","9":"pa_yayinevi-athica-yayinlari","10":"pa_yazar-tetsuya-tsutsu","12":"first","13":"instock","14":"sale","15":"shipping-taxable","16":"purchasable","17":"product-type-simple"},"_links":{"self":[{"href":"https:\/\/roveyayinevi.com.tr\/index.php\/wp-json\/wp\/v2\/product\/759091","targetHints":{"allow":["GET"]}}],"collection":[{"href":"https:\/\/roveyayinevi.com.tr\/index.php\/wp-json\/wp\/v2\/product"}],"about":[{"href":"https:\/\/roveyayinevi.com.tr\/index.php\/wp-json\/wp\/v2\/types\/product"}],"wp:attachment":[{"href":"https:\/\/roveyayinevi.com.tr\/index.php\/wp-json\/wp\/v2\/media?parent=759091"}],"wp:term":[{"taxonomy":"product_brand","embeddable":true,"href":"https:\/\/roveyayinevi.com.tr\/index.php\/wp-json\/wp\/v2\/product_brand?post=759091"},{"taxonomy":"product_cat","embeddable":true,"href":"https:\/\/roveyayinevi.com.tr\/index.php\/wp-json\/wp\/v2\/product_cat?post=759091"},{"taxonomy":"product_tag","embeddable":true,"href":"https:\/\/roveyayinevi.com.tr\/index.php\/wp-json\/wp\/v2\/product_tag?post=759091"}],"curies":[{"name":"wp","href":"https:\/\/api.w.org\/{rel}","templated":true}]}}