{"id":759089,"date":"2025-08-28T08:24:24","date_gmt":"2025-08-28T05:24:24","guid":{"rendered":"https:\/\/roveyayinevi.com.tr\/index.php\/urun\/herkes-icin-surdurulebilir-yasam-rehberi\/"},"modified":"2026-04-16T03:11:53","modified_gmt":"2026-04-16T00:11:53","slug":"herkes-icin-surdurulebilir-yasam-rehberi","status":"publish","type":"product","link":"https:\/\/roveyayinevi.com.tr\/index.php\/urun\/herkes-icin-surdurulebilir-yasam-rehberi\/","title":{"rendered":"Herkes \u0130\u00e7in S\u00fcrd\u00fcr\u00fclebilir Ya\u015fam Rehberi"},"content":{"rendered":"<p>\u201cDu\u0308nya u\u0308zerinde bir etki yaratmadan tek bir gu\u0308n bile ge\u00e7iremezsiniz. Yapt\u0131\u011f\u0131n\u0131z \u015fey bir fark yarat\u0131r ve ne tu\u0308r bir fark yaratmak istedi\u011finize karar vermelisiniz.&#8221; &#8211; Jane Goodall \u201cE\u011fer insani refah\u0131m\u0131z konusunda ciddiysek -yerel topluluklardan ku\u0308resel du\u0308nya ekonomisine kadar- art\u0131k tu\u0308m du\u0308nyam\u0131z\u0131 gezegene yeniden ba\u011flamam\u0131z gerekir.\u201d &#8211; Johan Rockstrom \u201cGezegenimize y\u00f6nelik en bu\u0308yu\u0308k tehdit, onu bir ba\u015fkas\u0131n\u0131n kurtaraca\u011f\u0131 inanc\u0131d\u0131r.&#8221; &#8211; Robert Swan \u201cDe\u011fi\u015fime kat\u0131lmak i\u00e7in bu\u0308yu\u0308k, kahramanca eylemlerde bulunmam\u0131z gerekmiyor. Ku\u0308\u00e7u\u0308k eylemler milyonlarca insan taraf\u0131ndan \u00e7o\u011falt\u0131ld\u0131\u011f\u0131nda, du\u0308nyay\u0131 d\u00f6nu\u0308\u015ftu\u0308rebilir.&#8221; &#8211; Howard Zinn &#8220;Su\u0308rdu\u0308ru\u0308lebilir bir insan toplulu\u011fu, ya\u015fam bi\u00e7imleri, teknolojileri ve sosyal kurumlar\u0131 do\u011fan\u0131n ya\u015fam\u0131 su\u0308rdu\u0308rme yetene\u011fini onurland\u0131racak, destekleyecek ve onunla i\u015fbirli\u011fi yapacak \u015fekilde tasarlan\u0131r.\u201d Fritjof Capra Su\u0308rdu\u0308ru\u0308lebilir Ya\u015fam Tarz\u0131 Ne Anlama Gelir? Ya\u015fam tarzlar\u0131m\u0131z\u0131 ve tu\u0308ketim al\u0131\u015fkanl\u0131klar\u0131m\u0131z\u0131 su\u0308rdu\u0308ru\u0308lebilir k\u0131lmak yani \u00e7evresel ayak izimizi azaltarak do\u011fayla uyumlu tu\u0308ketim davran\u0131\u015flar\u0131n\u0131 benimsemek, asla minimalizm yani tu\u0308ketimi en aza indirmek anlam\u0131na gelmez. Nas\u0131l ki sa\u011fl\u0131kl\u0131 beslenmek az yemek yemek anlam\u0131na gelmiyor, aksine sa\u011fl\u0131m\u0131z i\u00e7in gerekli g\u0131dalar\u0131 gerekti\u011fi kadar tu\u0308ketmek anlam\u0131na geliyorsa, su\u0308rdu\u0308ru\u0308lebilir tu\u0308ketim de tu\u0308ketimi k\u0131smak de\u011fil, tu\u0308kettiklerimizin bilincinde olarak, do\u011fan\u0131n kendini yenileme kapasitesine zarar vermeyecek bir tu\u0308ketim kal\u0131b\u0131n\u0131 benimsemektir. <\/p>\n","protected":false},"excerpt":{"rendered":"<p>\u201cDu\u0308nya u\u0308zerinde bir etki yaratmadan tek bir gu\u0308n bile ge\u00e7iremezsiniz. Yapt\u0131\u011f\u0131n\u0131z \u015fey bir fark yarat\u0131r ve ne tu\u0308r bir fark yaratmak istedi\u011finize karar vermelisiniz.&#8221; &#8211; Jane<span class=\"excerpt-hellip\"> [\u2026]<\/span><\/p>\n","protected":false},"featured_media":0,"template":"","meta":{"_monsterinsights_skip_tracking":false,"_monsterinsights_sitenote_active":false,"_monsterinsights_sitenote_note":"","_monsterinsights_sitenote_category":0},"product_brand":[],"product_cat":[12364],"product_tag":[],"class_list":{"0":"post-759089","1":"product","2":"type-product","3":"status-publish","5":"product_cat-genel-konular","6":"pa_cilt-ciltsiz","7":"pa_tur-kitap","8":"pa_yayinevi-efil-yayinevi","9":"pa_yazar-kolektif","11":"first","12":"instock","13":"sale","14":"shipping-taxable","15":"purchasable","16":"product-type-simple"},"_links":{"self":[{"href":"https:\/\/roveyayinevi.com.tr\/index.php\/wp-json\/wp\/v2\/product\/759089","targetHints":{"allow":["GET"]}}],"collection":[{"href":"https:\/\/roveyayinevi.com.tr\/index.php\/wp-json\/wp\/v2\/product"}],"about":[{"href":"https:\/\/roveyayinevi.com.tr\/index.php\/wp-json\/wp\/v2\/types\/product"}],"wp:attachment":[{"href":"https:\/\/roveyayinevi.com.tr\/index.php\/wp-json\/wp\/v2\/media?parent=759089"}],"wp:term":[{"taxonomy":"product_brand","embeddable":true,"href":"https:\/\/roveyayinevi.com.tr\/index.php\/wp-json\/wp\/v2\/product_brand?post=759089"},{"taxonomy":"product_cat","embeddable":true,"href":"https:\/\/roveyayinevi.com.tr\/index.php\/wp-json\/wp\/v2\/product_cat?post=759089"},{"taxonomy":"product_tag","embeddable":true,"href":"https:\/\/roveyayinevi.com.tr\/index.php\/wp-json\/wp\/v2\/product_tag?post=759089"}],"curies":[{"name":"wp","href":"https:\/\/api.w.org\/{rel}","templated":true}]}}