{"id":759086,"date":"2025-08-28T08:24:17","date_gmt":"2025-08-28T05:24:17","guid":{"rendered":"https:\/\/roveyayinevi.com.tr\/index.php\/urun\/gosta-berling-efsanesi\/"},"modified":"2026-04-16T03:11:53","modified_gmt":"2026-04-16T00:11:53","slug":"gosta-berling-efsanesi","status":"publish","type":"product","link":"https:\/\/roveyayinevi.com.tr\/index.php\/urun\/gosta-berling-efsanesi\/","title":{"rendered":"G\u00f6sta Berling Efsanesi"},"content":{"rendered":"<p>\u201cBu b\u00fcy\u00fck hik\u00e2ye anlat\u0131c\u0131s\u0131n\u0131n her kitab\u0131 bize sanat\u0131n\u0131n \u015fa\u015f\u0131rt\u0131c\u0131 \u00f6rneklerini sunmaya devam ediyor&#8230; Avrupa\u2019da hi\u00e7 kimse bu kadar unutulmaz masallar anlatamaz.\u201d \u2014Hermann Hesse G\u00f6sta Berling, i\u00e7kiye d\u00fc\u015fk\u00fcnl\u00fc\u011f\u00fc ve meslekta\u015flar\u0131ndan ayr\u0131lan davran\u0131\u015flar\u0131yla gen\u00e7 ya\u015f\u0131nda g\u00f6revden al\u0131nm\u0131\u015f etkileyici bir papazd\u0131r. Bildi\u011fi d\u00fczenden uzakla\u015fmak onu bo\u015flu\u011fa d\u00fc\u015f\u00fcrm\u00fc\u015ft\u00fcr. Ya\u015fam\u0131n anlam\u0131n\u0131 kaybetti\u011fi, yolun sonuna geldi\u011fini d\u00fc\u015f\u00fcnd\u00fc\u011f\u00fc bir anda g\u00fc\u00e7l\u00fc ve otoriter Margareta\u2019yla kar\u015f\u0131la\u015f\u0131r ve bir anda t\u00fcm d\u00fcnyas\u0131 de\u011fi\u015fir. Demirhaneleriyle nam salan Ekeby\u2019de, Napol\u00e9on Sava\u015flar\u0131\u2019n\u0131n birbirinden tuhaf karakterli gazilerini de bar\u0131nd\u0131ran bir malik\u00e2ne, bu t\u00fckenmi\u015f adama yuva olacakt\u0131r. Azametli Margareta\u2019n\u0131n malik\u00e2nesinde siyasi entrikalar birbirini izlerken, 1820\u2019lerin \u0130sve\u00e7 k\u0131rsal\u0131n\u0131n muhte\u015fem k\u0131\u015f g\u00fczelli\u011fi fonunda Berling\u2019in \u00f6l\u00fcme, a\u015fka ve kahramanl\u0131klara meydan okuyan \u015fiirsel ruhu, b\u00fcy\u00fcs\u00fcne kap\u0131lan bir dizi kad\u0131n\u0131 kendine \u00e7eker. Selma Lagerl\u00f6f 1909\u2019da Nobel Edebiyat \u00d6d\u00fcl\u00fc\u2019n\u00fc kazanan ilk kad\u0131n yazard\u0131r. Lagerl\u00f6f\u2019\u00fcn ad\u0131n\u0131 d\u00fcnya edebiyat\u0131n\u0131n b\u00fcy\u00fck yazarlar\u0131 aras\u0131na alt\u0131n harflerle kaz\u0131yan ilk roman\u0131 G\u00f6sta Berling Efsanesi, 1924\u2019te, ayn\u0131 isimle Mauritz Stiller\u2019in y\u00f6netti\u011fi, Greta Garbo\u2019nun ba\u015frolde oldu\u011fu klasik bir filme de konu olmu\u015ftur.<\/p>\n","protected":false},"excerpt":{"rendered":"<p>\u201cBu b\u00fcy\u00fck hik\u00e2ye anlat\u0131c\u0131s\u0131n\u0131n her kitab\u0131 bize sanat\u0131n\u0131n \u015fa\u015f\u0131rt\u0131c\u0131 \u00f6rneklerini sunmaya devam ediyor&#8230; Avrupa\u2019da hi\u00e7 kimse bu kadar unutulmaz masallar anlatamaz.\u201d \u2014Hermann Hesse G\u00f6sta Berling, i\u00e7kiye<span class=\"excerpt-hellip\"> [\u2026]<\/span><\/p>\n","protected":false},"featured_media":0,"template":"","meta":{"_monsterinsights_skip_tracking":false,"_monsterinsights_sitenote_active":false,"_monsterinsights_sitenote_note":"","_monsterinsights_sitenote_category":0},"product_brand":[],"product_cat":[12291,12711],"product_tag":[],"class_list":{"0":"post-759086","1":"product","2":"type-product","3":"status-publish","5":"product_cat-edebiyat","6":"product_cat-roman-oyku","7":"pa_cilt-ciltsiz","8":"pa_tur-kitap","9":"pa_yayinevi-everest-yayinlari","10":"pa_yazar-selma-lagerlof","12":"first","13":"instock","14":"sale","15":"shipping-taxable","16":"purchasable","17":"product-type-simple"},"_links":{"self":[{"href":"https:\/\/roveyayinevi.com.tr\/index.php\/wp-json\/wp\/v2\/product\/759086","targetHints":{"allow":["GET"]}}],"collection":[{"href":"https:\/\/roveyayinevi.com.tr\/index.php\/wp-json\/wp\/v2\/product"}],"about":[{"href":"https:\/\/roveyayinevi.com.tr\/index.php\/wp-json\/wp\/v2\/types\/product"}],"wp:attachment":[{"href":"https:\/\/roveyayinevi.com.tr\/index.php\/wp-json\/wp\/v2\/media?parent=759086"}],"wp:term":[{"taxonomy":"product_brand","embeddable":true,"href":"https:\/\/roveyayinevi.com.tr\/index.php\/wp-json\/wp\/v2\/product_brand?post=759086"},{"taxonomy":"product_cat","embeddable":true,"href":"https:\/\/roveyayinevi.com.tr\/index.php\/wp-json\/wp\/v2\/product_cat?post=759086"},{"taxonomy":"product_tag","embeddable":true,"href":"https:\/\/roveyayinevi.com.tr\/index.php\/wp-json\/wp\/v2\/product_tag?post=759086"}],"curies":[{"name":"wp","href":"https:\/\/api.w.org\/{rel}","templated":true}]}}