{"id":759084,"date":"2025-08-28T08:24:14","date_gmt":"2025-08-28T05:24:14","guid":{"rendered":"https:\/\/roveyayinevi.com.tr\/index.php\/urun\/dublinliler-5\/"},"modified":"2026-04-16T03:11:53","modified_gmt":"2026-04-16T00:11:53","slug":"dublinliler-5","status":"publish","type":"product","link":"https:\/\/roveyayinevi.com.tr\/index.php\/urun\/dublinliler-5\/","title":{"rendered":"Dublinliler"},"content":{"rendered":"<p>Edebiyata kazand\u0131rd\u0131\u011f\u0131 yeni anlat\u0131m teknikleri ile yirminci y\u00fczy\u0131l modernizminin en \u00f6nemli isimlerinden say\u0131lan James Joyce (1882-1941), farkl\u0131 t\u00fcrlerde eserler vermi\u015f \u0130rlandal\u0131 bir yazard\u0131r. B\u00fcy\u00fck \u00e7o\u011funlu\u011fu 1905\u2019te Trieste\u2019de yaz\u0131lan ve ancak 1914\u2019te yay\u0131mlanabilen Dublinliler, yazar\u0131n b\u00fct\u00fcn \u00f6yk\u00fclerini i\u00e7eren kitab\u0131d\u0131r. Yirmili ya\u015flar\u0131n\u0131n ba\u015flar\u0131nda yazd\u0131\u011f\u0131 bu \u00f6yk\u00fc derlemesi onun ilk \u00f6nemli eseri say\u0131l\u0131r. Bu kitapta yazar, do\u011fum yeri Dublin\u2019deki hem\u015fehrilerinin ya\u015famlar\u0131na \u00e7ocukluk, gen\u00e7lik, olgunluk ve toplumsal hayat d\u00fczlemlerinde bakm\u0131\u015f, \u00f6zellikle fel\u00e7, yozla\u015fma ve \u00f6l\u00fcm temalar\u0131na yo\u011funla\u015fm\u0131\u015f ve anlat\u0131mda kendine \u00f6zg\u00fc \u201cepifani\u201d tekni\u011fini kullanarak s\u0131radan insanlar\u0131n s\u0131radan g\u00f6r\u00fcn\u00fcml\u00fc ya\u015famlar\u0131na s\u0131ra d\u0131\u015f\u0131 bir yakla\u015f\u0131mla \u0131\u015f\u0131k tutmu\u015ftur.<\/p>\n","protected":false},"excerpt":{"rendered":"<p>Edebiyata kazand\u0131rd\u0131\u011f\u0131 yeni anlat\u0131m teknikleri ile yirminci y\u00fczy\u0131l modernizminin en \u00f6nemli isimlerinden say\u0131lan James Joyce (1882-1941), farkl\u0131 t\u00fcrlerde eserler vermi\u015f \u0130rlandal\u0131 bir yazard\u0131r. B\u00fcy\u00fck \u00e7o\u011funlu\u011fu 1905\u2019te<span class=\"excerpt-hellip\"> [\u2026]<\/span><\/p>\n","protected":false},"featured_media":0,"template":"","meta":{"_monsterinsights_skip_tracking":false,"_monsterinsights_sitenote_active":false,"_monsterinsights_sitenote_note":"","_monsterinsights_sitenote_category":0},"product_brand":[],"product_cat":[12291,13872],"product_tag":[],"class_list":{"0":"post-759084","1":"product","2":"type-product","3":"status-publish","5":"product_cat-edebiyat","6":"product_cat-klasikler","7":"pa_cilt-ciltsiz","8":"pa_tur-kitap","9":"pa_yayinevi-otuken-nesriyat","10":"pa_yazar-james-joyce","12":"first","13":"instock","14":"sale","15":"shipping-taxable","16":"purchasable","17":"product-type-simple"},"_links":{"self":[{"href":"https:\/\/roveyayinevi.com.tr\/index.php\/wp-json\/wp\/v2\/product\/759084","targetHints":{"allow":["GET"]}}],"collection":[{"href":"https:\/\/roveyayinevi.com.tr\/index.php\/wp-json\/wp\/v2\/product"}],"about":[{"href":"https:\/\/roveyayinevi.com.tr\/index.php\/wp-json\/wp\/v2\/types\/product"}],"wp:attachment":[{"href":"https:\/\/roveyayinevi.com.tr\/index.php\/wp-json\/wp\/v2\/media?parent=759084"}],"wp:term":[{"taxonomy":"product_brand","embeddable":true,"href":"https:\/\/roveyayinevi.com.tr\/index.php\/wp-json\/wp\/v2\/product_brand?post=759084"},{"taxonomy":"product_cat","embeddable":true,"href":"https:\/\/roveyayinevi.com.tr\/index.php\/wp-json\/wp\/v2\/product_cat?post=759084"},{"taxonomy":"product_tag","embeddable":true,"href":"https:\/\/roveyayinevi.com.tr\/index.php\/wp-json\/wp\/v2\/product_tag?post=759084"}],"curies":[{"name":"wp","href":"https:\/\/api.w.org\/{rel}","templated":true}]}}