{"id":759083,"date":"2025-08-28T08:24:12","date_gmt":"2025-08-28T05:24:12","guid":{"rendered":"https:\/\/roveyayinevi.com.tr\/index.php\/urun\/melodika-ve-piyano-eslikli-cocuk-sarkilari\/"},"modified":"2026-04-16T03:11:53","modified_gmt":"2026-04-16T00:11:53","slug":"melodika-ve-piyano-eslikli-cocuk-sarkilari","status":"publish","type":"product","link":"https:\/\/roveyayinevi.com.tr\/index.php\/urun\/melodika-ve-piyano-eslikli-cocuk-sarkilari\/","title":{"rendered":"Melodika ve Piyano E\u015flikli \u00c7ocuk \u015eark\u0131lar\u0131"},"content":{"rendered":"<p>Sevgili \u00e7ocuklar; Sizler i\u00e7in \u00e7ok e\u011flenceli ve bir o kadar e\u011fitici olan bu \u015fark\u0131lar\u0131 ke\u015ffetmeye haz\u0131r m\u0131s\u0131n\u0131z? Eminiz siz de bu yeni \u015fark\u0131lar\u0131 ke\u015ffedip, melodika ve piyano ile \u00e7alarken bizim kadar e\u011flenecek, ayn\u0131 zamanda \u00f6\u011freneceksiniz. Tamam\u0131 renkli ve resimli olarak haz\u0131rlanan bu kitapta sevgi, do\u011fa, hayvanlar, yurt, meslekler, bayrak, okul vb. temalar\u0131 i\u00e7eren okulda, evde veya diledi\u011finiz yerde, \u00e7alarak ve s\u00f6yleyerek repertuvar\u0131n\u0131za ekleyebilece\u011finiz birbirinden g\u00fczel 41 \u015fark\u0131 yer almaktad\u0131r. \u015eark\u0131lar\u0131m\u0131z\u0131 gelece\u011fin m\u00fczisyenleri ve m\u00fczik severleri olan siz sevgili \u00e7ocuklara emanet ediyoruz. Sevilerek seslendirilmesi dile\u011fiyle\u2026 <\/p>\n","protected":false},"excerpt":{"rendered":"<p>Sevgili \u00e7ocuklar; Sizler i\u00e7in \u00e7ok e\u011flenceli ve bir o kadar e\u011fitici olan bu \u015fark\u0131lar\u0131 ke\u015ffetmeye haz\u0131r m\u0131s\u0131n\u0131z? Eminiz siz de bu yeni \u015fark\u0131lar\u0131 ke\u015ffedip, melodika ve<span class=\"excerpt-hellip\"> [\u2026]<\/span><\/p>\n","protected":false},"featured_media":0,"template":"","meta":{"_monsterinsights_skip_tracking":false,"_monsterinsights_sitenote_active":false,"_monsterinsights_sitenote_note":"","_monsterinsights_sitenote_category":0},"product_brand":[],"product_cat":[14556],"product_tag":[],"class_list":{"0":"post-759083","1":"product","2":"type-product","3":"status-publish","5":"product_cat-muzik","6":"pa_cilt-ciltsiz","7":"pa_tur-kitap","8":"pa_yayinevi-muzik-egitimi-yayinlari","9":"pa_yazar-kubra-mutlu","11":"first","12":"instock","13":"sale","14":"shipping-taxable","15":"purchasable","16":"product-type-simple"},"_links":{"self":[{"href":"https:\/\/roveyayinevi.com.tr\/index.php\/wp-json\/wp\/v2\/product\/759083","targetHints":{"allow":["GET"]}}],"collection":[{"href":"https:\/\/roveyayinevi.com.tr\/index.php\/wp-json\/wp\/v2\/product"}],"about":[{"href":"https:\/\/roveyayinevi.com.tr\/index.php\/wp-json\/wp\/v2\/types\/product"}],"wp:attachment":[{"href":"https:\/\/roveyayinevi.com.tr\/index.php\/wp-json\/wp\/v2\/media?parent=759083"}],"wp:term":[{"taxonomy":"product_brand","embeddable":true,"href":"https:\/\/roveyayinevi.com.tr\/index.php\/wp-json\/wp\/v2\/product_brand?post=759083"},{"taxonomy":"product_cat","embeddable":true,"href":"https:\/\/roveyayinevi.com.tr\/index.php\/wp-json\/wp\/v2\/product_cat?post=759083"},{"taxonomy":"product_tag","embeddable":true,"href":"https:\/\/roveyayinevi.com.tr\/index.php\/wp-json\/wp\/v2\/product_tag?post=759083"}],"curies":[{"name":"wp","href":"https:\/\/api.w.org\/{rel}","templated":true}]}}