{"id":759081,"date":"2025-08-28T08:24:10","date_gmt":"2025-08-28T05:24:10","guid":{"rendered":"https:\/\/roveyayinevi.com.tr\/index.php\/urun\/birlesmis-milletler-guvenlik-konseyi-elestirel-bir-giris\/"},"modified":"2026-04-16T03:11:53","modified_gmt":"2026-04-16T00:11:53","slug":"birlesmis-milletler-guvenlik-konseyi-elestirel-bir-giris","status":"publish","type":"product","link":"https:\/\/roveyayinevi.com.tr\/index.php\/urun\/birlesmis-milletler-guvenlik-konseyi-elestirel-bir-giris\/","title":{"rendered":"Birle\u015fmi\u015f Milletler G\u00fcvenlik Konseyi Ele\u015ftirel Bir Giri\u015f"},"content":{"rendered":"<p>Birle\u015fmi\u015f Milletler G\u00fcvenlik Konseyi (BMGK), uluslararas\u0131 siyasetin \u00e7eki\u015fmeli sahnesinde merkez\u00ee bir rol oynamaktad\u0131r. Bu g\u00f6zlemden yola \u00e7\u0131kan Birle\u015fmi\u015f Milletler G\u00fcvenlik Konseyi: Ele\u015ftirel Bir Giri\u015f, uluslararas\u0131 siyasetin bu en \u00f6nemli kurumunu mercek alt\u0131na al\u0131yor. Kitap, konseyin global siyasetteki a\u011f\u0131rl\u0131\u011f\u0131n\u0131 ve g\u00fcncel olaylara etkisini derinlemesine incelerken, ge\u00e7ici ve daim\u00ee \u00fcyeler aras\u0131ndaki etkile\u015fimi, oylama s\u00fcre\u00e7lerini ve kararlar\u0131n uluslararas\u0131 politika \u00fczerindeki etkilerini de detayland\u0131r\u0131yor. BMGK kararlar\u0131n\u0131n k\u00fcresel g\u00fcvenlik, bar\u0131\u015f ve diplomasi \u00fczerinde nas\u0131l belirleyici bir rol oynad\u0131\u011f\u0131n\u0131 akademik titizlikle g\u00f6zler \u00f6n\u00fcne seriyor. BMGK\u2019yi k\u00fcresel e\u015fitsizli\u011fin en \u00f6nemli kaynaklar\u0131ndan ve g\u00f6stergelerinden biri olarak ele al\u0131rken bu e\u015fitsizli\u011fin i\u015fleyi\u015f mekanizmalar\u0131n\u0131 da if\u015fa ediyor. \u00c7arp\u0131c\u0131 \u00f6rneklerle okuma kolayl\u0131\u011f\u0131 sunarak uluslararas\u0131 siyasetin i\u015fleyi\u015fini, ayak oyunlar\u0131n\u0131 ve k\u00fc\u00e7\u00fck \u00fclkelerin seslerini duyurma stratejilerini g\u00f6zler \u00f6n\u00fcne seriyor. Birle\u015fmi\u015f Milletler G\u00fcvenlik Konseyi: Ele\u015ftirel Bir Giri\u015f, ele ald\u0131\u011f\u0131 kurum \u00f6zelinde okuru d\u00fcnya sahnesindeki g\u00fc\u00e7 m\u00fccadelelerinin arka odalar\u0131na davet ediyor ve uluslararas\u0131 ili\u015fkilerin pratik i\u015fleyi\u015fine dair bir\u00e7ok detay\u0131 g\u00fcn y\u00fcz\u00fcne \u00e7\u0131kar\u0131yor. Yaln\u0131zca akademisyenler ve \u00f6\u011frenciler i\u00e7in de\u011fil, uluslararas\u0131 politikay\u0131 derinlemesine anlamak isteyen herkes i\u00e7in vazge\u00e7ilmez bir kaynak. <\/p>\n","protected":false},"excerpt":{"rendered":"<p>Birle\u015fmi\u015f Milletler G\u00fcvenlik Konseyi (BMGK), uluslararas\u0131 siyasetin \u00e7eki\u015fmeli sahnesinde merkez\u00ee bir rol oynamaktad\u0131r. Bu g\u00f6zlemden yola \u00e7\u0131kan Birle\u015fmi\u015f Milletler G\u00fcvenlik Konseyi: Ele\u015ftirel Bir Giri\u015f, uluslararas\u0131 siyasetin<span class=\"excerpt-hellip\"> [\u2026]<\/span><\/p>\n","protected":false},"featured_media":0,"template":"","meta":{"_monsterinsights_skip_tracking":false,"_monsterinsights_sitenote_active":false,"_monsterinsights_sitenote_note":"","_monsterinsights_sitenote_category":0},"product_brand":[],"product_cat":[12337,14706],"product_tag":[],"class_list":{"0":"post-759081","1":"product","2":"type-product","3":"status-publish","5":"product_cat-politika-siyaset","6":"product_cat-siyaset-bilimi","7":"pa_cilt-ciltsiz","8":"pa_tur-kitap","9":"pa_yayinevi-istanbul-bilgi-universitesi-yayinlari","10":"pa_yazar-ali-balci","12":"first","13":"instock","14":"sale","15":"shipping-taxable","16":"purchasable","17":"product-type-simple"},"_links":{"self":[{"href":"https:\/\/roveyayinevi.com.tr\/index.php\/wp-json\/wp\/v2\/product\/759081","targetHints":{"allow":["GET"]}}],"collection":[{"href":"https:\/\/roveyayinevi.com.tr\/index.php\/wp-json\/wp\/v2\/product"}],"about":[{"href":"https:\/\/roveyayinevi.com.tr\/index.php\/wp-json\/wp\/v2\/types\/product"}],"wp:attachment":[{"href":"https:\/\/roveyayinevi.com.tr\/index.php\/wp-json\/wp\/v2\/media?parent=759081"}],"wp:term":[{"taxonomy":"product_brand","embeddable":true,"href":"https:\/\/roveyayinevi.com.tr\/index.php\/wp-json\/wp\/v2\/product_brand?post=759081"},{"taxonomy":"product_cat","embeddable":true,"href":"https:\/\/roveyayinevi.com.tr\/index.php\/wp-json\/wp\/v2\/product_cat?post=759081"},{"taxonomy":"product_tag","embeddable":true,"href":"https:\/\/roveyayinevi.com.tr\/index.php\/wp-json\/wp\/v2\/product_tag?post=759081"}],"curies":[{"name":"wp","href":"https:\/\/api.w.org\/{rel}","templated":true}]}}