{"id":759079,"date":"2025-08-28T08:24:08","date_gmt":"2025-08-28T05:24:08","guid":{"rendered":"https:\/\/roveyayinevi.com.tr\/index.php\/urun\/seans-sahnesi-uzerine\/"},"modified":"2025-12-30T11:20:47","modified_gmt":"2025-12-30T08:20:47","slug":"seans-sahnesi-uzerine","status":"publish","type":"product","link":"https:\/\/roveyayinevi.com.tr\/index.php\/urun\/seans-sahnesi-uzerine\/","title":{"rendered":"Seans Sahnesi \u00dczerine"},"content":{"rendered":"<p>Psikoterapist olma arzusu ile ba\u015flayan ve \u00f6nce y\u00fcksek lisans e\u011fitimi, sonra da meslek hayat\u0131 boyunca s\u00fcren yolculukta bir\u00e7o\u011fu,  dan\u0131\u015fan ya da terapist olarak, seanslar hayal eder, izler, yapar, hat\u0131rlar, d\u00fc\u015fler. Bu seanslar, i\u00e7sel ve ili\u015fkisel ba\u011flamlar\u0131n\u0131n s\u00f6zel ve s\u00f6zel olmayan anlat\u0131lar\u0131n\u0131 sahneler. Alev \u00c7avdar\u2019\u0131n derledi\u011fi bu kitapta yazarlar, hayallerini, arzular\u0131n\u0131, korkular\u0131n\u0131, r\u00fcyalar\u0131n\u0131, benliklerini, \u00f6tekilerini \u00f6nce bir d\u00fc\u015flemsel seans sahnesine koyup sonra onlar \u00fczerine d\u00fc\u015f\u00fcnd\u00fcler. Sahne oldular, sahnelediler ve sahneleneni anlamland\u0131rmaya \u00e7al\u0131\u015ft\u0131lar. Yaz\u0131m s\u00fcreci, yazarlar\u0131n klinik psikoloji e\u011fitimlerinin ilk y\u0131l\u0131nda \u201cHerhangi bir zamanda, herhangi bir dan\u0131\u015fan ve terapist ikilisinin, herhangi bir seans\u0131n\u0131 hayal edin ve yaz\u0131n,\u201d y\u00f6nergesi ile ba\u015flad\u0131. Yaz\u0131lan seanslar \u00fczerine ba\u015fka bir yazar s\u00fcreci anlamland\u0131rmak \u00fczere g\u00f6zlemsel ve kuramsal notlar d\u00fc\u015ft\u00fc. E\u011fitimlerinin ikinci y\u0131l\u0131nda yazarlar, terapist olarak seans deneyimlemeye ba\u015flad\u0131ktan sonra, hep birlikte bu hayal\u00ee seanslar\u0131 ve notlar\u0131 yeniden okudu, yeniden yazd\u0131, yeniden anlamland\u0131rd\u0131. Sonunda bu kitab\u0131n b\u00f6l\u00fcmleri ortaya \u00e7\u0131kt\u0131. Seans hayal etmek yazarlara hem terapist-dan\u0131\u015fan ikilileri ile, hem bu ikiliyi yaratan s\u00fcre\u00e7 ile hem de bu ikilinin yaratt\u0131\u011f\u0131 analitik \u00fc\u00e7\u00fcnc\u00fc ile oyunlar oynama f\u0131rsat\u0131 verdi. Dan\u0131\u015fanlar ve terapistler olarak seanslarda yapt\u0131\u011f\u0131m\u0131z gibi d\u00fc\u015fle ger\u00e7e\u011fin, benle \u00f6tekinin, olmakla hat\u0131rlaman\u0131n s\u0131n\u0131rlar\u0131n\u0131 yitirdi\u011fi bu alanda dola\u015fman\u0131n mesleki ve ki\u015fisel olarak oyun alan\u0131m\u0131z\u0131 b\u00fcy\u00fctmesi ve birlikte d\u00f6n\u00fc\u015fmek \u00fczerine d\u00fc\u015f\u00fcnmenin yolunu a\u00e7mas\u0131n\u0131 umuyoruz. Bu kitaptaki t\u00fcm dan\u0131\u015fanlar ve terapistler hayal \u00fcr\u00fcn\u00fcd\u00fcr.   \u201cElinizde tuttu\u011funuz bu kitap ger\u00e7ek hayattan \u00e7\u0131kan ama hayali olarak sunulan anlat\u0131lar\u0131n bir derlemesi, t\u0131pk\u0131 ba\u015far\u0131l\u0131 filmler ve diziler gibi ya\u015fama tutulan cesur bir ayna. Bu kitap biz okurlar i\u00e7in s\u0131rlarla dolu seans odalar\u0131n\u0131n bir k\u00f6\u015fesine fazladan bir sandalye koyuyor. Dan\u0131\u015fanlar\u0131 birlikte dinliyoruz, okur olarak yarat\u0131c\u0131 bir oyunun par\u00e7as\u0131 oluyoruz.\u201d \u2013 Asl\u0131 Tun\u00e7, \u0130stanbul Bilgi \u00dcniversitesi <\/p>\n","protected":false},"excerpt":{"rendered":"<p>Psikoterapist olma arzusu ile ba\u015flayan ve \u00f6nce y\u00fcksek lisans e\u011fitimi, sonra da meslek hayat\u0131 boyunca s\u00fcren yolculukta bir\u00e7o\u011fu, dan\u0131\u015fan ya da terapist olarak, seanslar hayal eder,<span class=\"excerpt-hellip\"> [\u2026]<\/span><\/p>\n","protected":false},"featured_media":0,"template":"","meta":{"_monsterinsights_skip_tracking":false,"_monsterinsights_sitenote_active":false,"_monsterinsights_sitenote_note":"","_monsterinsights_sitenote_category":0},"product_brand":[],"product_cat":[12357],"product_tag":[],"class_list":{"0":"post-759079","1":"product","2":"type-product","3":"status-publish","5":"product_cat-psikoloji","6":"pa_cilt-ciltsiz","7":"pa_tur-kitap","8":"pa_yayinevi-istanbul-bilgi-universitesi-yayinlari","9":"pa_yazar-alev-cavdar","11":"first","12":"instock","13":"sale","14":"shipping-taxable","15":"purchasable","16":"product-type-simple"},"_links":{"self":[{"href":"https:\/\/roveyayinevi.com.tr\/index.php\/wp-json\/wp\/v2\/product\/759079","targetHints":{"allow":["GET"]}}],"collection":[{"href":"https:\/\/roveyayinevi.com.tr\/index.php\/wp-json\/wp\/v2\/product"}],"about":[{"href":"https:\/\/roveyayinevi.com.tr\/index.php\/wp-json\/wp\/v2\/types\/product"}],"wp:attachment":[{"href":"https:\/\/roveyayinevi.com.tr\/index.php\/wp-json\/wp\/v2\/media?parent=759079"}],"wp:term":[{"taxonomy":"product_brand","embeddable":true,"href":"https:\/\/roveyayinevi.com.tr\/index.php\/wp-json\/wp\/v2\/product_brand?post=759079"},{"taxonomy":"product_cat","embeddable":true,"href":"https:\/\/roveyayinevi.com.tr\/index.php\/wp-json\/wp\/v2\/product_cat?post=759079"},{"taxonomy":"product_tag","embeddable":true,"href":"https:\/\/roveyayinevi.com.tr\/index.php\/wp-json\/wp\/v2\/product_tag?post=759079"}],"curies":[{"name":"wp","href":"https:\/\/api.w.org\/{rel}","templated":true}]}}