{"id":759077,"date":"2025-08-28T08:24:04","date_gmt":"2025-08-28T05:24:04","guid":{"rendered":"https:\/\/roveyayinevi.com.tr\/index.php\/urun\/bildiklerim\/"},"modified":"2026-04-16T03:11:53","modified_gmt":"2026-04-16T00:11:53","slug":"bildiklerim","status":"publish","type":"product","link":"https:\/\/roveyayinevi.com.tr\/index.php\/urun\/bildiklerim\/","title":{"rendered":"Bildiklerim"},"content":{"rendered":"<p>\u00c2det olmu\u015ftur: B\u00fcy\u00fckler b\u00fcy\u00fck i\u015flere dair \u2018hat\u0131rat\u2019 yazarlar; hem de bu hat\u0131rat ekseriyetle siyasi i\u015flere dair olur. Bu bir g\u00fczel \u00e2dettir, fakat b\u00fcy\u00fcklere tahsise ne hacet! K\u00fc\u00e7\u00fcklerin de k\u00fc\u00e7\u00fck i\u015flere dair yazmas\u0131na ne m\u00e2ni var?K\u00fc\u00e7\u00fck g\u00f6r\u00fcnen bir i\u015f, bazen b\u00fcy\u00fck bir i\u015fi tashih eder yahut bir noktas\u0131n\u0131 olsun ayd\u0131nlat\u0131r. Binaenaleyh ben de kendimi bildi\u011fim g\u00fcnden beri nerede okudum, kimlerden okudum, neler g\u00f6rd\u00fcm, kimlerle g\u00f6r\u00fc\u015ft\u00fcm, ne gibi hadiselere \u015fahit oldum; b\u00fct\u00fcn bunlar\u0131 yazmak istiyorum.\u015eu kadar var ki \u2018Hat\u0131rat\u0131m\u2019 yerinde \u2018Bildiklerim\u2019 kelimesini istimal ediyorum. G\u00f6rd\u00fcklerim, i\u015fittiklerim de buna d\u00e2hildir. \u00c7\u00fcnk\u00fc her g\u00f6r\u00fclen, i\u015fitilen \u015fey de bilinmi\u015f say\u0131l\u0131r.\u0130lme, kitaba hizmetim daha \u00e7ok ge\u00e7ti\u011fi i\u00e7in iptida ilim sahas\u0131ndaki hizmetlerimden ve bu alandaki m\u00fc\u015fahede ve kararlar\u0131mdan bahsedece\u011fim.Kilisli Muallim Rifat Bilge Bu kitap, Kilisli Muallim Rifat Bilge\u2019nin Yeni Sabah gazetesinde 30 Eyl\u00fcl 1945 ile 24 Mart 1946 aras\u0131nda 34 tefrika h\u00e2linde yay\u0131nlanan hat\u0131ralar\u0131n\u0131 bir araya getirmektedir.<\/p>\n","protected":false},"excerpt":{"rendered":"<p>\u00c2det olmu\u015ftur: B\u00fcy\u00fckler b\u00fcy\u00fck i\u015flere dair \u2018hat\u0131rat\u2019 yazarlar; hem de bu hat\u0131rat ekseriyetle siyasi i\u015flere dair olur. Bu bir g\u00fczel \u00e2dettir, fakat b\u00fcy\u00fcklere tahsise ne hacet!<span class=\"excerpt-hellip\"> [\u2026]<\/span><\/p>\n","protected":false},"featured_media":0,"template":"","meta":{"_monsterinsights_skip_tracking":false,"_monsterinsights_sitenote_active":false,"_monsterinsights_sitenote_note":"","_monsterinsights_sitenote_category":0},"product_brand":[],"product_cat":[13701,12291],"product_tag":[],"class_list":{"0":"post-759077","1":"product","2":"type-product","3":"status-publish","5":"product_cat-ani-mektup-gunluk","6":"product_cat-edebiyat","7":"pa_cilt-ciltsiz","8":"pa_tur-kitap","9":"pa_yayinevi-otuken-nesriyat","10":"pa_yazar-rifat-bilge","12":"first","13":"instock","14":"sale","15":"shipping-taxable","16":"purchasable","17":"product-type-simple"},"_links":{"self":[{"href":"https:\/\/roveyayinevi.com.tr\/index.php\/wp-json\/wp\/v2\/product\/759077","targetHints":{"allow":["GET"]}}],"collection":[{"href":"https:\/\/roveyayinevi.com.tr\/index.php\/wp-json\/wp\/v2\/product"}],"about":[{"href":"https:\/\/roveyayinevi.com.tr\/index.php\/wp-json\/wp\/v2\/types\/product"}],"wp:attachment":[{"href":"https:\/\/roveyayinevi.com.tr\/index.php\/wp-json\/wp\/v2\/media?parent=759077"}],"wp:term":[{"taxonomy":"product_brand","embeddable":true,"href":"https:\/\/roveyayinevi.com.tr\/index.php\/wp-json\/wp\/v2\/product_brand?post=759077"},{"taxonomy":"product_cat","embeddable":true,"href":"https:\/\/roveyayinevi.com.tr\/index.php\/wp-json\/wp\/v2\/product_cat?post=759077"},{"taxonomy":"product_tag","embeddable":true,"href":"https:\/\/roveyayinevi.com.tr\/index.php\/wp-json\/wp\/v2\/product_tag?post=759077"}],"curies":[{"name":"wp","href":"https:\/\/api.w.org\/{rel}","templated":true}]}}