{"id":759076,"date":"2025-08-28T08:24:03","date_gmt":"2025-08-28T05:24:03","guid":{"rendered":"https:\/\/roveyayinevi.com.tr\/index.php\/urun\/cocugunuz-kayip-veya-travma-yasadiginda-ne-yapmalisiniz\/"},"modified":"2026-04-16T03:11:53","modified_gmt":"2026-04-16T00:11:53","slug":"cocugunuz-kayip-veya-travma-yasadiginda-ne-yapmalisiniz","status":"publish","type":"product","link":"https:\/\/roveyayinevi.com.tr\/index.php\/urun\/cocugunuz-kayip-veya-travma-yasadiginda-ne-yapmalisiniz\/","title":{"rendered":"\u00c7ocu\u011funuz Kay\u0131p veya Travma Ya\u015fad\u0131\u011f\u0131nda Ne Yapmal\u0131s\u0131n\u0131z?"},"content":{"rendered":"<p>Ke\u015fke olmasa ama b\u00fct\u00fcn \u00e7ocuklar stresli deneyimler ya\u015far, ac\u0131 ve \u00fcz\u00fcnt\u00fcyle tan\u0131\u015f\u0131r. Kay\u0131p ve travmay\u0131 da i\u00e7eren bu s\u0131k\u0131nt\u0131l\u0131 s\u00fcre\u00e7lerde gereken anlay\u0131\u015f\u0131 ve deste\u011fi bulamazlarsa Travma Sonras\u0131 Stres Bozuklu\u011fu (TSSB) da dahil olmak \u00fczere \u00e7e\u015fitli sorunlar ortaya \u00e7\u0131kabilir. Baz\u0131 \u00e7ocuklar, bu t\u00fcr deneyimlerle, kay\u0131p ve travmayla ba\u015fa \u00e7\u0131kmakta ba\u015far\u0131l\u0131 g\u00f6r\u00fcnebilir ama etkileri, sonu\u00e7lar\u0131 daha sonra, gecikmeli olarak ortaya \u00e7\u0131kar.Hayat\u0131n ak\u0131\u015f\u0131 bu t\u00fcr deneyimleri \u00e7ocuklar\u0131n kar\u015f\u0131s\u0131na \u00e7\u0131kard\u0131\u011f\u0131nda ayn\u0131 ac\u0131y\u0131 kendileri de ya\u015fayan ebeveynler i\u00e7in durum daha da zorlay\u0131c\u0131d\u0131r. \u0130ki uzman \u00e7ocuk psikologu taraf\u0131ndan haz\u0131rlanan bu kitap, ebeveynler i\u00e7in bir rehber niteli\u011findedir. Kitapta \u00f6ncelikle kay\u0131p ve travman\u0131n \u00e7ocuklar \u00fczerindeki etkisinin nas\u0131l anla\u015f\u0131laca\u011f\u0131 ele al\u0131n\u0131yor. Sonra iyile\u015fme i\u00e7in en iyi ortam\u0131n nas\u0131l sa\u011flanaca\u011f\u0131 ve normalle\u015fmenin ard\u0131ndan \u00e7ocu\u011fun ve ailesinin hayatlar\u0131na nas\u0131l devam etmesi gerekti\u011fi anlat\u0131l\u0131yor.<\/p>\n","protected":false},"excerpt":{"rendered":"<p>Ke\u015fke olmasa ama b\u00fct\u00fcn \u00e7ocuklar stresli deneyimler ya\u015far, ac\u0131 ve \u00fcz\u00fcnt\u00fcyle tan\u0131\u015f\u0131r. Kay\u0131p ve travmay\u0131 da i\u00e7eren bu s\u0131k\u0131nt\u0131l\u0131 s\u00fcre\u00e7lerde gereken anlay\u0131\u015f\u0131 ve deste\u011fi bulamazlarsa Travma<span class=\"excerpt-hellip\"> [\u2026]<\/span><\/p>\n","protected":false},"featured_media":0,"template":"","meta":{"_monsterinsights_skip_tracking":false,"_monsterinsights_sitenote_active":false,"_monsterinsights_sitenote_note":"","_monsterinsights_sitenote_category":0},"product_brand":[],"product_cat":[12831,12324],"product_tag":[],"class_list":{"0":"post-759076","1":"product","2":"type-product","3":"status-publish","5":"product_cat-aile-ve-cocuk","6":"product_cat-sosyoloji","7":"pa_cilt-ciltsiz","8":"pa_tur-kitap","9":"pa_yayinevi-kuraldisi-yayinevi","10":"pa_yazar-david-trickey","12":"first","13":"instock","14":"sale","15":"shipping-taxable","16":"purchasable","17":"product-type-simple"},"_links":{"self":[{"href":"https:\/\/roveyayinevi.com.tr\/index.php\/wp-json\/wp\/v2\/product\/759076","targetHints":{"allow":["GET"]}}],"collection":[{"href":"https:\/\/roveyayinevi.com.tr\/index.php\/wp-json\/wp\/v2\/product"}],"about":[{"href":"https:\/\/roveyayinevi.com.tr\/index.php\/wp-json\/wp\/v2\/types\/product"}],"wp:attachment":[{"href":"https:\/\/roveyayinevi.com.tr\/index.php\/wp-json\/wp\/v2\/media?parent=759076"}],"wp:term":[{"taxonomy":"product_brand","embeddable":true,"href":"https:\/\/roveyayinevi.com.tr\/index.php\/wp-json\/wp\/v2\/product_brand?post=759076"},{"taxonomy":"product_cat","embeddable":true,"href":"https:\/\/roveyayinevi.com.tr\/index.php\/wp-json\/wp\/v2\/product_cat?post=759076"},{"taxonomy":"product_tag","embeddable":true,"href":"https:\/\/roveyayinevi.com.tr\/index.php\/wp-json\/wp\/v2\/product_tag?post=759076"}],"curies":[{"name":"wp","href":"https:\/\/api.w.org\/{rel}","templated":true}]}}