{"id":759074,"date":"2025-08-28T08:24:00","date_gmt":"2025-08-28T05:24:00","guid":{"rendered":"https:\/\/roveyayinevi.com.tr\/index.php\/urun\/samanin-son-haykirisi\/"},"modified":"2026-04-16T03:11:53","modified_gmt":"2026-04-16T00:11:53","slug":"samanin-son-haykirisi","status":"publish","type":"product","link":"https:\/\/roveyayinevi.com.tr\/index.php\/urun\/samanin-son-haykirisi\/","title":{"rendered":"\u015eaman\u0131n Son Hayk\u0131r\u0131\u015f\u0131"},"content":{"rendered":"<p>D\u00fcnyan\u0131n gelmi\u015f ge\u00e7mi\u015f en kapsaml\u0131 k\u00fclt\u00fcr fenomeni olan \u015famanl\u0131k bir\u00e7ok yerde pratikten \u00e7\u0131km\u0131\u015f, mana ve \u015fekli de\u011fi\u015fmi\u015f, di\u011fer k\u00fclt\u00fcrel olgularla birle\u015fmi\u015f, sentezlenmi\u015f ancak hi\u00e7bir yerde ve hi\u00e7bir zaman tamamen yok olup gitmemi\u015ftir.Orta Asya, Kafkaslar ve Sibirya T\u00fcrklerinin topraklar\u0131n\u0131n i\u015fgalinden sonra daha \u00e7ok Sibirya\u2019da varl\u0131\u011f\u0131n\u0131 koruyan \u015famanl\u0131\u011fa kar\u015f\u0131 \u00f6nce Ortodoks Hristiyanl\u0131k ve Lamaizm, daha sonra ise o zamanki y\u00f6netim sava\u015f a\u00e7t\u0131ysa da son darbeyi Sovyet siyasi rejimi indirdi. \u015eamanlara kar\u015f\u0131 tak\u0131n\u0131lan sert tutumun tek sebebi \u00c7arl\u0131k Rusya\u2019s\u0131n\u0131n, \u00f6zellikle de Sovyetler Birli\u011fi\u2019nin T\u00fcrk kimli\u011fini yok etme siyasetiydi. T\u00fcrk varl\u0131\u011f\u0131na kar\u015f\u0131 sava\u015f\u0131n ba\u015far\u0131l\u0131 olmas\u0131 da \u015famanlar\u0131 yok etmek, \u015famanl\u0131\u011f\u0131 belleklerden silmek, Hristiyanla\u015ft\u0131rmak, Rusla\u015ft\u0131rmakla m\u00fcmk\u00fcn idi. Ancak yok edilen yaln\u0131zca \u015famanlar oldu, \u015famanl\u0131ksa (\u015famanizm) Sovyetlerin \u00e7\u00f6k\u00fc\u015f\u00fcne kadar varl\u0131\u011f\u0131n\u0131 s\u00fcrd\u00fcrebildi. Bug\u00fcn ise yeni bir a\u015famaya ge\u00e7ti.Geleneksel \u015faman\u0131n son hayk\u0131r\u0131\u015flar\u0131n\u0131n i\u015fitildi\u011fi XX. y\u00fczy\u0131l\u0131n 90\u2019l\u0131 y\u0131llar\u0131nda d\u00fcnyan\u0131n siyasi haritas\u0131 de\u011fi\u015fti; \u00e7\u00f6ken kom\u00fcnist rejimin bask\u0131lar\u0131ndan kurtulan Sibirya T\u00fcrkleri mill\u00ee kimliklerinin, geleneklerinin ve eski dinlerinin in\u015fas\u0131na \u015famanl\u0131\u011f\u0131 yeniden in\u015fa etmekle ba\u015flad\u0131lar.T\u00fcm d\u00fcnyada oldu\u011fu gibi XX. y\u00fczy\u0131l\u0131n sonlar\u0131nda ve XXI. y\u00fczy\u0131l\u0131n ba\u015f\u0131nda Sibirya T\u00fcrk \u015faman gelene\u011finin canlanmas\u0131, yeniden aktifle\u015fmesi ve modern ko\u015fullara adapte olmas\u0131 s\u00fcreci ba\u015flad\u0131. Neo-\u015famanik k\u00fclt\u00fcrleri inceleyen bilim adamlar\u0131 (folklorcular, antropologlar, etnologlar, psikologlar, n\u00f6rofizyologlar vb.) konuyla ilgili \u00e7e\u015fitli ara\u015ft\u0131rmalar yapt\u0131lar.B\u00fcy\u00fck \u015famanlar\u0131n i\u015flevlerini yerine getirenler yeniden ortaya \u00e7\u0131kt\u0131lar; ancak eski \u015faman folklorunu, mitolojisini, rit\u00fcellerini b\u00fcy\u00fck \u00f6l\u00e7\u00fcde unuttuklar\u0131ndan yeni bir yap\u0131lanma i\u00e7ine girdiler; Yeni \u00c7a\u011f\u2019a uyum sa\u011flamak i\u00e7in \u201cneo-\u015famanl\u0131k\u201d diye adland\u0131r\u0131lan olgunun \u00e7ok say\u0131da unsurunu da benimsemi\u015f oldular.Bu kitap, canlanmakta olan Sibirya T\u00fcrk neo-\u015famanl\u0131\u011f\u0131n\u0131n olu\u015fum s\u00fcrecini, Amerika, Afrika ve Avrupa\u2019n\u0131n neo-\u015famanik kurumlar\u0131ndan farkl\u0131 taraflar\u0131n\u0131, kendine \u00f6zg\u00fc felsefesini, inan\u00e7 sistemini, aksiolojisini, pratik ve teorik y\u00f6nlerini ele alm\u0131\u015ft\u0131r.<\/p>\n","protected":false},"excerpt":{"rendered":"<p>D\u00fcnyan\u0131n gelmi\u015f ge\u00e7mi\u015f en kapsaml\u0131 k\u00fclt\u00fcr fenomeni olan \u015famanl\u0131k bir\u00e7ok yerde pratikten \u00e7\u0131km\u0131\u015f, mana ve \u015fekli de\u011fi\u015fmi\u015f, di\u011fer k\u00fclt\u00fcrel olgularla birle\u015fmi\u015f, sentezlenmi\u015f ancak hi\u00e7bir yerde ve<span class=\"excerpt-hellip\"> [\u2026]<\/span><\/p>\n","protected":false},"featured_media":0,"template":"","meta":{"_monsterinsights_skip_tracking":false,"_monsterinsights_sitenote_active":false,"_monsterinsights_sitenote_note":"","_monsterinsights_sitenote_category":0},"product_brand":[],"product_cat":[12718,12858],"product_tag":[],"class_list":{"0":"post-759074","1":"product","2":"type-product","3":"status-publish","5":"product_cat-din","6":"product_cat-mitolojiler","7":"pa_cilt-ciltsiz","8":"pa_tur-kitap","9":"pa_yayinevi-otuken-nesriyat","10":"pa_yazar-fuzuli-bayat","12":"first","13":"instock","14":"sale","15":"shipping-taxable","16":"purchasable","17":"product-type-simple"},"_links":{"self":[{"href":"https:\/\/roveyayinevi.com.tr\/index.php\/wp-json\/wp\/v2\/product\/759074","targetHints":{"allow":["GET"]}}],"collection":[{"href":"https:\/\/roveyayinevi.com.tr\/index.php\/wp-json\/wp\/v2\/product"}],"about":[{"href":"https:\/\/roveyayinevi.com.tr\/index.php\/wp-json\/wp\/v2\/types\/product"}],"wp:attachment":[{"href":"https:\/\/roveyayinevi.com.tr\/index.php\/wp-json\/wp\/v2\/media?parent=759074"}],"wp:term":[{"taxonomy":"product_brand","embeddable":true,"href":"https:\/\/roveyayinevi.com.tr\/index.php\/wp-json\/wp\/v2\/product_brand?post=759074"},{"taxonomy":"product_cat","embeddable":true,"href":"https:\/\/roveyayinevi.com.tr\/index.php\/wp-json\/wp\/v2\/product_cat?post=759074"},{"taxonomy":"product_tag","embeddable":true,"href":"https:\/\/roveyayinevi.com.tr\/index.php\/wp-json\/wp\/v2\/product_tag?post=759074"}],"curies":[{"name":"wp","href":"https:\/\/api.w.org\/{rel}","templated":true}]}}