{"id":759072,"date":"2025-08-28T08:23:57","date_gmt":"2025-08-28T05:23:57","guid":{"rendered":"https:\/\/roveyayinevi.com.tr\/index.php\/urun\/ahlaki-giyinmek\/"},"modified":"2026-04-16T03:11:53","modified_gmt":"2026-04-16T00:11:53","slug":"ahlaki-giyinmek","status":"publish","type":"product","link":"https:\/\/roveyayinevi.com.tr\/index.php\/urun\/ahlaki-giyinmek\/","title":{"rendered":"Ahlak\u0131 Giyinmek"},"content":{"rendered":"<p>\u00d6z\u00e7etin&#8217;in ara\u015ft\u0131rmas\u0131 hem Kemalist hem \u0130slamc\u0131 muhafazak\u00e2r s\u00f6ylemin kad\u0131nlar\u0131n cinsel bedenlerini gizlemek ve kad\u0131nlar\u0131n kamusal alanlardaki g\u00f6r\u00fcn\u00fcrl\u00fcklerini d\u00fczenlemek i\u00e7in nas\u0131l k\u0131yafeti bir beden teknolojisi olarak kulland\u0131\u011f\u0131n\u0131 inceliyor. Kad\u0131nlar\u0131n kamusal alanlardaki mevcudiyetlerinin ve hareketlerinin kamusal bak\u0131\u015f\u0131n yarg\u0131s\u0131yla do\u011frudan ba\u011flant\u0131l\u0131 oldu\u011funu ve k\u0131yafetin kamusal bak\u0131\u015f\u0131n ahlak yarg\u0131s\u0131 i\u00e7in temel \u00f6l\u00e7\u00fctlerden birini olu\u015fturdu\u011funu g\u00f6r\u00fcyoruz. T\u00fcrkiye&#8217;de toplumsal cinsiyet ve cinsel ahlak \u00fczerine yap\u0131lan \u00e7al\u0131\u015fmalar, genellikle ailenin ya da ulusun namusunu koruma kisvesi alt\u0131nda kad\u0131nlar\u0131n bedenleri \u00fczerindeki eril tahakk\u00fcm iddialar\u0131yla ilgilenir, ama kad\u0131nlar\u0131n kamusal alanlardaki hareketlili\u011fini ve etkinli\u011fini s\u0131n\u0131rlayan patriyarkal cinsel ahlak d\u00fczeninin s\u00fcreklili\u011fini sa\u011flayan k\u0131yafet kodlar\u0131n\u0131n rol\u00fcne gereken \u00f6nemi vermezler. \u00d6z\u00e7etin ise kitab\u0131nda cinsel ahlak\u0131n kamusal alanlar\u0131 patriyarkal normlar etraf\u0131nda hizaya sokmas\u0131na bakarken, ayn\u0131 normlar\u0131n cinsel kad\u0131n bedenlerini bu alanlardan silmeye d\u00f6n\u00fck olarak kuruldu\u011funu g\u00f6stermektedir.<\/p>\n","protected":false},"excerpt":{"rendered":"<p>\u00d6z\u00e7etin&#8217;in ara\u015ft\u0131rmas\u0131 hem Kemalist hem \u0130slamc\u0131 muhafazak\u00e2r s\u00f6ylemin kad\u0131nlar\u0131n cinsel bedenlerini gizlemek ve kad\u0131nlar\u0131n kamusal alanlardaki g\u00f6r\u00fcn\u00fcrl\u00fcklerini d\u00fczenlemek i\u00e7in nas\u0131l k\u0131yafeti bir beden teknolojisi olarak kulland\u0131\u011f\u0131n\u0131<span class=\"excerpt-hellip\"> [\u2026]<\/span><\/p>\n","protected":false},"featured_media":0,"template":"","meta":{"_monsterinsights_skip_tracking":false,"_monsterinsights_sitenote_active":false,"_monsterinsights_sitenote_note":"","_monsterinsights_sitenote_category":0},"product_brand":[],"product_cat":[12324],"product_tag":[],"class_list":{"0":"post-759072","1":"product","2":"type-product","3":"status-publish","5":"product_cat-sosyoloji","6":"pa_cilt-ciltsiz","7":"pa_tur-kitap","8":"pa_yayinevi-metis-yayinlari","9":"pa_yazar-hilal-ozcetin","11":"first","12":"instock","13":"sale","14":"shipping-taxable","15":"purchasable","16":"product-type-simple"},"_links":{"self":[{"href":"https:\/\/roveyayinevi.com.tr\/index.php\/wp-json\/wp\/v2\/product\/759072","targetHints":{"allow":["GET"]}}],"collection":[{"href":"https:\/\/roveyayinevi.com.tr\/index.php\/wp-json\/wp\/v2\/product"}],"about":[{"href":"https:\/\/roveyayinevi.com.tr\/index.php\/wp-json\/wp\/v2\/types\/product"}],"wp:attachment":[{"href":"https:\/\/roveyayinevi.com.tr\/index.php\/wp-json\/wp\/v2\/media?parent=759072"}],"wp:term":[{"taxonomy":"product_brand","embeddable":true,"href":"https:\/\/roveyayinevi.com.tr\/index.php\/wp-json\/wp\/v2\/product_brand?post=759072"},{"taxonomy":"product_cat","embeddable":true,"href":"https:\/\/roveyayinevi.com.tr\/index.php\/wp-json\/wp\/v2\/product_cat?post=759072"},{"taxonomy":"product_tag","embeddable":true,"href":"https:\/\/roveyayinevi.com.tr\/index.php\/wp-json\/wp\/v2\/product_tag?post=759072"}],"curies":[{"name":"wp","href":"https:\/\/api.w.org\/{rel}","templated":true}]}}