{"id":759071,"date":"2025-08-28T08:23:55","date_gmt":"2025-08-28T05:23:55","guid":{"rendered":"https:\/\/roveyayinevi.com.tr\/index.php\/urun\/balikesirli-abdulaziz-mecdi-tolun\/"},"modified":"2026-04-07T03:18:15","modified_gmt":"2026-04-07T00:18:15","slug":"balikesirli-abdulaziz-mecdi-tolun","status":"publish","type":"product","link":"https:\/\/roveyayinevi.com.tr\/index.php\/urun\/balikesirli-abdulaziz-mecdi-tolun\/","title":{"rendered":"Bal\u0131kesirli Abd\u00fclaziz Mecdi Tolun"},"content":{"rendered":"<p>Ahmed G\u00fcner Sayar\u2019\u0131n bu monografik \u00e7al\u0131\u015fmas\u0131, Osmanl\u0131\u2019n\u0131n son ve Cumhuriyet\u2019in ilk d\u00f6nemlerine \u015fahitlik etmi\u015f mutasavv\u0131f ve \u015fair olan Abd\u00fclaziz Mecd\u00ee Tolun\u2019a hasredilmi\u015ftir. A. Mecd\u00ee Efendi, ilim, irf\u00e2n, siy\u00e2set ve tic\u00e2ret gibi hayat\u0131n farkl\u0131 alanlar\u0131nda faaliyet g\u00f6stermi\u015f \u015fahsiyetlerden biridir. Ayn\u0131 zamanda o, devrin ayd\u0131nlar\u0131ndan A. S\u00fcheyl \u00dcnver, M. R\u00e2if Yelkenci ve Osman Nuri Ergin\u2019e manev\u00ee \u00f6nc\u00fcl\u00fck etmi\u015f, bir m\u00fcr\u015fit s\u0131fat\u0131 ta\u015f\u0131maktad\u0131r.Eseri hocas\u0131 S\u00fcheyl \u00dcnver\u2019in iste\u011fi \u00fczerine kaleme ald\u0131\u011f\u0131n\u0131 ifade eden A. G\u00fcner Sayar, bu eserinde kulland\u0131\u011f\u0131 mevcut kaynaklar\u0131n\u0131n ve Div\u00e2n\u2019\u0131ndaki \u015fiirlerinin yan\u0131 s\u0131ra Mecd\u00ee Efendi ile ili\u015fkin S\u00fcheyl \u00dcnver\u2019den kendisine intikal eden \u00f6zel dosyalar ve kay\u0131t alt\u0131na ald\u0131klar\u0131 bilgilerinden faydalanarak Mecd\u00ee Efendi\u2019nin hayat\u0131, edeb\u00ee ve ilm\u00ee \u015fahsiyeti ile tasavvuf\u00ee d\u00fcnyas\u0131 ve sosyal muhitini ele alm\u0131\u015ft\u0131r. B\u00f6ylece m\u00fcellif, daha \u00f6nce yaz\u0131lan \u00e7al\u0131\u015fmalar\u0131n aksine Mecd\u00ee Efendi\u2019nin ger\u00e7ek ve \u00f6zg\u00fcn bir portresini b\u00fct\u00fcn y\u00f6nleriyle \u00e7izmeye \u00e7al\u0131\u015fm\u0131\u015ft\u0131r.<\/p>\n","protected":false},"excerpt":{"rendered":"<p>Ahmed G\u00fcner Sayar\u2019\u0131n bu monografik \u00e7al\u0131\u015fmas\u0131, Osmanl\u0131\u2019n\u0131n son ve Cumhuriyet\u2019in ilk d\u00f6nemlerine \u015fahitlik etmi\u015f mutasavv\u0131f ve \u015fair olan Abd\u00fclaziz Mecd\u00ee Tolun\u2019a hasredilmi\u015ftir. A. Mecd\u00ee Efendi, ilim,<span class=\"excerpt-hellip\"> [\u2026]<\/span><\/p>\n","protected":false},"featured_media":0,"template":"","meta":{"_monsterinsights_skip_tracking":false,"_monsterinsights_sitenote_active":false,"_monsterinsights_sitenote_note":"","_monsterinsights_sitenote_category":0},"product_brand":[],"product_cat":[14009,12291],"product_tag":[],"class_list":{"0":"post-759071","1":"product","2":"type-product","3":"status-publish","5":"product_cat-biyografi-otobiyografi-edebiyat","6":"product_cat-edebiyat","7":"pa_cilt-ciltsiz","8":"pa_tur-kitap","9":"pa_yayinevi-otuken-nesriyat","10":"pa_yazar-ahmed-guner-sayar","12":"first","13":"instock","14":"sale","15":"shipping-taxable","16":"purchasable","17":"product-type-simple"},"_links":{"self":[{"href":"https:\/\/roveyayinevi.com.tr\/index.php\/wp-json\/wp\/v2\/product\/759071","targetHints":{"allow":["GET"]}}],"collection":[{"href":"https:\/\/roveyayinevi.com.tr\/index.php\/wp-json\/wp\/v2\/product"}],"about":[{"href":"https:\/\/roveyayinevi.com.tr\/index.php\/wp-json\/wp\/v2\/types\/product"}],"wp:attachment":[{"href":"https:\/\/roveyayinevi.com.tr\/index.php\/wp-json\/wp\/v2\/media?parent=759071"}],"wp:term":[{"taxonomy":"product_brand","embeddable":true,"href":"https:\/\/roveyayinevi.com.tr\/index.php\/wp-json\/wp\/v2\/product_brand?post=759071"},{"taxonomy":"product_cat","embeddable":true,"href":"https:\/\/roveyayinevi.com.tr\/index.php\/wp-json\/wp\/v2\/product_cat?post=759071"},{"taxonomy":"product_tag","embeddable":true,"href":"https:\/\/roveyayinevi.com.tr\/index.php\/wp-json\/wp\/v2\/product_tag?post=759071"}],"curies":[{"name":"wp","href":"https:\/\/api.w.org\/{rel}","templated":true}]}}