{"id":759070,"date":"2025-08-28T08:23:53","date_gmt":"2025-08-28T05:23:53","guid":{"rendered":"https:\/\/roveyayinevi.com.tr\/index.php\/urun\/1984-31\/"},"modified":"2026-04-16T03:11:53","modified_gmt":"2026-04-16T00:11:53","slug":"1984-31","status":"publish","type":"product","link":"https:\/\/roveyayinevi.com.tr\/index.php\/urun\/1984-31\/","title":{"rendered":"1984"},"content":{"rendered":"<p>1984 y\u0131l\u0131n\u0131n Londra\u2019s\u0131nda, ad\u0131yla b\u00fcy\u00fck bir ironi i\u00e7indeki Ger\u00e7ek Bakanl\u0131\u011f\u0131\u2019nda \u00e7al\u0131\u015fan Winston Smith, Julia ad\u0131nda bir kad\u0131na \u00e2\u015f\u0131k olur. Ne var ki tele-ekranlar\u0131n herkesi izledi\u011fi, B\u00fcy\u00fck Birader\u2019le Parti\u2019nin neredeyse t\u00fcm duygu ve davran\u0131\u015flara ket vurdu\u011fu, izin verilenin d\u0131\u015f\u0131na \u00e7\u0131kan her s\u00f6ylemin d\u00fc\u015f\u00fcnce su\u00e7u kapsam\u0131nda g\u00f6r\u00fcl\u00fcp cezaland\u0131r\u0131ld\u0131\u011f\u0131 b\u00f6ylesi bir d\u00fcnyada a\u015fk, ba\u015fl\u0131 ba\u015f\u0131na bir isyand\u0131r. Ve t\u00fcm dikta rejimlerinde oldu\u011fu gibi isyan, ak\u0131l almaz cezalar\u0131 da beraberinde getirir. George Orwell\u2019\u0131n \u00f6l\u00fcms\u00fcz distopyas\u0131 1984, bu kitapta Fr\u00e9d\u00e9ric Pontarolo\u2019nun \u00e7arp\u0131c\u0131 \u00e7izimleriyle yeniden hayat buluyor.G\u00dcL\u00dcMSE B\u00dcY\u00dcK B\u0130RADER\u0130N G\u00d6Z\u00dc \u00dcST\u00dcNDE<\/p>\n","protected":false},"excerpt":{"rendered":"<p>1984 y\u0131l\u0131n\u0131n Londra\u2019s\u0131nda, ad\u0131yla b\u00fcy\u00fck bir ironi i\u00e7indeki Ger\u00e7ek Bakanl\u0131\u011f\u0131\u2019nda \u00e7al\u0131\u015fan Winston Smith, Julia ad\u0131nda bir kad\u0131na \u00e2\u015f\u0131k olur. Ne var ki tele-ekranlar\u0131n herkesi izledi\u011fi, B\u00fcy\u00fck<span class=\"excerpt-hellip\"> [\u2026]<\/span><\/p>\n","protected":false},"featured_media":0,"template":"","meta":{"_monsterinsights_skip_tracking":false,"_monsterinsights_sitenote_active":false,"_monsterinsights_sitenote_note":"","_monsterinsights_sitenote_category":0},"product_brand":[],"product_cat":[12416,12291],"product_tag":[],"class_list":{"0":"post-759070","1":"product","2":"type-product","3":"status-publish","5":"product_cat-cizgi-roman","6":"product_cat-edebiyat","7":"pa_cilt-ciltsiz","8":"pa_tur-kitap","9":"pa_yayinevi-epsilon-yayinlari","10":"pa_yazar-frederic-pontarolo","12":"first","13":"instock","14":"sale","15":"shipping-taxable","16":"purchasable","17":"product-type-simple"},"_links":{"self":[{"href":"https:\/\/roveyayinevi.com.tr\/index.php\/wp-json\/wp\/v2\/product\/759070","targetHints":{"allow":["GET"]}}],"collection":[{"href":"https:\/\/roveyayinevi.com.tr\/index.php\/wp-json\/wp\/v2\/product"}],"about":[{"href":"https:\/\/roveyayinevi.com.tr\/index.php\/wp-json\/wp\/v2\/types\/product"}],"wp:attachment":[{"href":"https:\/\/roveyayinevi.com.tr\/index.php\/wp-json\/wp\/v2\/media?parent=759070"}],"wp:term":[{"taxonomy":"product_brand","embeddable":true,"href":"https:\/\/roveyayinevi.com.tr\/index.php\/wp-json\/wp\/v2\/product_brand?post=759070"},{"taxonomy":"product_cat","embeddable":true,"href":"https:\/\/roveyayinevi.com.tr\/index.php\/wp-json\/wp\/v2\/product_cat?post=759070"},{"taxonomy":"product_tag","embeddable":true,"href":"https:\/\/roveyayinevi.com.tr\/index.php\/wp-json\/wp\/v2\/product_tag?post=759070"}],"curies":[{"name":"wp","href":"https:\/\/api.w.org\/{rel}","templated":true}]}}