{"id":759067,"date":"2025-08-28T08:23:47","date_gmt":"2025-08-28T05:23:47","guid":{"rendered":"https:\/\/roveyayinevi.com.tr\/index.php\/urun\/bir-varmis-hep-varmis\/"},"modified":"2026-04-16T03:11:53","modified_gmt":"2026-04-16T00:11:53","slug":"bir-varmis-hep-varmis","status":"publish","type":"product","link":"https:\/\/roveyayinevi.com.tr\/index.php\/urun\/bir-varmis-hep-varmis\/","title":{"rendered":"Bir Varm\u0131\u015f Hep Varm\u0131\u015f"},"content":{"rendered":"<p>Ben Berrak, \u00c7alkant\u0131l\u0131 ruhum her zaman ismimi yans\u0131tmasa da f\u0131rt\u0131nalar\u0131 dinince sakin limanlara varmay\u0131 \u00f6\u011freniyorum. \u00c7ocuklu\u011fumun masallar\u0131yla beslenen masum hayallerim d\u00fc\u015f k\u0131r\u0131kl\u0131\u011f\u0131na d\u00f6n\u00fc\u015fse de ben o sayede sava\u015f\u00e7\u0131 ruhumu tan\u0131maya ba\u015fl\u0131yorum. O k\u0131r\u0131k hayalleri at\u0131p yeni sayfalar a\u00e7may\u0131 \u00f6\u011freniyorum. Hik\u00e2yeme, \u201cbir varm\u0131\u015f bir yokmu\u015f\u201d diye ba\u015flasam da masallardaki gibi \u201csonsuza dek mutlu ya\u015fad\u0131lar\u201d diye bitmeyece\u011fini biliyorum. \u00c7\u00fcnk\u00fc \u201csonsuz\u201d yerine bana \u201consuz\u201d ya\u015famak ve sonsuzlu\u011fu sorgulamak d\u00fc\u015ft\u00fc. Onsuz da dimdik ya\u015famay\u0131 zor yoldan \u00f6\u011frenmek d\u00fc\u015ft\u00fc. Trafik kazas\u0131nda hayat arkada\u015f\u0131n\u0131, \u00e7ocu\u011funun babas\u0131n\u0131 kaybeden Berrak Koyuncu Demirci\u2019den hem bir isyan \u00e7\u0131\u011fl\u0131\u011f\u0131 hem de bir kabulleni\u015f; Bir Varm\u0131\u015f Hep Varm\u0131\u015f. Yas d\u00f6neminden ge\u00e7en ve hayat yolculu\u011funda yolunu kaybedenlere \u0131\u015f\u0131k olmas\u0131 i\u00e7in yaz\u0131ld\u0131&#8230; Unutmay\u0131n: H\u0130\u00c7B\u0130R \u015eEY \u00d6LMEZ HER \u015eEY YA\u015eAR&#8230; <\/p>\n","protected":false},"excerpt":{"rendered":"<p>Ben Berrak, \u00c7alkant\u0131l\u0131 ruhum her zaman ismimi yans\u0131tmasa da f\u0131rt\u0131nalar\u0131 dinince sakin limanlara varmay\u0131 \u00f6\u011freniyorum. \u00c7ocuklu\u011fumun masallar\u0131yla beslenen masum hayallerim d\u00fc\u015f k\u0131r\u0131kl\u0131\u011f\u0131na d\u00f6n\u00fc\u015fse de ben o<span class=\"excerpt-hellip\"> [\u2026]<\/span><\/p>\n","protected":false},"featured_media":0,"template":"","meta":{"_monsterinsights_skip_tracking":false,"_monsterinsights_sitenote_active":false,"_monsterinsights_sitenote_note":"","_monsterinsights_sitenote_category":0},"product_brand":[],"product_cat":[18545,12291],"product_tag":[],"class_list":{"0":"post-759067","1":"product","2":"type-product","3":"status-publish","5":"product_cat-anlati","6":"product_cat-edebiyat","7":"pa_cilt-ciltsiz","8":"pa_tur-kitap","9":"pa_yayinevi-dogan-novus","10":"pa_yazar-berrak-koyuncu-demirci","12":"first","13":"instock","14":"sale","15":"shipping-taxable","16":"purchasable","17":"product-type-simple"},"_links":{"self":[{"href":"https:\/\/roveyayinevi.com.tr\/index.php\/wp-json\/wp\/v2\/product\/759067","targetHints":{"allow":["GET"]}}],"collection":[{"href":"https:\/\/roveyayinevi.com.tr\/index.php\/wp-json\/wp\/v2\/product"}],"about":[{"href":"https:\/\/roveyayinevi.com.tr\/index.php\/wp-json\/wp\/v2\/types\/product"}],"wp:attachment":[{"href":"https:\/\/roveyayinevi.com.tr\/index.php\/wp-json\/wp\/v2\/media?parent=759067"}],"wp:term":[{"taxonomy":"product_brand","embeddable":true,"href":"https:\/\/roveyayinevi.com.tr\/index.php\/wp-json\/wp\/v2\/product_brand?post=759067"},{"taxonomy":"product_cat","embeddable":true,"href":"https:\/\/roveyayinevi.com.tr\/index.php\/wp-json\/wp\/v2\/product_cat?post=759067"},{"taxonomy":"product_tag","embeddable":true,"href":"https:\/\/roveyayinevi.com.tr\/index.php\/wp-json\/wp\/v2\/product_tag?post=759067"}],"curies":[{"name":"wp","href":"https:\/\/api.w.org\/{rel}","templated":true}]}}