{"id":759066,"date":"2025-08-28T08:23:46","date_gmt":"2025-08-28T05:23:46","guid":{"rendered":"https:\/\/roveyayinevi.com.tr\/index.php\/urun\/uygulamali-hikaye-anlaticiligi\/"},"modified":"2026-04-16T03:11:53","modified_gmt":"2026-04-16T00:11:53","slug":"uygulamali-hikaye-anlaticiligi","status":"publish","type":"product","link":"https:\/\/roveyayinevi.com.tr\/index.php\/urun\/uygulamali-hikaye-anlaticiligi\/","title":{"rendered":"Uygulamal\u0131 Hikaye Anlat\u0131c\u0131l\u0131\u011f\u0131"},"content":{"rendered":"<p>\u201cUygulamal\u0131 hik\u00e2ye anlat\u0131c\u0131l\u0131\u011f\u0131, hem ki\u015fisel hem toplumsal de\u011fi\u015fimi tetiklemek i\u00e7in hik\u00e2ye anlat\u0131c\u0131l\u0131\u011f\u0131 ve hik\u00e2ye anlat\u0131c\u0131l\u0131\u011f\u0131 y\u00f6ntemleriyle \u00e7al\u0131\u015fmakt\u0131r. Ba\u015flang\u0131\u00e7 noktas\u0131, ortak ve denk bir temele varmak i\u00e7in bir anlat\u0131 kurgusu ile hayal g\u00fcc\u00fcnden yararlanarak ve ki\u015fisel, duygusal ve evrensel alanlara girerek kar\u015f\u0131l\u0131kl\u0131 bilgi aktaran anlat\u0131c\u0131 ile dinleyicinin eksiksiz birli\u011fidir.\u201d Uygulamal\u0131 Hik\u00e2ye Anlat\u0131c\u0131l\u0131\u011f\u0131 okuru kadim hik\u00e2ye anlat\u0131c\u0131l\u0131\u011f\u0131 sanat\u0131n\u0131n \u015fa\u015f\u0131rt\u0131c\u0131 d\u00fcnyas\u0131nda renkli bir yolculu\u011fa davet ediyor. Y\u00fcre\u011fin heyecanla \u00e7arpmas\u0131n\u0131, zihnin hayal d\u00fcnyas\u0131nda merakla gezinmesini ve ruhun \u00f6zg\u00fcrle\u015fmesini sa\u011flayan hik\u00e2yelerin g\u00fcc\u00fcn\u00fc ke\u015ffederken ortak anlam\u0131 ara\u015ft\u0131rman\u0131n, insanl\u0131k ve hayat \u00fczerinden birle\u015fmenin imk\u00e2nlar\u0131n\u0131 sorguluyor. Hik\u00e2yelerin modern d\u00fcnyada topluluklar\u0131n ve bireylerin geli\u015fimi i\u00e7in nas\u0131l kullan\u0131labilece\u011fine odaklanan yazarlar \u00e7at\u0131\u015fma \u00e7\u00f6z\u00fcm\u00fc, mesleki e\u011fitim, dil \u00f6\u011frenimi, ki\u015fisel geli\u015fim ya da rehabilitasyon gibi farkl\u0131 alanlara \u00f6zel pratik \u00f6nerilerde de bulunuyorlar. Topluluklar\u0131n tek tek \u00fcyelerini ve onlar aras\u0131ndaki ba\u011flar\u0131 g\u00fc\u00e7lendirmeyi ama\u00e7layan herkes i\u00e7in vazge\u00e7ilmez bir ba\u015fvuru kayna\u011f\u0131.<\/p>\n","protected":false},"excerpt":{"rendered":"<p>\u201cUygulamal\u0131 hik\u00e2ye anlat\u0131c\u0131l\u0131\u011f\u0131, hem ki\u015fisel hem toplumsal de\u011fi\u015fimi tetiklemek i\u00e7in hik\u00e2ye anlat\u0131c\u0131l\u0131\u011f\u0131 ve hik\u00e2ye anlat\u0131c\u0131l\u0131\u011f\u0131 y\u00f6ntemleriyle \u00e7al\u0131\u015fmakt\u0131r. Ba\u015flang\u0131\u00e7 noktas\u0131, ortak ve denk bir temele varmak i\u00e7in<span class=\"excerpt-hellip\"> [\u2026]<\/span><\/p>\n","protected":false},"featured_media":0,"template":"","meta":{"_monsterinsights_skip_tracking":false,"_monsterinsights_sitenote_active":false,"_monsterinsights_sitenote_note":"","_monsterinsights_sitenote_category":0},"product_brand":[],"product_cat":[13772,12364],"product_tag":[],"class_list":{"0":"post-759066","1":"product","2":"type-product","3":"status-publish","5":"product_cat-basvuru-kitaplari","6":"product_cat-genel-konular","7":"pa_cilt-ciltsiz","8":"pa_tur-kitap","9":"pa_yayinevi-iletisim-yayinlari","10":"pa_yazar-arjen-barel-ronni-gurwicz-stu-packer","12":"first","13":"instock","14":"sale","15":"shipping-taxable","16":"purchasable","17":"product-type-simple"},"_links":{"self":[{"href":"https:\/\/roveyayinevi.com.tr\/index.php\/wp-json\/wp\/v2\/product\/759066","targetHints":{"allow":["GET"]}}],"collection":[{"href":"https:\/\/roveyayinevi.com.tr\/index.php\/wp-json\/wp\/v2\/product"}],"about":[{"href":"https:\/\/roveyayinevi.com.tr\/index.php\/wp-json\/wp\/v2\/types\/product"}],"wp:attachment":[{"href":"https:\/\/roveyayinevi.com.tr\/index.php\/wp-json\/wp\/v2\/media?parent=759066"}],"wp:term":[{"taxonomy":"product_brand","embeddable":true,"href":"https:\/\/roveyayinevi.com.tr\/index.php\/wp-json\/wp\/v2\/product_brand?post=759066"},{"taxonomy":"product_cat","embeddable":true,"href":"https:\/\/roveyayinevi.com.tr\/index.php\/wp-json\/wp\/v2\/product_cat?post=759066"},{"taxonomy":"product_tag","embeddable":true,"href":"https:\/\/roveyayinevi.com.tr\/index.php\/wp-json\/wp\/v2\/product_tag?post=759066"}],"curies":[{"name":"wp","href":"https:\/\/api.w.org\/{rel}","templated":true}]}}