{"id":759065,"date":"2025-08-28T08:23:45","date_gmt":"2025-08-28T05:23:45","guid":{"rendered":"https:\/\/roveyayinevi.com.tr\/index.php\/urun\/ateizmin-ruhu\/"},"modified":"2026-04-16T03:11:53","modified_gmt":"2026-04-16T00:11:53","slug":"ateizmin-ruhu","status":"publish","type":"product","link":"https:\/\/roveyayinevi.com.tr\/index.php\/urun\/ateizmin-ruhu\/","title":{"rendered":"Ateizmin Ruhu"},"content":{"rendered":"<p>\u201cTanr\u0131 olsun olmas\u0131n, say\u0131lamayacak kadar vah\u015fet var. Bu, bize din \u00fczerine de\u011fil, ne yaz\u0131k ki insanl\u0131k \u00fczerine bir \u015feyler \u00f6\u011fretiyor.\u201d Dinden vazge\u00e7ilebilir mi? Tanr\u0131 var m\u0131d\u0131r? Ateistler maneviyat\u0131 reddeder mi? Andr\u00e9 Comte-Sponville, Ateizmin Ruhu\u2019nda bu sorular\u0131 a\u00e7\u0131k y\u00fcreklilik ve cesaretle yan\u0131tl\u0131yor. \u0130lahiyat\u00e7\u0131lar\u0131n ve felsefecilerin Tanr\u0131\u2019n\u0131n varl\u0131\u011f\u0131na dair sundu\u011fu kan\u0131tlar\u0131 ele al\u0131p kendi ateizminin temellerini ortaya koyuyor. Laiklik, sevgi ve ho\u015fg\u00f6r\u00fcn\u00fcn insanlar\u0131 birle\u015ftirecek asli zemin oldu\u011funu savunuyor, bizi kendi varl\u0131\u011f\u0131m\u0131zda hakikati bulmaya \u00e7a\u011f\u0131r\u0131yor. D\u00fc\u015f\u00fcn\u00fcr, manevi ya\u015fama da bu d\u00fcnyaya da a\u00e7\u0131k, sorgulayan, insani de\u011ferlere ve sevgiye k\u00f6k salm\u0131\u015f, adaleti ve merhameti temel alan bir ateizmi savunuyor. Hem k\u00f6ktencili\u011fe hem de fanatizme kar\u015f\u0131 a\u00e7\u0131k bir tav\u0131r alan Comte-Sponville, tanr\u0131s\u0131z ve dogmas\u0131z bir maneviyat aray\u0131\u015f\u0131n\u0131 ilan ediyor, \u00f6zg\u00fcn bir ateizm manifestosu sunuyor<\/p>\n","protected":false},"excerpt":{"rendered":"<p>\u201cTanr\u0131 olsun olmas\u0131n, say\u0131lamayacak kadar vah\u015fet var. Bu, bize din \u00fczerine de\u011fil, ne yaz\u0131k ki insanl\u0131k \u00fczerine bir \u015feyler \u00f6\u011fretiyor.\u201d Dinden vazge\u00e7ilebilir mi? Tanr\u0131 var m\u0131d\u0131r?<span class=\"excerpt-hellip\"> [\u2026]<\/span><\/p>\n","protected":false},"featured_media":0,"template":"","meta":{"_monsterinsights_skip_tracking":false,"_monsterinsights_sitenote_active":false,"_monsterinsights_sitenote_note":"","_monsterinsights_sitenote_category":0},"product_brand":[],"product_cat":[12337],"product_tag":[],"class_list":{"0":"post-759065","1":"product","2":"type-product","3":"status-publish","5":"product_cat-politika-siyaset","6":"pa_cilt-ciltsiz","7":"pa_tur-kitap","8":"pa_yayinevi-iletisim-yayinlari","9":"pa_yazar-andre-comte-sponville","11":"first","12":"instock","13":"sale","14":"shipping-taxable","15":"purchasable","16":"product-type-simple"},"_links":{"self":[{"href":"https:\/\/roveyayinevi.com.tr\/index.php\/wp-json\/wp\/v2\/product\/759065","targetHints":{"allow":["GET"]}}],"collection":[{"href":"https:\/\/roveyayinevi.com.tr\/index.php\/wp-json\/wp\/v2\/product"}],"about":[{"href":"https:\/\/roveyayinevi.com.tr\/index.php\/wp-json\/wp\/v2\/types\/product"}],"wp:attachment":[{"href":"https:\/\/roveyayinevi.com.tr\/index.php\/wp-json\/wp\/v2\/media?parent=759065"}],"wp:term":[{"taxonomy":"product_brand","embeddable":true,"href":"https:\/\/roveyayinevi.com.tr\/index.php\/wp-json\/wp\/v2\/product_brand?post=759065"},{"taxonomy":"product_cat","embeddable":true,"href":"https:\/\/roveyayinevi.com.tr\/index.php\/wp-json\/wp\/v2\/product_cat?post=759065"},{"taxonomy":"product_tag","embeddable":true,"href":"https:\/\/roveyayinevi.com.tr\/index.php\/wp-json\/wp\/v2\/product_tag?post=759065"}],"curies":[{"name":"wp","href":"https:\/\/api.w.org\/{rel}","templated":true}]}}