{"id":759063,"date":"2025-08-28T08:23:42","date_gmt":"2025-08-28T05:23:42","guid":{"rendered":"https:\/\/roveyayinevi.com.tr\/index.php\/urun\/yaratici-eylem-bir-var-olma-bicimi\/"},"modified":"2026-04-16T03:11:53","modified_gmt":"2026-04-16T00:11:53","slug":"yaratici-eylem-bir-var-olma-bicimi","status":"publish","type":"product","link":"https:\/\/roveyayinevi.com.tr\/index.php\/urun\/yaratici-eylem-bir-var-olma-bicimi\/","title":{"rendered":"Yarat\u0131c\u0131 Eylem: Bir Var Olma Bi\u00e7imi"},"content":{"rendered":"<p>YILIN EN \u0130Y\u0130 KURGU DI\u015eI K\u0130TABI \u00d6D\u00dcL\u00dc F\u0130NAL\u0130ST\u0130 \u2013 GOODREADS YILIN EN \u0130Y\u0130 K\u0130TABI F\u0130NAL\u0130ST\u0130 \u2013 WATERSTONES ve BARNES&amp;NOBLE     &#8220;Genel ge\u00e7er anlamda sanat yap\u0131p yapmad\u0131\u011f\u0131m\u0131za bakmaks\u0131z\u0131n hepimiz birer sanat\u00e7\u0131 olarak ya\u015f\u0131yoruz. Verileri alg\u0131l\u0131yor, s\u00fczge\u00e7ten ge\u00e7iriyor, ard\u0131ndan bu bilgi setinden yola \u00e7\u0131karak kendimiz ve ba\u015fkalar\u0131 i\u00e7in bir deneyim olu\u015fturuyoruz. Fark\u0131nda olal\u0131m ya da olmayal\u0131m, sadece hayatta oldu\u011fumuz i\u00e7in bile s\u00fcregiden yaratma s\u00fcrecinin aktif kat\u0131l\u0131mc\u0131lar\u0131y\u0131z. Sanat\u00e7\u0131 gibi ya\u015famak d\u00fcnyada bir varolu\u015f bi\u00e7imidir. Bir alg\u0131lay\u0131\u015f ve fark\u0131ndal\u0131k \u015feklidir.&#8221;   Yarat\u0131c\u0131 Eylem, yarat\u0131c\u0131l\u0131\u011f\u0131n ya\u015fam\u0131m\u0131zda kaplad\u0131\u011f\u0131 alan\u0131 nas\u0131l geni\u015fletebilece\u011fimizi g\u00f6steren \u0131\u015f\u0131lt\u0131l\u0131 ve ilham verici bir kitap.   \u201cRick Rubin d\u00e2hi yarat\u0131c\u0131 dedi\u011fimiz \u015feyin bire bir kar\u015f\u0131l\u0131\u011f\u0131 ve san\u0131r\u0131m bu, bug\u00fcne kadar yarat\u0131c\u0131l\u0131k \u00fcst\u00fcne okudu\u011fum en ilham verici kitap.\u201d \u2013Matt Haig   Rick Rubin m\u00fczik d\u00fcnyas\u0131n\u0131n s\u0131n\u0131rlar\u0131n\u0131 zorlayan, Time\u2019\u0131n \u201cD\u00fcnyan\u0131n En Etkili 100 Ki\u015fisi\u201d listesine girmi\u015f bir vizyoner. \u0130nsanlar\u0131 y\u0131llarca kendilerini a\u015fmaya te\u015fvik etmi\u015f, Red Hot Chili Peppers, Johnny Cash, Slayer, Jay Z ve Adele gibi pek \u00e7ok efsanenin, efsanevi m\u00fczik yap\u0131mc\u0131s\u0131.   \u00c7o\u011fu m\u00fczik yap\u0131mc\u0131s\u0131 kendine has sounduyla tan\u0131n\u0131rken Rick Rubin birlikte \u00e7al\u0131\u015ft\u0131\u011f\u0131 sanat\u00e7\u0131lar i\u00e7in kendilerini a\u015fabilecekleri bir alan yaratmas\u0131yla me\u015fhur: Do\u011fu\u015ftan gelen \u00f6zg\u00fcr ruhlar\u0131yla, beklentilerle ehlile\u015ftirilmemi\u015f saf benlikleriyle yeniden temasa ge\u00e7ebilecekleri bir alan. Bu kitap, Rubin&#8217;in ayn\u0131 alan\u0131 bizler i\u00e7in olu\u015fturma giri\u015fimi. \u00c7\u00fcnk\u00fc ona g\u00f6re yarat\u0131c\u0131l\u0131k do\u011fu\u015ftan gelen bir hak ve hepimize mahsus. Yeter ki gereken \u00f6z fark\u0131ndal\u0131\u011f\u0131 geli\u015ftirebilelim, d\u0131\u015far\u0131dan nas\u0131l alg\u0131land\u0131\u011f\u0131m\u0131z\u0131 bir tarafa b\u0131rak\u0131p, do\u011frudan i\u00e7 d\u00fcnyam\u0131zla uyumlanabilelim.   Yarat\u0131c\u0131 Eylem, sanat\u00e7\u0131n\u0131n yolunu herkesin izleyebilece\u011fi bir rota olarak ayd\u0131nlatan; yarat\u0131c\u0131 s\u00fcrecin sadece ba\u015far\u0131 hik\u00e2yelerinden ibaret olmad\u0131\u011f\u0131n\u0131, ayn\u0131 zamanda zorluklar ve cesur hatalardan ge\u00e7ti\u011fini g\u00f6steren bir rehber. Rubin bir \u00f6m\u00fcr boyu s\u00fcren \u00e7al\u0131\u015fmalar\u0131ndan edindi\u011fi bilgeli\u011fi dam\u0131t\u0131p, yaratma g\u00fcc\u00fcn\u00fc hepimiz i\u00e7in daha eri\u015filebilir k\u0131l\u0131yor.   \u201c\u0130ster m\u00fc\u015fterisiyle ileti\u015fim kurmakta zorlanan biri olsun ister i\u015f yeti\u015ftirmeye \u00e7al\u0131\u015fan bir sevdi\u011finiz, Yarat\u0131c\u0131 Eylem, te\u015fvik edici o k\u0131v\u0131lc\u0131ma ihtiya\u00e7 duyan herkes i\u00e7in sorunlara yeni bir bak\u0131\u015f a\u00e7\u0131s\u0131yla yakla\u015fmaya yard\u0131mc\u0131 olacak, g\u00fc\u00e7l\u00fc bir kitap.\u201d \u2013Guardian <\/p>\n","protected":false},"excerpt":{"rendered":"<p>YILIN EN \u0130Y\u0130 KURGU DI\u015eI K\u0130TABI \u00d6D\u00dcL\u00dc F\u0130NAL\u0130ST\u0130 \u2013 GOODREADS YILIN EN \u0130Y\u0130 K\u0130TABI F\u0130NAL\u0130ST\u0130 \u2013 WATERSTONES ve BARNES&amp;NOBLE &#8220;Genel ge\u00e7er anlamda sanat yap\u0131p yapmad\u0131\u011f\u0131m\u0131za bakmaks\u0131z\u0131n<span class=\"excerpt-hellip\"> [\u2026]<\/span><\/p>\n","protected":false},"featured_media":0,"template":"","meta":{"_monsterinsights_skip_tracking":false,"_monsterinsights_sitenote_active":false,"_monsterinsights_sitenote_note":"","_monsterinsights_sitenote_category":0},"product_brand":[],"product_cat":[12364,12376],"product_tag":[],"class_list":{"0":"post-759063","1":"product","2":"type-product","3":"status-publish","5":"product_cat-genel-konular","6":"product_cat-kisisel-gelisim","7":"pa_cilt-ciltsiz","8":"pa_tur-kitap","9":"pa_yayinevi-domingo-yayinevi","10":"pa_yazar-rick-rubin","12":"first","13":"instock","14":"sale","15":"shipping-taxable","16":"purchasable","17":"product-type-simple"},"_links":{"self":[{"href":"https:\/\/roveyayinevi.com.tr\/index.php\/wp-json\/wp\/v2\/product\/759063","targetHints":{"allow":["GET"]}}],"collection":[{"href":"https:\/\/roveyayinevi.com.tr\/index.php\/wp-json\/wp\/v2\/product"}],"about":[{"href":"https:\/\/roveyayinevi.com.tr\/index.php\/wp-json\/wp\/v2\/types\/product"}],"wp:attachment":[{"href":"https:\/\/roveyayinevi.com.tr\/index.php\/wp-json\/wp\/v2\/media?parent=759063"}],"wp:term":[{"taxonomy":"product_brand","embeddable":true,"href":"https:\/\/roveyayinevi.com.tr\/index.php\/wp-json\/wp\/v2\/product_brand?post=759063"},{"taxonomy":"product_cat","embeddable":true,"href":"https:\/\/roveyayinevi.com.tr\/index.php\/wp-json\/wp\/v2\/product_cat?post=759063"},{"taxonomy":"product_tag","embeddable":true,"href":"https:\/\/roveyayinevi.com.tr\/index.php\/wp-json\/wp\/v2\/product_tag?post=759063"}],"curies":[{"name":"wp","href":"https:\/\/api.w.org\/{rel}","templated":true}]}}