{"id":759062,"date":"2025-08-28T08:23:41","date_gmt":"2025-08-28T05:23:41","guid":{"rendered":"https:\/\/roveyayinevi.com.tr\/index.php\/urun\/kiske-kusunun-pesinde\/"},"modified":"2026-04-16T03:11:53","modified_gmt":"2026-04-16T00:11:53","slug":"kiske-kusunun-pesinde","status":"publish","type":"product","link":"https:\/\/roveyayinevi.com.tr\/index.php\/urun\/kiske-kusunun-pesinde\/","title":{"rendered":"Kiske Ku\u015funun Pe\u015finde"},"content":{"rendered":"<p>Kiske Ku\u015funun Pe\u015finde, 93 Harbi\u2019nin ard\u0131ndan 1878 ile 1882 y\u0131llar\u0131 aras\u0131nda Batum\u2019dan yola \u00e7\u0131k\u0131p Ordu\u2019ya g\u00f6\u00e7en, \u00fc\u00e7 ku\u015fak boyunca kaostan d\u00fczen ve refah \u00e7\u0131karmaya \u00e7al\u0131\u015fan \u00c7\u00fcr\u00fcksulu bir G\u00fcrc\u00fc muhacir ailesinin hik\u00e2yesini anlat\u0131yor. Katamize\/\u00d6zel ailesinin o tarihten bug\u00fcne uzanan y\u00fcz elli y\u0131ll\u0131k ge\u00e7mi\u015fini. Ordu \u015fehriyle yak\u0131n k\u0131rsal\u0131 aras\u0131nda her ku\u015fakta yeniden hareketlenen, bozulan ve tekrar kurulan hayatlar\u2026 Sava\u015flar\u0131n, \u00e7at\u0131\u015fmalar\u0131n ya\u015fand\u0131\u011f\u0131, g\u00fcndelik gerilimlerin derinden akt\u0131\u011f\u0131 ve hi\u00e7 sonlanmayacak gibi g\u00f6r\u00fclen zor ko\u015fullarda her seferinde yeni bir ba\u015flang\u0131c\u0131 m\u00fcmk\u00fcn k\u0131lan toplumsal ili\u015fkiler ve dayan\u0131\u015fma a\u011flar\u0131\u2026 Osmanl\u0131\u2019dan Cumhuriyet\u2019e, oradan bug\u00fcne kiske ku\u015funun pe\u015finde yeni hayat aray\u0131\u015flar\u0131\u2026 Oktay \u00d6zel y\u0131llara yay\u0131lm\u0131\u015f s\u00f6zl\u00fc tarih, ar\u015fiv, saha ara\u015ft\u0131rmas\u0131 ve resm\u00ee kay\u0131tlarla beslenerek kendi ailesi \u00fczerinden bir T\u00fcrkiye hik\u00e2yesi sunuyor okurlara. \u201cKatamize ailesinin yakla\u015f\u0131k son iki y\u00fcz y\u0131l\u0131n\u0131n da par\u00e7as\u0131 oldu\u011fu, zaman\u0131n h\u0131zl\u0131 ve ac\u0131mas\u0131z akt\u0131\u011f\u0131 bir d\u00f6neme denk d\u00fc\u015fen zorlu ve problemli bir tarih var \u00f6n\u00fcm\u00fczde. O halde kollar\u0131 s\u0131vayal\u0131m ve yak\u0131ndan bakal\u0131m o tarihe. Tarihimize\u2026\u201d OKTAY \u00d6ZEL<\/p>\n","protected":false},"excerpt":{"rendered":"<p>Kiske Ku\u015funun Pe\u015finde, 93 Harbi\u2019nin ard\u0131ndan 1878 ile 1882 y\u0131llar\u0131 aras\u0131nda Batum\u2019dan yola \u00e7\u0131k\u0131p Ordu\u2019ya g\u00f6\u00e7en, \u00fc\u00e7 ku\u015fak boyunca kaostan d\u00fczen ve refah \u00e7\u0131karmaya \u00e7al\u0131\u015fan \u00c7\u00fcr\u00fcksulu<span class=\"excerpt-hellip\"> [\u2026]<\/span><\/p>\n","protected":false},"featured_media":0,"template":"","meta":{"_monsterinsights_skip_tracking":false,"_monsterinsights_sitenote_active":false,"_monsterinsights_sitenote_note":"","_monsterinsights_sitenote_category":0},"product_brand":[],"product_cat":[12304],"product_tag":[],"class_list":{"0":"post-759062","1":"product","2":"type-product","3":"status-publish","5":"product_cat-tarih","6":"pa_cilt-ciltsiz","7":"pa_tur-kitap","8":"pa_yayinevi-iletisim-yayinlari","9":"pa_yazar-oktay-ozel","11":"first","12":"instock","13":"sale","14":"shipping-taxable","15":"purchasable","16":"product-type-simple"},"_links":{"self":[{"href":"https:\/\/roveyayinevi.com.tr\/index.php\/wp-json\/wp\/v2\/product\/759062","targetHints":{"allow":["GET"]}}],"collection":[{"href":"https:\/\/roveyayinevi.com.tr\/index.php\/wp-json\/wp\/v2\/product"}],"about":[{"href":"https:\/\/roveyayinevi.com.tr\/index.php\/wp-json\/wp\/v2\/types\/product"}],"wp:attachment":[{"href":"https:\/\/roveyayinevi.com.tr\/index.php\/wp-json\/wp\/v2\/media?parent=759062"}],"wp:term":[{"taxonomy":"product_brand","embeddable":true,"href":"https:\/\/roveyayinevi.com.tr\/index.php\/wp-json\/wp\/v2\/product_brand?post=759062"},{"taxonomy":"product_cat","embeddable":true,"href":"https:\/\/roveyayinevi.com.tr\/index.php\/wp-json\/wp\/v2\/product_cat?post=759062"},{"taxonomy":"product_tag","embeddable":true,"href":"https:\/\/roveyayinevi.com.tr\/index.php\/wp-json\/wp\/v2\/product_tag?post=759062"}],"curies":[{"name":"wp","href":"https:\/\/api.w.org\/{rel}","templated":true}]}}