{"id":759061,"date":"2025-08-28T08:23:40","date_gmt":"2025-08-28T05:23:40","guid":{"rendered":"https:\/\/roveyayinevi.com.tr\/index.php\/urun\/unutma-hatirlamamak-neden-bir-lutuftur\/"},"modified":"2026-04-16T03:11:53","modified_gmt":"2026-04-16T00:11:53","slug":"unutma-hatirlamamak-neden-bir-lutuftur","status":"publish","type":"product","link":"https:\/\/roveyayinevi.com.tr\/index.php\/urun\/unutma-hatirlamamak-neden-bir-lutuftur\/","title":{"rendered":"Unutma: Hat\u0131rlamamak Neden Bir L\u00fctuftur?"},"content":{"rendered":"<p>Dr. Scott A. Small&#8217;un kaleminden unutman\u0131n \u00f6nemi yeni bir bak\u0131\u015f a\u00e7\u0131s\u0131yla ele al\u0131n\u0131yor. Unutman\u0131n nas\u0131l olup da belle\u011fimizin hayati bir par\u00e7as\u0131 oldu\u011funu ve yarat\u0131c\u0131l\u0131\u011f\u0131m\u0131za ve duygusal refah\u0131m\u0131za nas\u0131l katk\u0131da bulundu\u011funu ke\u015ffedin. Bu kitap, unutman\u0131n g\u00fcnl\u00fck ya\u015fam\u0131m\u0131zdaki de\u011ferini ve ili\u015fkilerimizi nas\u0131l derinle\u015ftirdi\u011fini g\u00f6zler \u00f6n\u00fcne sererken haf\u0131zan\u0131n nadiren irdelenen y\u00f6n\u00fcn\u00fc ortaya \u00e7\u0131kar\u0131yor ve zihinsel s\u00fcre\u00e7lerimizin bu do\u011fal ve sa\u011fl\u0131kl\u0131 i\u015flevini a\u00e7\u0131kl\u0131yor. Small, unutman\u0131n ge\u00e7mi\u015f tecr\u00fcbelerden \u00f6\u011frenmek ve gelece\u011fe daha sa\u011flam ad\u0131mlarla ilerlemek i\u00e7in bize nas\u0131l yard\u0131mc\u0131 oldu\u011funu anlat\u0131yor. Bu \u00e7al\u0131\u015fma, unutman\u0131n s\u0131radanl\u0131ktan s\u0131yr\u0131l\u0131p bilimsel bir mucizeye d\u00f6n\u00fc\u015f\u00fcm\u00fcn\u00fc kutluyor.  <\/p>\n","protected":false},"excerpt":{"rendered":"<p>Dr. Scott A. Small&#8217;un kaleminden unutman\u0131n \u00f6nemi yeni bir bak\u0131\u015f a\u00e7\u0131s\u0131yla ele al\u0131n\u0131yor. Unutman\u0131n nas\u0131l olup da belle\u011fimizin hayati bir par\u00e7as\u0131 oldu\u011funu ve yarat\u0131c\u0131l\u0131\u011f\u0131m\u0131za ve duygusal<span class=\"excerpt-hellip\"> [\u2026]<\/span><\/p>\n","protected":false},"featured_media":0,"template":"","meta":{"_monsterinsights_skip_tracking":false,"_monsterinsights_sitenote_active":false,"_monsterinsights_sitenote_note":"","_monsterinsights_sitenote_category":0},"product_brand":[],"product_cat":[12358,12357],"product_tag":[],"class_list":{"0":"post-759061","1":"product","2":"type-product","3":"status-publish","5":"product_cat-genel-psikoloji","6":"product_cat-psikoloji","7":"pa_cilt-ciltsiz","8":"pa_tur-kitap","9":"pa_yayinevi-epsilon-yayinlari","10":"pa_yazar-scott-a-small","12":"first","13":"instock","14":"sale","15":"shipping-taxable","16":"purchasable","17":"product-type-simple"},"_links":{"self":[{"href":"https:\/\/roveyayinevi.com.tr\/index.php\/wp-json\/wp\/v2\/product\/759061","targetHints":{"allow":["GET"]}}],"collection":[{"href":"https:\/\/roveyayinevi.com.tr\/index.php\/wp-json\/wp\/v2\/product"}],"about":[{"href":"https:\/\/roveyayinevi.com.tr\/index.php\/wp-json\/wp\/v2\/types\/product"}],"wp:attachment":[{"href":"https:\/\/roveyayinevi.com.tr\/index.php\/wp-json\/wp\/v2\/media?parent=759061"}],"wp:term":[{"taxonomy":"product_brand","embeddable":true,"href":"https:\/\/roveyayinevi.com.tr\/index.php\/wp-json\/wp\/v2\/product_brand?post=759061"},{"taxonomy":"product_cat","embeddable":true,"href":"https:\/\/roveyayinevi.com.tr\/index.php\/wp-json\/wp\/v2\/product_cat?post=759061"},{"taxonomy":"product_tag","embeddable":true,"href":"https:\/\/roveyayinevi.com.tr\/index.php\/wp-json\/wp\/v2\/product_tag?post=759061"}],"curies":[{"name":"wp","href":"https:\/\/api.w.org\/{rel}","templated":true}]}}