{"id":759060,"date":"2025-08-28T08:23:39","date_gmt":"2025-08-28T05:23:39","guid":{"rendered":"https:\/\/roveyayinevi.com.tr\/index.php\/urun\/sanayisizlesme-konut-siyaseti-orta-sinif\/"},"modified":"2026-04-16T03:11:53","modified_gmt":"2026-04-16T00:11:53","slug":"sanayisizlesme-konut-siyaseti-orta-sinif","status":"publish","type":"product","link":"https:\/\/roveyayinevi.com.tr\/index.php\/urun\/sanayisizlesme-konut-siyaseti-orta-sinif\/","title":{"rendered":"Sanayisizle\u015fme, Konut Siyaseti, Orta S\u0131n\u0131f"},"content":{"rendered":"<p>\u201cBu kitap sanayisizle\u015fme ve kentsel yeniden yap\u0131lanman\u0131n i\u00e7 i\u00e7e ge\u00e7ti\u011fi bir T\u00fcrkiye kentle\u015fme s\u00fcrecinde bir mahallenin, orta s\u0131n\u0131flar\u0131n t\u00fcketim pratikleri \u00fczerinden ya\u015fam tarz\u0131 farkl\u0131la\u015fmas\u0131 ve stat\u00fc ayr\u0131m\u0131yla \u015fekillenen bir k\u00fclt\u00fcrel alan olarak nas\u0131l in\u015fa oldu\u011funu ortaya koyuyor. Bu ayn\u0131 zamanda 2000 sonras\u0131 merkez\u00ee iktidar\u0131n ta\u015fraya s\u0131zan konut siyasetinin bir kenti, orta s\u0131n\u0131flar\u0131n alg\u0131 ve pratikleri \u00fczerinden nas\u0131l yeniden yap\u0131land\u0131rd\u0131\u011f\u0131n\u0131n \u00f6yk\u00fcs\u00fcd\u00fcr.\u201d Funda S\u00f6nmez \u00d6\u011f\u00fctle, neoliberalizm deyip ge\u00e7ilen prati\u011fin kentleri nas\u0131l de\u011fi\u015ftirdi\u011fini ve kentler \u00fczerinden hayat\u0131 nas\u0131l d\u00f6n\u00fc\u015ft\u00fcrd\u00fc\u011f\u00fcn\u00fc, titiz bir bak\u0131\u015fla inceliyor. Kentler, nas\u0131l bizzat k\u00fclt\u00fcrel sermaye ve be\u011feninin nesnesi haline geldiler? \u201c\u0130yi ya\u015fam arzusu\u201d, nas\u0131l konut ve in\u015faat \u201cr\u00fcyalar\u0131na\u201d ba\u011fland\u0131; orta s\u0131n\u0131f \u201cideali\u201d nas\u0131l kabul g\u00f6rd\u00fc? Toplumsal gruplar, k\u00e2h kendi benzerleriyle ayn\u0131 mek\u00e2nda bir arada ya\u015famaya y\u00f6nelerek, k\u00e2h dahil olmak istedikleri gruplara-s\u0131n\u0131flara mek\u00e2nsal olarak yak\u0131nla\u015fmay\u0131 \u00f6zleyerek nas\u0131l ayr\u0131\u015ft\u0131lar? Kitap, kentle\u015fmenin \u00f6nemli bir boyutu olarak sanayisizle\u015fmeye de e\u011filiyor. H\u00e2kim kent ve konut politikas\u0131n\u0131n, sanayisizle\u015fmenin do\u011furdu\u011fu \u00e7\u00f6k\u00fcnt\u00fcn\u00fcn etkilerinin hazmedilmesini, onunla y\u00fczle\u015filmesini engelleyen bir etkisi var. Kentsel haf\u0131zay\u0131 tahrip eden, kentsel karakter erozyonuna yol a\u00e7an bir etki, bu. \u00c7al\u0131\u015fman\u0131n sahas\u0131n\u0131 olu\u015fturan Zonguldak, bu bak\u0131mdan tipik ve \u00e7arp\u0131c\u0131 bir \u00f6rnek. Sanayisizle\u015fme, Konut Siyaseti, Orta S\u0131n\u0131f sadece kentsel manzaralar\u0131m\u0131z\u0131n de\u011fil, hayat tarz\u0131 manzaralar\u0131m\u0131z\u0131n da bir et\u00fcd\u00fc\u2026<\/p>\n","protected":false},"excerpt":{"rendered":"<p>\u201cBu kitap sanayisizle\u015fme ve kentsel yeniden yap\u0131lanman\u0131n i\u00e7 i\u00e7e ge\u00e7ti\u011fi bir T\u00fcrkiye kentle\u015fme s\u00fcrecinde bir mahallenin, orta s\u0131n\u0131flar\u0131n t\u00fcketim pratikleri \u00fczerinden ya\u015fam tarz\u0131 farkl\u0131la\u015fmas\u0131 ve stat\u00fc<span class=\"excerpt-hellip\"> [\u2026]<\/span><\/p>\n","protected":false},"featured_media":0,"template":"","meta":{"_monsterinsights_skip_tracking":false,"_monsterinsights_sitenote_active":false,"_monsterinsights_sitenote_note":"","_monsterinsights_sitenote_category":0},"product_brand":[],"product_cat":[52477],"product_tag":[],"class_list":{"0":"post-759060","1":"product","2":"type-product","3":"status-publish","5":"product_cat-arastirma","6":"pa_cilt-ciltsiz","7":"pa_tur-kitap","8":"pa_yayinevi-iletisim-yayinlari","9":"pa_yazar-funda-sonmez-ogutle","11":"first","12":"instock","13":"sale","14":"shipping-taxable","15":"purchasable","16":"product-type-simple"},"_links":{"self":[{"href":"https:\/\/roveyayinevi.com.tr\/index.php\/wp-json\/wp\/v2\/product\/759060","targetHints":{"allow":["GET"]}}],"collection":[{"href":"https:\/\/roveyayinevi.com.tr\/index.php\/wp-json\/wp\/v2\/product"}],"about":[{"href":"https:\/\/roveyayinevi.com.tr\/index.php\/wp-json\/wp\/v2\/types\/product"}],"wp:attachment":[{"href":"https:\/\/roveyayinevi.com.tr\/index.php\/wp-json\/wp\/v2\/media?parent=759060"}],"wp:term":[{"taxonomy":"product_brand","embeddable":true,"href":"https:\/\/roveyayinevi.com.tr\/index.php\/wp-json\/wp\/v2\/product_brand?post=759060"},{"taxonomy":"product_cat","embeddable":true,"href":"https:\/\/roveyayinevi.com.tr\/index.php\/wp-json\/wp\/v2\/product_cat?post=759060"},{"taxonomy":"product_tag","embeddable":true,"href":"https:\/\/roveyayinevi.com.tr\/index.php\/wp-json\/wp\/v2\/product_tag?post=759060"}],"curies":[{"name":"wp","href":"https:\/\/api.w.org\/{rel}","templated":true}]}}