{"id":759057,"date":"2025-08-28T08:23:33","date_gmt":"2025-08-28T05:23:33","guid":{"rendered":"https:\/\/roveyayinevi.com.tr\/index.php\/urun\/kizil-gece-iii\/"},"modified":"2026-04-16T03:11:52","modified_gmt":"2026-04-16T00:11:52","slug":"kizil-gece-iii","status":"publish","type":"product","link":"https:\/\/roveyayinevi.com.tr\/index.php\/urun\/kizil-gece-iii\/","title":{"rendered":"K\u0131z\u0131l Gece III"},"content":{"rendered":"<p>Zaman\u0131n ac\u0131 \u00e7anlar\u0131 onlar i\u00e7in \u00e7alarken kader Rozelin\u2019i bu kez sevdi\u011fi adam\u0131n ge\u00e7mi\u015fine hapseder. Rozelin, sevdi\u011fi adam\u0131n kalbinden intikam hissinin yak\u0131c\u0131 varl\u0131\u011f\u0131n\u0131 silmek i\u00e7in \u00f6mr\u00fcnden peyderpey feda etmek zorundad\u0131r. Kendi zaman\u0131nda ise onu bekleyen bamba\u015fka bir s\u00fcrpriz vard\u0131r. Hapsoldu\u011fu ge\u00e7mi\u015f, Rozelin\u2019in kendi zaman\u0131nda ya\u015fad\u0131klar\u0131n\u0131 ala\u015fa\u011f\u0131 etmi\u015ftir. Dostlar\u0131 art\u0131k az\u0131l\u0131 birer d\u00fc\u015fmana d\u00f6n\u00fc\u015fm\u00fc\u015ft\u00fcr ancak a\u015fk, h\u00e2l\u00e2 b\u0131rakt\u0131\u011f\u0131 gibidir. Beni kollar\u0131n\u0131n aras\u0131na ald\u0131 ve s\u0131k\u0131ca sar\u0131ld\u0131.  \u201cBana d\u00f6nece\u011fini biliyordum.\u201d Bunu yaln\u0131zca bana de\u011fil, t\u00fcm Safornikon\u2019a s\u00f6yl\u00fcyor gibiydi. Bu y\u00fczden s\u00f6zleri sustu ama g\u00f6zleriyle y\u00fczlerce kez tekrar etti.      \u201cBana geri d\u00f6nece\u011fini biliyordum, sevgilim.\u201d<\/p>\n","protected":false},"excerpt":{"rendered":"<p>Zaman\u0131n ac\u0131 \u00e7anlar\u0131 onlar i\u00e7in \u00e7alarken kader Rozelin\u2019i bu kez sevdi\u011fi adam\u0131n ge\u00e7mi\u015fine hapseder. Rozelin, sevdi\u011fi adam\u0131n kalbinden intikam hissinin yak\u0131c\u0131 varl\u0131\u011f\u0131n\u0131 silmek i\u00e7in \u00f6mr\u00fcnden peyderpey<span class=\"excerpt-hellip\"> [\u2026]<\/span><\/p>\n","protected":false},"featured_media":0,"template":"","meta":{"_monsterinsights_skip_tracking":false,"_monsterinsights_sitenote_active":false,"_monsterinsights_sitenote_note":"","_monsterinsights_sitenote_category":0},"product_brand":[],"product_cat":[12291,12711],"product_tag":[],"class_list":{"0":"post-759057","1":"product","2":"type-product","3":"status-publish","5":"product_cat-edebiyat","6":"product_cat-roman-oyku","7":"pa_cilt-ciltsiz","8":"pa_tur-kitap","9":"pa_yayinevi-epsilon-yayinlari","10":"pa_yazar-duru-mavii","12":"first","13":"instock","14":"sale","15":"shipping-taxable","16":"purchasable","17":"product-type-simple"},"_links":{"self":[{"href":"https:\/\/roveyayinevi.com.tr\/index.php\/wp-json\/wp\/v2\/product\/759057","targetHints":{"allow":["GET"]}}],"collection":[{"href":"https:\/\/roveyayinevi.com.tr\/index.php\/wp-json\/wp\/v2\/product"}],"about":[{"href":"https:\/\/roveyayinevi.com.tr\/index.php\/wp-json\/wp\/v2\/types\/product"}],"wp:attachment":[{"href":"https:\/\/roveyayinevi.com.tr\/index.php\/wp-json\/wp\/v2\/media?parent=759057"}],"wp:term":[{"taxonomy":"product_brand","embeddable":true,"href":"https:\/\/roveyayinevi.com.tr\/index.php\/wp-json\/wp\/v2\/product_brand?post=759057"},{"taxonomy":"product_cat","embeddable":true,"href":"https:\/\/roveyayinevi.com.tr\/index.php\/wp-json\/wp\/v2\/product_cat?post=759057"},{"taxonomy":"product_tag","embeddable":true,"href":"https:\/\/roveyayinevi.com.tr\/index.php\/wp-json\/wp\/v2\/product_tag?post=759057"}],"curies":[{"name":"wp","href":"https:\/\/api.w.org\/{rel}","templated":true}]}}