{"id":759056,"date":"2025-08-28T08:23:32","date_gmt":"2025-08-28T05:23:32","guid":{"rendered":"https:\/\/roveyayinevi.com.tr\/index.php\/urun\/suret-14-sayi-sehir-dosyasi\/"},"modified":"2026-02-03T03:26:38","modified_gmt":"2026-02-03T00:26:38","slug":"suret-14-sayi-sehir-dosyasi","status":"publish","type":"product","link":"https:\/\/roveyayinevi.com.tr\/index.php\/urun\/suret-14-sayi-sehir-dosyasi\/","title":{"rendered":"Suret 14. Say\u0131: \u015eehir Dosyas\u0131"},"content":{"rendered":"<p>Kent insan\u0131n yakas\u0131n\u0131 b\u0131rakm\u0131yor. \u0130liklerine i\u015fliyor, kimli\u011finin bir par\u00e7as\u0131 h\u00e2line geliyor. Terk etmek dahi m\u00fcmk\u00fcn olmuyor; gitti\u011fi, tan\u0131\u015ft\u0131\u011f\u0131 t\u00fcm yeni kentlerde de aidiyet hissetti\u011fi \u015fehrin izlerini ar\u0131yor insan. Her k\u00f6\u015fe ba\u015f\u0131n\u0131 d\u00f6nd\u00fc\u011f\u00fcnde sanki tan\u0131d\u0131k bir yer g\u00f6rece\u011fi hissiyle ar\u015f\u0131nl\u0131yor bazen sokaklar\u0131. \u015eehir, ayn\u0131 zamanda ilham perisi oluyor, \u015fairlerin, edebiyat\u00e7\u0131lar\u0131n, m\u00fczisyenlerin, heykelt\u0131ra\u015flar\u0131n\u2026 \u015eehir, ayn\u0131 zamanda insan ruhsall\u0131\u011f\u0131 gibi katman katman; bilin\u00e7d\u0131\u015f\u0131n\u0131n dehlizlerinden ideal benliklerin g\u00f6kdelenlerine kadar, y\u00fczy\u0131llar boyunca bar\u0131nd\u0131rd\u0131\u011f\u0131 insano\u011flunun hem y\u00fcceltme sahnesi hem de sald\u0131rganl\u0131\u011f\u0131n\u0131n oyun alan\u0131 oluyor. \u0130nsano\u011flu, kimi zaman \u00f6l\u00fcms\u00fczl\u00fck aray\u0131\u015f\u0131yla abideler dikiyor, sonra i\u00e7indeki \u00f6l\u00fcm d\u00fcrt\u00fcs\u00fcn\u00fcn etkisiyle bunlar\u0131 yine kendi eliyle y\u0131k\u0131yor. Suret\u2019in bu say\u0131s\u0131nda da \u201c\u015fehir\u201d temas\u0131n\u0131 hem insan\u0131n hem de toplumlar\u0131n ruhsall\u0131klar\u0131 \u00f6l\u00e7e\u011finden ele almay\u0131 ama\u00e7l\u0131yor ve hem de okuyucular\u0131 k\u00fclt\u00fcr\u00fcn do\u011fayla kurdu\u011fu ili\u015fkiden, \u015fehrin \u00e7e\u015fitli k\u00f6\u015felerinin haf\u0131zam\u0131z\u0131n emanet\u00e7isi olmas\u0131na \u015fehri bir\u00e7ok farkl\u0131 ba\u011flamda d\u00fc\u015f\u00fcnmeye davet ediyoruz. Yazarlar: Ay\u015fenaz Akbay, Ceren Korulsan, Derya G\u00f6kalp, G\u00fcl Ka\u00e7maz Erk, Hakan K\u0131z\u0131ltan, M. I\u015f\u0131l Ert\u00fcz\u00fcn, M. \u0130rem Temel, Mesut Tufan, Mickael Labbe, Sanem Tayman Eksin, Seda Nani\u00e7 Zeybek, Sinem Acar, Yavuz Erten <\/p>\n","protected":false},"excerpt":{"rendered":"<p>Kent insan\u0131n yakas\u0131n\u0131 b\u0131rakm\u0131yor. \u0130liklerine i\u015fliyor, kimli\u011finin bir par\u00e7as\u0131 h\u00e2line geliyor. Terk etmek dahi m\u00fcmk\u00fcn olmuyor; gitti\u011fi, tan\u0131\u015ft\u0131\u011f\u0131 t\u00fcm yeni kentlerde de aidiyet hissetti\u011fi \u015fehrin izlerini<span class=\"excerpt-hellip\"> [\u2026]<\/span><\/p>\n","protected":false},"featured_media":0,"template":"","meta":{"_monsterinsights_skip_tracking":false,"_monsterinsights_sitenote_active":false,"_monsterinsights_sitenote_note":"","_monsterinsights_sitenote_category":0},"product_brand":[],"product_cat":[13527],"product_tag":[],"class_list":{"0":"post-759056","1":"product","2":"type-product","3":"status-publish","5":"product_cat-sureli-yayinlar","6":"pa_cilt-ciltsiz","7":"pa_tur-dergi","8":"pa_yayinevi-minotor-kitap","9":"pa_yazar-kolektif","11":"first","12":"instock","13":"sale","14":"shipping-taxable","15":"purchasable","16":"product-type-simple"},"_links":{"self":[{"href":"https:\/\/roveyayinevi.com.tr\/index.php\/wp-json\/wp\/v2\/product\/759056","targetHints":{"allow":["GET"]}}],"collection":[{"href":"https:\/\/roveyayinevi.com.tr\/index.php\/wp-json\/wp\/v2\/product"}],"about":[{"href":"https:\/\/roveyayinevi.com.tr\/index.php\/wp-json\/wp\/v2\/types\/product"}],"wp:attachment":[{"href":"https:\/\/roveyayinevi.com.tr\/index.php\/wp-json\/wp\/v2\/media?parent=759056"}],"wp:term":[{"taxonomy":"product_brand","embeddable":true,"href":"https:\/\/roveyayinevi.com.tr\/index.php\/wp-json\/wp\/v2\/product_brand?post=759056"},{"taxonomy":"product_cat","embeddable":true,"href":"https:\/\/roveyayinevi.com.tr\/index.php\/wp-json\/wp\/v2\/product_cat?post=759056"},{"taxonomy":"product_tag","embeddable":true,"href":"https:\/\/roveyayinevi.com.tr\/index.php\/wp-json\/wp\/v2\/product_tag?post=759056"}],"curies":[{"name":"wp","href":"https:\/\/api.w.org\/{rel}","templated":true}]}}