{"id":759054,"date":"2025-08-28T08:23:30","date_gmt":"2025-08-28T05:23:30","guid":{"rendered":"https:\/\/roveyayinevi.com.tr\/index.php\/urun\/kazanma-sanati-moneyball\/"},"modified":"2026-04-16T03:11:52","modified_gmt":"2026-04-16T00:11:52","slug":"kazanma-sanati-moneyball","status":"publish","type":"product","link":"https:\/\/roveyayinevi.com.tr\/index.php\/urun\/kazanma-sanati-moneyball\/","title":{"rendered":"Kazanma Sanat\u0131: Moneyball"},"content":{"rendered":"<p>Bu kitab\u0131 kaleme ald\u0131m \u00e7\u00fcnk\u00fc hik\u00e2yeye \u00e2\u015f\u0131k oldum. Bu, bir\u00e7o\u011fu MLB i\u00e7in yeterli olmad\u0131klar\u0131 gerek\u00e7esiyle defalarca reddedilmi\u015f, de\u011ferleri bilinmeyen bir grup oyuncu ve y\u00f6neticinin MLB\u2019nin en ba\u015far\u0131l\u0131 kul\u00fcplerinden birini in\u015fa edi\u015flerinin hik\u00e2yesiydi&#8230; Bu macera \u00e7ok masumane bir soruyla ba\u015flad\u0131 asl\u0131nda: En fakir beyzbol tak\u0131mlar\u0131ndan biri olan Oakland Athletics nas\u0131l oluyor da bu kadar \u00e7ok ma\u00e7 kazanabiliyordu?   2002 sezonu a\u00e7\u0131lmadan \u00f6nce Oakland en \u00f6nemli (ve pahal\u0131) \u00fc\u00e7 oyuncusunu b\u0131rakmak zorunda kald\u0131, hemen hemen herkes taraf\u0131ndan g\u00f6zden \u00e7\u0131kar\u0131ld\u0131 ama sonra Amerikan Beyzbol Ligi\u2019nin \u00fcst \u00fcste galibiyet rekorunu k\u0131rd\u0131. Lewis i\u015fte bunun nas\u0131l oldu\u011funu ara\u015ft\u0131r\u0131yor. Y\u0131llar boyunca yaz\u0131l\u0131m m\u00fchendisleri, istatistik\u00e7iler, Wall Street analistleri, avukatlar ve fizik profes\u00f6rlerinden olu\u015fan amat\u00f6r beyzbol merakl\u0131lar\u0131 taraf\u0131ndan toplanan say\u0131lar\u0131n g\u00f6sterdi\u011fi, daha do\u011frusu kan\u0131tlad\u0131\u011f\u0131 bir \u015fey var: Oyuncular ve tak\u0131mlar i\u00e7in geleneksel ba\u015far\u0131 k\u0131staslar\u0131n\u0131n \u00f6l\u00fcmc\u00fcl derecede kusurlu oldu\u011fu. Bu bilgi y\u0131llard\u0131r ortal\u0131kta dola\u015f\u0131yor ve MLB\u2019de kimse buna ald\u0131r\u0131\u015f etmiyordu. Ta ki Oakland Athletics\u2019in menajeri Billy Beane\u2019e kadar.   Muhte\u015fem karakterler ve beklenmedik bir hik\u00e2yeyle Michael Lewis, bize bu bilginin nas\u0131l ve neden i\u015fe yarad\u0131\u011f\u0131n\u0131 g\u00f6steriyor. Kazanma Sanat\u0131 zor bir \u015feyin, paran\u0131n sat\u0131n alamayaca\u011f\u0131 bir \u015feyin, ba\u015far\u0131n\u0131n s\u0131rr\u0131n\u0131n aray\u0131\u015f\u0131.   \u201cDerslerle dolu bir kitap.\u201d \u2014Forbes   \u201cKazanma Sanat\u0131\u2019n\u0131n d\u00f6rt kelimesinden sadece birini anlad\u0131m ve bu h\u00e2l\u00e2 y\u0131llard\u0131r okudu\u011fum en iyi ve en s\u00fcr\u00fckleyici spor kitab\u0131.\u201d \u2014Nick Hornby   \u201cKazanma Sanat\u0131, Lewis\u2019in yazd\u0131\u011f\u0131 en iyi i\u015f kitab\u0131. Hatta herhangi birinin yazd\u0131\u011f\u0131 en iyi i\u015f kitab\u0131 olabilir.\u201d \u2014Mark Gerson <\/p>\n","protected":false},"excerpt":{"rendered":"<p>Bu kitab\u0131 kaleme ald\u0131m \u00e7\u00fcnk\u00fc hik\u00e2yeye \u00e2\u015f\u0131k oldum. Bu, bir\u00e7o\u011fu MLB i\u00e7in yeterli olmad\u0131klar\u0131 gerek\u00e7esiyle defalarca reddedilmi\u015f, de\u011ferleri bilinmeyen bir grup oyuncu ve y\u00f6neticinin MLB\u2019nin en<span class=\"excerpt-hellip\"> [\u2026]<\/span><\/p>\n","protected":false},"featured_media":0,"template":"","meta":{"_monsterinsights_skip_tracking":false,"_monsterinsights_sitenote_active":false,"_monsterinsights_sitenote_note":"","_monsterinsights_sitenote_category":0},"product_brand":[],"product_cat":[13043,17647],"product_tag":[],"class_list":{"0":"post-759054","1":"product","2":"type-product","3":"status-publish","5":"product_cat-ekonomi","6":"product_cat-is-dunyasi","7":"pa_cilt-ciltsiz","8":"pa_tur-kitap","9":"pa_yayinevi-nova-kitap","10":"pa_yazar-michael-lewis","12":"first","13":"instock","14":"sale","15":"shipping-taxable","16":"purchasable","17":"product-type-simple"},"_links":{"self":[{"href":"https:\/\/roveyayinevi.com.tr\/index.php\/wp-json\/wp\/v2\/product\/759054","targetHints":{"allow":["GET"]}}],"collection":[{"href":"https:\/\/roveyayinevi.com.tr\/index.php\/wp-json\/wp\/v2\/product"}],"about":[{"href":"https:\/\/roveyayinevi.com.tr\/index.php\/wp-json\/wp\/v2\/types\/product"}],"wp:attachment":[{"href":"https:\/\/roveyayinevi.com.tr\/index.php\/wp-json\/wp\/v2\/media?parent=759054"}],"wp:term":[{"taxonomy":"product_brand","embeddable":true,"href":"https:\/\/roveyayinevi.com.tr\/index.php\/wp-json\/wp\/v2\/product_brand?post=759054"},{"taxonomy":"product_cat","embeddable":true,"href":"https:\/\/roveyayinevi.com.tr\/index.php\/wp-json\/wp\/v2\/product_cat?post=759054"},{"taxonomy":"product_tag","embeddable":true,"href":"https:\/\/roveyayinevi.com.tr\/index.php\/wp-json\/wp\/v2\/product_tag?post=759054"}],"curies":[{"name":"wp","href":"https:\/\/api.w.org\/{rel}","templated":true}]}}