{"id":759053,"date":"2025-08-28T08:23:28","date_gmt":"2025-08-28T05:23:28","guid":{"rendered":"https:\/\/roveyayinevi.com.tr\/index.php\/urun\/dongu-3\/"},"modified":"2026-04-11T14:27:12","modified_gmt":"2026-04-11T11:27:12","slug":"dongu-3","status":"publish","type":"product","link":"https:\/\/roveyayinevi.com.tr\/index.php\/urun\/dongu-3\/","title":{"rendered":"D\u00f6ng\u00fc"},"content":{"rendered":"<p>G\u00fcne\u015fin insan\u0131n i\u00e7ini mutlulukla dolduran sadece hat\u0131ralar\u0131m\u0131zda kalan s\u0131cak yaz g\u00fcnleri, yerini kavurucu ve \u00e7ekilemeyecek bir i\u015fkenceye d\u00f6n\u00fc\u015ft\u00fcrd\u00fc\u011f\u00fcnde insanlar\u0131n art\u0131k tek sevdi\u011fi mevsimdi k\u0131\u015f. Giyilen k\u0131yafetler insanlar\u0131 en az\u0131ndan so\u011fuktan koruyabiliyordu. \u0130nsan\u0131n kalbini \u0131s\u0131tan, dinginli\u011fin ve romantizmin mevsimi k\u0131\u015f da art\u0131k eskisi gibi de\u011fildi. Ya\u011fmur damlalar\u0131 insana huzur de\u011fil ac\u0131 vermeye ba\u015flam\u0131\u015ft\u0131. \u0130nsanl\u0131k, bu d\u00f6ng\u00fc \u00e7\u0131kmaz\u0131nda kaybolmu\u015ftu. Bedenlerinden ac\u0131lar i\u00e7inde \u00e7\u0131kmaya \u00e7al\u0131\u015fan ruhlar\u0131n\u0131 kontrol etmeye \u00e7al\u0131\u015f\u0131rken etrafa bak\u0131n\u0131yor ve pi\u015fmanl\u0131klar\u0131 d\u0131\u015f\u0131nda hi\u00e7bir \u015fey g\u00f6remiyorlard\u0131. \u0130nsanl\u0131\u011f\u0131n g\u00f6zleri kapan\u0131rken duyduklar\u0131 tek \u015fey r\u00fczg\u00e2ra kar\u0131\u015fm\u0131\u015f ya\u011fmur sesi ve kargalar\u0131n ac\u0131 ac\u0131 \u00f6t\u00fc\u015fleriydi.<\/p>\n","protected":false},"excerpt":{"rendered":"<p>G\u00fcne\u015fin insan\u0131n i\u00e7ini mutlulukla dolduran sadece hat\u0131ralar\u0131m\u0131zda kalan s\u0131cak yaz g\u00fcnleri, yerini kavurucu ve \u00e7ekilemeyecek bir i\u015fkenceye d\u00f6n\u00fc\u015ft\u00fcrd\u00fc\u011f\u00fcnde insanlar\u0131n art\u0131k tek sevdi\u011fi mevsimdi k\u0131\u015f. Giyilen k\u0131yafetler<span class=\"excerpt-hellip\"> [\u2026]<\/span><\/p>\n","protected":false},"featured_media":0,"template":"","meta":{"_monsterinsights_skip_tracking":false,"_monsterinsights_sitenote_active":false,"_monsterinsights_sitenote_note":"","_monsterinsights_sitenote_category":0},"product_brand":[],"product_cat":[12291,12711],"product_tag":[],"class_list":{"0":"post-759053","1":"product","2":"type-product","3":"status-publish","5":"product_cat-edebiyat","6":"product_cat-roman-oyku","7":"pa_cilt-ciltsiz","8":"pa_tur-kitap","9":"pa_yayinevi-ren-kitap","10":"pa_yazar-cagatay-duz","12":"first","13":"instock","14":"sale","15":"shipping-taxable","16":"purchasable","17":"product-type-simple"},"_links":{"self":[{"href":"https:\/\/roveyayinevi.com.tr\/index.php\/wp-json\/wp\/v2\/product\/759053","targetHints":{"allow":["GET"]}}],"collection":[{"href":"https:\/\/roveyayinevi.com.tr\/index.php\/wp-json\/wp\/v2\/product"}],"about":[{"href":"https:\/\/roveyayinevi.com.tr\/index.php\/wp-json\/wp\/v2\/types\/product"}],"wp:attachment":[{"href":"https:\/\/roveyayinevi.com.tr\/index.php\/wp-json\/wp\/v2\/media?parent=759053"}],"wp:term":[{"taxonomy":"product_brand","embeddable":true,"href":"https:\/\/roveyayinevi.com.tr\/index.php\/wp-json\/wp\/v2\/product_brand?post=759053"},{"taxonomy":"product_cat","embeddable":true,"href":"https:\/\/roveyayinevi.com.tr\/index.php\/wp-json\/wp\/v2\/product_cat?post=759053"},{"taxonomy":"product_tag","embeddable":true,"href":"https:\/\/roveyayinevi.com.tr\/index.php\/wp-json\/wp\/v2\/product_tag?post=759053"}],"curies":[{"name":"wp","href":"https:\/\/api.w.org\/{rel}","templated":true}]}}