{"id":759052,"date":"2025-08-28T08:23:27","date_gmt":"2025-08-28T05:23:27","guid":{"rendered":"https:\/\/roveyayinevi.com.tr\/index.php\/urun\/tek-basina-3\/"},"modified":"2026-04-16T03:11:52","modified_gmt":"2026-04-16T00:11:52","slug":"tek-basina-3","status":"publish","type":"product","link":"https:\/\/roveyayinevi.com.tr\/index.php\/urun\/tek-basina-3\/","title":{"rendered":"Tek Ba\u015f\u0131na"},"content":{"rendered":"<p>\u201cKendi i\u015finin patronu olanlar\u0131n d\u00f6rtte \u00fc\u00e7\u00fc, geleneksel \u00e7al\u0131\u015fma \u015fartlar\u0131na d\u00f6nmek istemiyor. Pandemi s\u00fcresince evden \u00e7al\u0131\u015fanlar\u0131n \u00e7o\u011fu da yine ayn\u0131 d\u00fc\u015f\u00fcnceleri ta\u015f\u0131yor. Haliyle bu kitap y\u0131llar i\u00e7inde daha da k\u0131ymetlenecek bilgilerle dolu.\u201d Alastair Mabbott   Koronavir\u00fcs pandemisinin k\u00f6kten de\u011fi\u015ftirdi\u011fi d\u00fcnyam\u0131zda i\u015f arayanlar\u0131n ilanlarda belki de maa\u015ftan bile daha \u00e7ok odakland\u0131\u011f\u0131 bir madde var art\u0131k: uzaktan \u00e7al\u0131\u015fma. Patronlar\u0131n ho\u015funa gitsin ya da gitmesin, haftan\u0131n be\u015f (\u00e7o\u011fu i\u015fyerinde alt\u0131!) g\u00fcn\u00fc ofise gitmek istememek \u00e7al\u0131\u015fma hayat\u0131n\u0131n yeni normallerinden biri. Siz de tercihini bu y\u00f6nde kullanan hatta kendi kendinin CEO\u2019su olup ofis ortam\u0131na elveda diyenlerdenseniz tam kitab\u0131na geldiniz.   Ancak ba\u015ftan s\u00f6yleyelim; bu kitapta \u201cNas\u0131l s\u0131f\u0131rdan i\u015f kurar\u0131m?\u201d, \u201cNas\u0131l oturdu\u011fum yerden d\u00f6viz kazan\u0131r\u0131m?\u201d ya da \u201cHobimi nas\u0131l i\u015fe d\u00f6n\u00fc\u015ft\u00fcr\u00fcr\u00fcm?\u201d gibi sorular\u0131n yan\u0131t\u0131 yok.   Y\u0131llar \u00f6nce geleneksel tam zamanl\u0131 \u00e7al\u0131\u015fma hayat\u0131na son verip kendi kendinin patronu olan gazeteci ve edit\u00f6r Rebecca Seal, bu kitapta \u00e7ok daha insana dair meselelerin pe\u015fine d\u00fc\u015f\u00fcyor: D\u00fczenli gelirden vazge\u00e7ip kurdu\u011fumuz i\u015f, hayalimizdeki i\u015f olmak zorunda m\u0131?, Anlaml\u0131 i\u015f diye bir \u015fey var m\u0131?, Evden \u00e7al\u0131\u015f\u0131rken yaln\u0131zl\u0131k duygusuyla nas\u0131l ba\u015fa \u00e7\u0131k\u0131l\u0131r?, Bizi denetleyen kimse yokken mesai saatlerimizi, yemek aralar\u0131m\u0131z\u0131 neye g\u00f6re belirleyece\u011fiz?, Gece g\u00fcnd\u00fcz e-posta kutusunu kontrol etmek normal mi?, Her an ula\u015f\u0131labilir olmak zorunda m\u0131y\u0131z?, Erteleme sorunuyla nas\u0131l ba\u015fa \u00e7\u0131kar\u0131z?, \u00c7ok \u00e7al\u0131\u015fmak maharet mi? Evden \u00e7al\u0131\u015f\u0131rken tek ba\u015f\u0131na olabilirsiniz ama yaln\u0131z de\u011filsiniz! <\/p>\n","protected":false},"excerpt":{"rendered":"<p>\u201cKendi i\u015finin patronu olanlar\u0131n d\u00f6rtte \u00fc\u00e7\u00fc, geleneksel \u00e7al\u0131\u015fma \u015fartlar\u0131na d\u00f6nmek istemiyor. Pandemi s\u00fcresince evden \u00e7al\u0131\u015fanlar\u0131n \u00e7o\u011fu da yine ayn\u0131 d\u00fc\u015f\u00fcnceleri ta\u015f\u0131yor. Haliyle bu kitap y\u0131llar i\u00e7inde<span class=\"excerpt-hellip\"> [\u2026]<\/span><\/p>\n","protected":false},"featured_media":0,"template":"","meta":{"_monsterinsights_skip_tracking":false,"_monsterinsights_sitenote_active":false,"_monsterinsights_sitenote_note":"","_monsterinsights_sitenote_category":0},"product_brand":[],"product_cat":[13043,17647],"product_tag":[],"class_list":{"0":"post-759052","1":"product","2":"type-product","3":"status-publish","5":"product_cat-ekonomi","6":"product_cat-is-dunyasi","7":"pa_cilt-ciltsiz","8":"pa_tur-kitap","9":"pa_yayinevi-dusbaz-kitaplar","10":"pa_yazar-rebecca-seal","12":"first","13":"instock","14":"sale","15":"shipping-taxable","16":"purchasable","17":"product-type-simple"},"_links":{"self":[{"href":"https:\/\/roveyayinevi.com.tr\/index.php\/wp-json\/wp\/v2\/product\/759052","targetHints":{"allow":["GET"]}}],"collection":[{"href":"https:\/\/roveyayinevi.com.tr\/index.php\/wp-json\/wp\/v2\/product"}],"about":[{"href":"https:\/\/roveyayinevi.com.tr\/index.php\/wp-json\/wp\/v2\/types\/product"}],"wp:attachment":[{"href":"https:\/\/roveyayinevi.com.tr\/index.php\/wp-json\/wp\/v2\/media?parent=759052"}],"wp:term":[{"taxonomy":"product_brand","embeddable":true,"href":"https:\/\/roveyayinevi.com.tr\/index.php\/wp-json\/wp\/v2\/product_brand?post=759052"},{"taxonomy":"product_cat","embeddable":true,"href":"https:\/\/roveyayinevi.com.tr\/index.php\/wp-json\/wp\/v2\/product_cat?post=759052"},{"taxonomy":"product_tag","embeddable":true,"href":"https:\/\/roveyayinevi.com.tr\/index.php\/wp-json\/wp\/v2\/product_tag?post=759052"}],"curies":[{"name":"wp","href":"https:\/\/api.w.org\/{rel}","templated":true}]}}