{"id":759050,"date":"2025-08-28T08:23:23","date_gmt":"2025-08-28T05:23:23","guid":{"rendered":"https:\/\/roveyayinevi.com.tr\/index.php\/urun\/gunce-2\/"},"modified":"2026-04-16T03:11:52","modified_gmt":"2026-04-16T00:11:52","slug":"gunce-2","status":"publish","type":"product","link":"https:\/\/roveyayinevi.com.tr\/index.php\/urun\/gunce-2\/","title":{"rendered":"G\u00fcnce"},"content":{"rendered":"<p>John Fowles\u2019un G\u00fcnce\u2019sinin ilk cildi, yazar\u0131n hayat\u0131na dair dokunakl\u0131 bir portre sunan ve edebi evrimini ad\u0131m ad\u0131m takip eden \u00f6zel bir eserdir. Jonathan Cape taraf\u0131ndan \u0130ngiltere\u2019de ve Alfred Knopf taraf\u0131ndan ABD\u2019de 2003-2006 y\u0131llar\u0131 aras\u0131nda yay\u0131mlanan bu cilt, Fowles\u2019un Oxford\u2019daki gen\u00e7lik y\u0131llar\u0131ndan ba\u015flayarak 1965 y\u0131l\u0131na kadar olan d\u00f6nemi kapsar. Fowles\u2019un G\u00fcnce\u2019si, yazar\u0131n yarat\u0131c\u0131 geli\u015fimini ve edebi ba\u015far\u0131s\u0131n\u0131n perde arkas\u0131ndaki karma\u015f\u0131kl\u0131klar\u0131 anlamam\u0131za olanak tan\u0131r. Kitap, Fowles\u2019un Oxford\u2019daki \u00f6\u011frencili\u011finden, Fransa\u2019daki \u00fcniversitede \u00f6\u011fretim \u00fcyeli\u011fine ve Yunan adas\u0131 Spetsai\u2019de \u0130ngilizce \u00f6\u011fretmenli\u011fi yaparken ge\u00e7irdi\u011fi d\u00f6neme detayl\u0131 bir bak\u0131\u015f sunar. Bu s\u00fcre zarf\u0131nda, B\u00fcy\u00fcc\u00fc adl\u0131 eserinin temellerini atmaya ba\u015flar ve ilk roman\u0131 Koleksiyoncu\u2019nun sinema uyarlamas\u0131 \u00e7ekilmeye ba\u015flan\u0131r. Fowles\u2019un d\u00fc\u015f\u00fcnce d\u00fcnyas\u0131, a\u015fk, evlilik, yarat\u0131c\u0131l\u0131k ve ba\u015far\u0131 gibi temel temalarla derinlemesine me\u015fguld\u00fcr. \u00d6zellikle, g\u00fcnl\u00fcklerin sayfalar\u0131nda Fowles\u2019un kelimelerinden d\u00f6k\u00fclen d\u00fcr\u00fcstl\u00fck ve samimiyet, okuru yazar\u0131n d\u00fc\u015f\u00fcnce d\u00fcnyas\u0131na yakla\u015ft\u0131r\u0131r. \u0130leride e\u015fi olacak ama tan\u0131\u015ft\u0131klar\u0131nda evli olan Elizabeth ile ya\u015fad\u0131\u011f\u0131 ili\u015fki ve evlili\u011fe dair notlar, yazar\u0131n duygusal zenginli\u011fini yans\u0131t\u0131r. Fowles\u2019un kendi g\u00f6zlemleri ve d\u00fc\u015f\u00fcnceleri, d\u00f6nemin sosyal ve k\u00fclt\u00fcrel ba\u011flam\u0131na \u0131\u015f\u0131k tutar. Edebiyat d\u00fcnyas\u0131ndaki yerini bulma \u00e7abalar\u0131, kitab\u0131n \u00f6nemli bir temas\u0131n\u0131 olu\u015fturur. Yazar\u0131n yazma s\u00fcre\u00e7lerine, fikirlerine ve i\u00e7sel \u00e7at\u0131\u015fmalar\u0131na dair bu yakla\u015f\u0131m, g\u00fcncenin okuma deneyimini zenginle\u015ftirir. Eser g\u00fcnce olmas\u0131n\u0131n yan\u0131 s\u0131ra hen\u00fcz geli\u015fmekte olan bir yazar ve ele\u015ftirmen, ku\u015fbilimci ve bah\u00e7\u0131van, tutkulu do\u011fa bilimci ve gezgin, sinemasever ve eski kitap koleksiyoncusu olan Fowles\u2019u da g\u00f6r\u00fcn\u00fcr k\u0131lar. Bu kitap, yazar\u0131n kendi sesinden hayat\u0131 ve sanat\u0131 anlatan, okuru edebi ke\u015ffe davet eden bir eser. Yazar\u0131n edebi evrimini derinlemesine anlama f\u0131rsat\u0131 sunuyor ve Fowles\u2019un d\u00fcnyas\u0131na i\u00e7ten bir yolculuk vaat ediyor. <\/p>\n","protected":false},"excerpt":{"rendered":"<p>John Fowles\u2019un G\u00fcnce\u2019sinin ilk cildi, yazar\u0131n hayat\u0131na dair dokunakl\u0131 bir portre sunan ve edebi evrimini ad\u0131m ad\u0131m takip eden \u00f6zel bir eserdir. Jonathan Cape taraf\u0131ndan \u0130ngiltere\u2019de<span class=\"excerpt-hellip\"> [\u2026]<\/span><\/p>\n","protected":false},"featured_media":0,"template":"","meta":{"_monsterinsights_skip_tracking":false,"_monsterinsights_sitenote_active":false,"_monsterinsights_sitenote_note":"","_monsterinsights_sitenote_category":0},"product_brand":[],"product_cat":[14009,12291],"product_tag":[],"class_list":{"0":"post-759050","1":"product","2":"type-product","3":"status-publish","5":"product_cat-biyografi-otobiyografi-edebiyat","6":"product_cat-edebiyat","7":"pa_cilt-ciltsiz","8":"pa_tur-kitap","9":"pa_yayinevi-ayrinti-yayinlari","10":"pa_yazar-john-fowles","12":"first","13":"instock","14":"sale","15":"shipping-taxable","16":"purchasable","17":"product-type-simple"},"_links":{"self":[{"href":"https:\/\/roveyayinevi.com.tr\/index.php\/wp-json\/wp\/v2\/product\/759050","targetHints":{"allow":["GET"]}}],"collection":[{"href":"https:\/\/roveyayinevi.com.tr\/index.php\/wp-json\/wp\/v2\/product"}],"about":[{"href":"https:\/\/roveyayinevi.com.tr\/index.php\/wp-json\/wp\/v2\/types\/product"}],"wp:attachment":[{"href":"https:\/\/roveyayinevi.com.tr\/index.php\/wp-json\/wp\/v2\/media?parent=759050"}],"wp:term":[{"taxonomy":"product_brand","embeddable":true,"href":"https:\/\/roveyayinevi.com.tr\/index.php\/wp-json\/wp\/v2\/product_brand?post=759050"},{"taxonomy":"product_cat","embeddable":true,"href":"https:\/\/roveyayinevi.com.tr\/index.php\/wp-json\/wp\/v2\/product_cat?post=759050"},{"taxonomy":"product_tag","embeddable":true,"href":"https:\/\/roveyayinevi.com.tr\/index.php\/wp-json\/wp\/v2\/product_tag?post=759050"}],"curies":[{"name":"wp","href":"https:\/\/api.w.org\/{rel}","templated":true}]}}