{"id":759043,"date":"2025-08-28T08:23:14","date_gmt":"2025-08-28T05:23:14","guid":{"rendered":"https:\/\/roveyayinevi.com.tr\/index.php\/urun\/1-seviye-sihirli-dikkat-zeka-oyunlari-1-ilkokul\/"},"modified":"2026-04-16T03:11:52","modified_gmt":"2026-04-16T00:11:52","slug":"1-seviye-sihirli-dikkat-zeka-oyunlari-1-ilkokul","status":"publish","type":"product","link":"https:\/\/roveyayinevi.com.tr\/index.php\/urun\/1-seviye-sihirli-dikkat-zeka-oyunlari-1-ilkokul\/","title":{"rendered":"1.Seviye &#8211; Sihirli Dikkat Zeka Oyunlar\u0131 1 (\u0130lkokul)"},"content":{"rendered":"<p>Bu \u00e7al\u0131\u015fma ile \u00f6\u011frencinin g\u00f6rd\u00fc\u011f\u00fc b\u00fct\u00fcn derslere (anlamas\u0131 ve kavramas\u0131 konusunda) katk\u0131 sa\u011flanacakt\u0131r. E\u011flenerek \u00f6\u011freneceksiniz. Bu kitapla kendinizi a\u015f\u0131p gelece\u011finize y\u00f6n vereceksiniz. Bu kitap; Talim ve Terbiye Kurulu\u2019nun haz\u0131rlam\u0131\u015f oldu\u011fu \u00f6r\u00fcnt\u00fc ve simetri kazan\u0131mlar\u0131 dikkate al\u0131narak m\u00fcfredata uygun olarak 1 , 2 , 3 ,4, ve 5. s\u0131n\u0131flar i\u00e7in ayr\u0131 ayr\u0131 haz\u0131rlanm\u0131\u015ft\u0131r. B\u0131rak\u0131n kendinizi kitaba! B\u0131rak\u0131n kendili\u011finizden olu\u015fsun her \u015fey. Oynay\u0131n, e\u011flenin , \u00f6\u011frenin &#8230; Alan\u0131nda iddial\u0131 olan bu kitap 5 seviyede haz\u0131rlanm\u0131\u015f oldu\u011fundan, her seviyeden sonra bir sonrakine Ula\u015ft\u0131\u011f\u0131nda; dikkatiniz, konsantrasyonunuz ve i\u015flem alg\u0131lama becereniz artm\u0131\u015f olacakt\u0131r. <\/p>\n","protected":false},"excerpt":{"rendered":"<p>Bu \u00e7al\u0131\u015fma ile \u00f6\u011frencinin g\u00f6rd\u00fc\u011f\u00fc b\u00fct\u00fcn derslere (anlamas\u0131 ve kavramas\u0131 konusunda) katk\u0131 sa\u011flanacakt\u0131r. E\u011flenerek \u00f6\u011freneceksiniz. Bu kitapla kendinizi a\u015f\u0131p gelece\u011finize y\u00f6n vereceksiniz. Bu kitap; Talim ve<span class=\"excerpt-hellip\"> [\u2026]<\/span><\/p>\n","protected":false},"featured_media":0,"template":"","meta":{"_monsterinsights_skip_tracking":false,"_monsterinsights_sitenote_active":false,"_monsterinsights_sitenote_note":"","_monsterinsights_sitenote_category":0},"product_brand":[],"product_cat":[12566],"product_tag":[],"class_list":{"0":"post-759043","1":"product","2":"type-product","3":"status-publish","5":"product_cat-egitim","6":"pa_cilt-ciltsiz","7":"pa_tur-kitap","8":"pa_yayinevi-fark-yayinlari","9":"pa_yazar-tacettin-kandemir","11":"first","12":"instock","13":"sale","14":"shipping-taxable","15":"purchasable","16":"product-type-simple"},"_links":{"self":[{"href":"https:\/\/roveyayinevi.com.tr\/index.php\/wp-json\/wp\/v2\/product\/759043","targetHints":{"allow":["GET"]}}],"collection":[{"href":"https:\/\/roveyayinevi.com.tr\/index.php\/wp-json\/wp\/v2\/product"}],"about":[{"href":"https:\/\/roveyayinevi.com.tr\/index.php\/wp-json\/wp\/v2\/types\/product"}],"wp:attachment":[{"href":"https:\/\/roveyayinevi.com.tr\/index.php\/wp-json\/wp\/v2\/media?parent=759043"}],"wp:term":[{"taxonomy":"product_brand","embeddable":true,"href":"https:\/\/roveyayinevi.com.tr\/index.php\/wp-json\/wp\/v2\/product_brand?post=759043"},{"taxonomy":"product_cat","embeddable":true,"href":"https:\/\/roveyayinevi.com.tr\/index.php\/wp-json\/wp\/v2\/product_cat?post=759043"},{"taxonomy":"product_tag","embeddable":true,"href":"https:\/\/roveyayinevi.com.tr\/index.php\/wp-json\/wp\/v2\/product_tag?post=759043"}],"curies":[{"name":"wp","href":"https:\/\/api.w.org\/{rel}","templated":true}]}}