{"id":759041,"date":"2025-08-28T08:23:10","date_gmt":"2025-08-28T05:23:10","guid":{"rendered":"https:\/\/roveyayinevi.com.tr\/index.php\/urun\/eugenie-de-franval-trajik-bir-oyku\/"},"modified":"2026-04-16T03:11:52","modified_gmt":"2026-04-16T00:11:52","slug":"eugenie-de-franval-trajik-bir-oyku","status":"publish","type":"product","link":"https:\/\/roveyayinevi.com.tr\/index.php\/urun\/eugenie-de-franval-trajik-bir-oyku\/","title":{"rendered":"Eugenie de Franval: Trajik Bir \u00d6yk\u00fc"},"content":{"rendered":"<p>\u201cMarquis de Sade b\u00fcy\u00fck bir yazar ve filozoftur; \u00fcniversite m\u00fcfredat\u0131ndan eksikli\u011fi, liberal insan bilimlerinin utanga\u00e7l\u0131\u011f\u0131n\u0131 ve ikiy\u00fczl\u00fcl\u00fc\u011f\u00fcn\u00fc g\u00f6sterir. Bat\u0131 gelene\u011finde hi\u00e7bir e\u011fitim Sade olmadan tamam\u0131na eremez. T\u00fcm \u00e7irkinli\u011fine ra\u011fmen kar\u015f\u0131s\u0131na \u00e7\u0131k\u0131lmal\u0131d\u0131r.\u201d \u2014CAMILLE PAGLIA   Sadece romanlar\u0131yla de\u011fil felsefesi ve ya\u015fant\u0131s\u0131yla da zaman\u0131n\u0131n tepkisini \u00e7eken Marquis de Sade, daha sonra Bat\u0131 d\u00fcnyas\u0131n\u0131n temellerinden biri olarak yorumlanmaya ba\u015flanm\u0131\u015ft\u0131r. Devrim \u00e7a\u011f\u0131nda her t\u00fcrl\u00fc s\u0131n\u0131r a\u015f\u0131l\u0131rken, filozofun g\u00f6sterdi\u011fi s\u0131n\u0131rlar fazla bulunmu\u015f olmal\u0131 ki bizzat Napol\u00e9on Bonaparte taraf\u0131ndan \u00f6mr\u00fcn\u00fc g\u00f6zetim alt\u0131nda ge\u00e7irmeye mahk\u00fbm k\u0131l\u0131nm\u0131\u015ft\u0131.   Eug\u00e9nie de Franval roman\u0131nda a\u015f\u0131r\u0131 u\u00e7lara g\u00f6t\u00fcr\u00fclerek felakete sebep olmu\u015f duygusal bir deney s\u00f6z konusudur: Zengin ve yak\u0131\u015f\u0131kl\u0131 bir aristokrat, felsefi bir inatla\u015fmayla k\u0131z\u0131 Eug\u00e9nie\u2019yi sadece kendisi i\u00e7in, t\u00fcm ahlaki ve dini yarg\u0131lardan azade yeti\u015ftirir ve sonunda kendisine \u00e2\u015f\u0131k eder. Kar\u0131s\u0131n\u0131, dostlar\u0131n\u0131 ve toplumun geri kalan\u0131n\u0131 hi\u00e7e sayarak k\u0131z\u0131n\u0131n \u00f6zg\u00fcr iradesini tesir alt\u0131nda tutan M\u00f6sy\u00f6 de Franval, kendi arzular\u0131 do\u011frultusunda her \u015feyi g\u00f6ze al\u0131rken felakete varanlar\u0131n e\u015fsiz bir \u00f6rne\u011fi h\u00e2line gelecektir. <\/p>\n","protected":false},"excerpt":{"rendered":"<p>\u201cMarquis de Sade b\u00fcy\u00fck bir yazar ve filozoftur; \u00fcniversite m\u00fcfredat\u0131ndan eksikli\u011fi, liberal insan bilimlerinin utanga\u00e7l\u0131\u011f\u0131n\u0131 ve ikiy\u00fczl\u00fcl\u00fc\u011f\u00fcn\u00fc g\u00f6sterir. Bat\u0131 gelene\u011finde hi\u00e7bir e\u011fitim Sade olmadan tamam\u0131na eremez.<span class=\"excerpt-hellip\"> [\u2026]<\/span><\/p>\n","protected":false},"featured_media":0,"template":"","meta":{"_monsterinsights_skip_tracking":false,"_monsterinsights_sitenote_active":false,"_monsterinsights_sitenote_note":"","_monsterinsights_sitenote_category":0},"product_brand":[],"product_cat":[12291,12711],"product_tag":[],"class_list":{"0":"post-759041","1":"product","2":"type-product","3":"status-publish","5":"product_cat-edebiyat","6":"product_cat-roman-oyku","7":"pa_cilt-ciltsiz","8":"pa_tur-kitap","9":"pa_yayinevi-ithaki-yayinlari","10":"pa_yazar-marqius-de-sade","12":"first","13":"instock","14":"sale","15":"shipping-taxable","16":"purchasable","17":"product-type-simple"},"_links":{"self":[{"href":"https:\/\/roveyayinevi.com.tr\/index.php\/wp-json\/wp\/v2\/product\/759041","targetHints":{"allow":["GET"]}}],"collection":[{"href":"https:\/\/roveyayinevi.com.tr\/index.php\/wp-json\/wp\/v2\/product"}],"about":[{"href":"https:\/\/roveyayinevi.com.tr\/index.php\/wp-json\/wp\/v2\/types\/product"}],"wp:attachment":[{"href":"https:\/\/roveyayinevi.com.tr\/index.php\/wp-json\/wp\/v2\/media?parent=759041"}],"wp:term":[{"taxonomy":"product_brand","embeddable":true,"href":"https:\/\/roveyayinevi.com.tr\/index.php\/wp-json\/wp\/v2\/product_brand?post=759041"},{"taxonomy":"product_cat","embeddable":true,"href":"https:\/\/roveyayinevi.com.tr\/index.php\/wp-json\/wp\/v2\/product_cat?post=759041"},{"taxonomy":"product_tag","embeddable":true,"href":"https:\/\/roveyayinevi.com.tr\/index.php\/wp-json\/wp\/v2\/product_tag?post=759041"}],"curies":[{"name":"wp","href":"https:\/\/api.w.org\/{rel}","templated":true}]}}