{"id":759040,"date":"2025-08-28T08:23:09","date_gmt":"2025-08-28T05:23:09","guid":{"rendered":"https:\/\/roveyayinevi.com.tr\/index.php\/urun\/dedektif-hansicinin-tuhaf-vaka-defteri\/"},"modified":"2026-04-16T03:11:52","modified_gmt":"2026-04-16T00:11:52","slug":"dedektif-hansicinin-tuhaf-vaka-defteri","status":"publish","type":"product","link":"https:\/\/roveyayinevi.com.tr\/index.php\/urun\/dedektif-hansicinin-tuhaf-vaka-defteri\/","title":{"rendered":"Dedektif Han\u015fi\u00e7i\u2019nin Tuhaf Vaka Defteri"},"content":{"rendered":"<p>\u201c\u2018Vaka Defteri\u2019nin ne oldu\u011funu mu soruyorsun?\u2019 dedi Han\u015fici konu\u015fmas\u0131na ba\u015flarken. \u2018Biz dedektifler elde etti\u011fimiz bilgileri \u015eehir Sulh Mahkemesi\u2019ne iletirdik. Davadan sorumlu ba\u015fm\u00fcfetti\u015f ya da yarg\u0131\u00e7 yard\u0131mc\u0131s\u0131 da bu bilgileri bir deftere kaydederdi. \u0130\u015fte bu deftere Vaka Defteri derdik.\u2019\u201d   Japon dedektiflik hik\u00e2yelerinin \u00f6nc\u00fcs\u00fc olarak bilinen Kido Okamoto 1917 y\u0131l\u0131nda kendisine b\u00fcy\u00fck \u00fcn kazand\u0131racak Dedektif Han\u015fici karakterini yaratarak ayn\u0131 zamanda Japon edebiyat\u0131nda yeni bir t\u00fcr\u00fcn \u2013tarihsel polisiyenin\u2013 de temellerini att\u0131. Japon edebiyat\u0131n\u0131n Sherlock Holmes\u2019u olarak da bilinen Dedektif Han\u015fici karakteri, b\u00fcy\u00fck bir ba\u015far\u0131 kazand\u0131 ve yirmi y\u0131l boyunca ilgi g\u00f6ren bir seri olarak devam etti.   Bir kasabay\u0131 ele ge\u00e7iren kediler, ortadan kaybolan insanlar ve \u00e7\u00f6z\u00fclmesi g\u00fc\u00e7 cinayetler\u2026 Dedektif Han\u015fici ilgin\u00e7 ayr\u0131nt\u0131larla s\u00fcslenmi\u015f pek \u00e7ok girift, s\u0131rad\u0131\u015f\u0131 ve gizemli olay\u0131 daha \u00e7ok i\u00e7g\u00fcd\u00fclerine, deneyimlerine ve hatta bazen de \u015fans\u0131na g\u00fcvenerek \u00e7\u00f6zer. Olaylar\u0131 \u00e7\u00f6zerken, yaz\u0131ld\u0131\u011f\u0131 d\u00f6nem olan Birinci ve \u0130kinci D\u00fcnya Sava\u015flar\u0131 aras\u0131ndaki d\u00f6nemin perspektifinden feodal Japonya\u2019daki hayat\u0131 da yer yer mizah unsurlar\u0131n\u0131 kullanarak irdeler.   <\/p>\n","protected":false},"excerpt":{"rendered":"<p>\u201c\u2018Vaka Defteri\u2019nin ne oldu\u011funu mu soruyorsun?\u2019 dedi Han\u015fici konu\u015fmas\u0131na ba\u015flarken. \u2018Biz dedektifler elde etti\u011fimiz bilgileri \u015eehir Sulh Mahkemesi\u2019ne iletirdik. Davadan sorumlu ba\u015fm\u00fcfetti\u015f ya da yarg\u0131\u00e7 yard\u0131mc\u0131s\u0131<span class=\"excerpt-hellip\"> [\u2026]<\/span><\/p>\n","protected":false},"featured_media":0,"template":"","meta":{"_monsterinsights_skip_tracking":false,"_monsterinsights_sitenote_active":false,"_monsterinsights_sitenote_note":"","_monsterinsights_sitenote_category":0},"product_brand":[],"product_cat":[12291,15445],"product_tag":[],"class_list":{"0":"post-759040","1":"product","2":"type-product","3":"status-publish","5":"product_cat-edebiyat","6":"product_cat-polisiye","7":"pa_cilt-ciltsiz","8":"pa_tur-kitap","9":"pa_yayinevi-ithaki-yayinlari","10":"pa_yazar-kido-okamoto","12":"first","13":"instock","14":"sale","15":"shipping-taxable","16":"purchasable","17":"product-type-simple"},"_links":{"self":[{"href":"https:\/\/roveyayinevi.com.tr\/index.php\/wp-json\/wp\/v2\/product\/759040","targetHints":{"allow":["GET"]}}],"collection":[{"href":"https:\/\/roveyayinevi.com.tr\/index.php\/wp-json\/wp\/v2\/product"}],"about":[{"href":"https:\/\/roveyayinevi.com.tr\/index.php\/wp-json\/wp\/v2\/types\/product"}],"wp:attachment":[{"href":"https:\/\/roveyayinevi.com.tr\/index.php\/wp-json\/wp\/v2\/media?parent=759040"}],"wp:term":[{"taxonomy":"product_brand","embeddable":true,"href":"https:\/\/roveyayinevi.com.tr\/index.php\/wp-json\/wp\/v2\/product_brand?post=759040"},{"taxonomy":"product_cat","embeddable":true,"href":"https:\/\/roveyayinevi.com.tr\/index.php\/wp-json\/wp\/v2\/product_cat?post=759040"},{"taxonomy":"product_tag","embeddable":true,"href":"https:\/\/roveyayinevi.com.tr\/index.php\/wp-json\/wp\/v2\/product_tag?post=759040"}],"curies":[{"name":"wp","href":"https:\/\/api.w.org\/{rel}","templated":true}]}}