{"id":759039,"date":"2025-08-28T08:23:07","date_gmt":"2025-08-28T05:23:07","guid":{"rendered":"https:\/\/roveyayinevi.com.tr\/index.php\/urun\/bilsem-ilkokul-1-sinif-bilim-ve-sanat-merkezleri-ogrenci-secme-sinavi\/"},"modified":"2026-04-16T03:11:52","modified_gmt":"2026-04-16T00:11:52","slug":"bilsem-ilkokul-1-sinif-bilim-ve-sanat-merkezleri-ogrenci-secme-sinavi","status":"publish","type":"product","link":"https:\/\/roveyayinevi.com.tr\/index.php\/urun\/bilsem-ilkokul-1-sinif-bilim-ve-sanat-merkezleri-ogrenci-secme-sinavi\/","title":{"rendered":"Bilsem \u0130lkokul 1. S\u0131n\u0131f (Bilim ve Sanat Merkezleri \u00d6\u011frenci se\u00e7me S\u0131nav\u0131)"},"content":{"rendered":"<p>Say\u0131n Veliler; Her \u00f6\u011frenci farkl\u0131 yetenek ve farkl\u0131 \u00f6zelliklere sahiptir. Haz\u0131rlanan B\u0130LSEM DENEME \u2018de \u00f6zellikle bunu g\u00f6zettik. Amac\u0131m\u0131z g\u00f6rsel ve zihinsel zek\u00e2lar\u0131n harekete ge\u00e7irilmesi yoluyla dikkati geli\u015ftirmek haf\u0131zay\u0131 g\u00fc\u00e7lendirmektir. B\u0130LSEM&#8217;e uygun olarak haz\u0131rlad\u0131\u011f\u0131m\u0131z bu kitapla \u00f6\u011frencimiz ayn\u0131 zamanda haf\u0131zas\u0131n\u0131 kullanmay\u0131 \u00f6\u011frenecek mant\u0131k y\u00fcr\u00fctme becerisi kazanacakt\u0131r. Hayal g\u00fcc\u00fcn\u00fc kullanarak somut kavramlar\u0131n yan\u0131nda soyut d\u00fc\u015f\u00fcnme yetene\u011fine ula\u015facakt\u0131r. B\u00f6ylece \u00f6\u011frencimiz B\u0130LSEM&#8217;e haz\u0131rlanacakt\u0131r. Kitab\u0131m\u0131z d\u00f6rt fasik\u00fclden olu\u015fmaktad\u0131r. Fasik\u00fcllerin sonunda yan\u0131t anahtar\u0131 mevcuttur. \u015eimdiden \u00f6\u011frencilerimize ba\u015far\u0131lar dilerim. <\/p>\n","protected":false},"excerpt":{"rendered":"<p>Say\u0131n Veliler; Her \u00f6\u011frenci farkl\u0131 yetenek ve farkl\u0131 \u00f6zelliklere sahiptir. Haz\u0131rlanan B\u0130LSEM DENEME \u2018de \u00f6zellikle bunu g\u00f6zettik. Amac\u0131m\u0131z g\u00f6rsel ve zihinsel zek\u00e2lar\u0131n harekete ge\u00e7irilmesi yoluyla dikkati<span class=\"excerpt-hellip\"> [\u2026]<\/span><\/p>\n","protected":false},"featured_media":0,"template":"","meta":{"_monsterinsights_skip_tracking":false,"_monsterinsights_sitenote_active":false,"_monsterinsights_sitenote_note":"","_monsterinsights_sitenote_category":0},"product_brand":[],"product_cat":[12566,13473],"product_tag":[],"class_list":{"0":"post-759039","1":"product","2":"type-product","3":"status-publish","5":"product_cat-egitim","6":"product_cat-sinavlara-hazirlik-okula-yardimci-kaynaklar","7":"pa_cilt-ciltsiz","8":"pa_tur-kitap","9":"pa_yayinevi-fark-yayinlari","10":"pa_yazar-tacettin-kandemir","12":"first","13":"instock","14":"sale","15":"shipping-taxable","16":"purchasable","17":"product-type-simple"},"_links":{"self":[{"href":"https:\/\/roveyayinevi.com.tr\/index.php\/wp-json\/wp\/v2\/product\/759039","targetHints":{"allow":["GET"]}}],"collection":[{"href":"https:\/\/roveyayinevi.com.tr\/index.php\/wp-json\/wp\/v2\/product"}],"about":[{"href":"https:\/\/roveyayinevi.com.tr\/index.php\/wp-json\/wp\/v2\/types\/product"}],"wp:attachment":[{"href":"https:\/\/roveyayinevi.com.tr\/index.php\/wp-json\/wp\/v2\/media?parent=759039"}],"wp:term":[{"taxonomy":"product_brand","embeddable":true,"href":"https:\/\/roveyayinevi.com.tr\/index.php\/wp-json\/wp\/v2\/product_brand?post=759039"},{"taxonomy":"product_cat","embeddable":true,"href":"https:\/\/roveyayinevi.com.tr\/index.php\/wp-json\/wp\/v2\/product_cat?post=759039"},{"taxonomy":"product_tag","embeddable":true,"href":"https:\/\/roveyayinevi.com.tr\/index.php\/wp-json\/wp\/v2\/product_tag?post=759039"}],"curies":[{"name":"wp","href":"https:\/\/api.w.org\/{rel}","templated":true}]}}