{"id":759033,"date":"2025-08-28T08:22:59","date_gmt":"2025-08-28T05:22:59","guid":{"rendered":"https:\/\/roveyayinevi.com.tr\/index.php\/urun\/askin-ogrenme-kendini-yetistirme\/"},"modified":"2026-04-16T03:11:52","modified_gmt":"2026-04-16T00:11:52","slug":"askin-ogrenme-kendini-yetistirme","status":"publish","type":"product","link":"https:\/\/roveyayinevi.com.tr\/index.php\/urun\/askin-ogrenme-kendini-yetistirme\/","title":{"rendered":"A\u015fk\u0131n \u00d6\u011frenme \u2013 Kendini Yeti\u015ftirme"},"content":{"rendered":"<p>A\u015fk\u0131n \u00d6\u011frenme b\u00fcy\u00fcleyici ve ilham verici bir kitap. Scott\u2019\u0131n y\u00f6ntemi i\u015fe yar\u0131yor. Bu kitapta ortaya koydu\u011fu teknikleri izleyerek bir yazarl\u0131k kariyeri in\u015fa ettim, ba\u015far\u0131l\u0131 bir i\u015f kurdum ve nihayetinde New York Times\u2019\u0131n \u00e7ok satanlar\u0131na giren bir kitap yazd\u0131m.                                     James Clear , Atomik Al\u0131\u015fkanl\u0131klar kitab\u0131n\u0131n yazar\u0131 Elinizdeki kitab\u0131yla Wall Street Journal\u2019\u0131n \u00e7oksatanlar listesine girmi\u015f yazar Scott H. Young, podcast sunuculu\u011fu da yapan, bilgisayar programc\u0131s\u0131 bir kitap d\u00fc\u015fk\u00fcn\u00fc. Manitoba \u00dcniversitesi ve Montpellier \u0130\u015fletme Fak\u00fcltesi mezunu Young, 2006 y\u0131l\u0131ndan bu yana her hafta ki\u015fisel blogunda yay\u0131nlad\u0131\u011f\u0131 makalelerle daha iyi d\u00fc\u015f\u00fcnmeye ve \u00f6\u011frenmeye arzulu ki\u015filere yard\u0131mc\u0131 olmaya \u00e7al\u0131\u015f\u0131yor. Scott H. Young 2012 y\u0131l\u0131nda hayata ge\u00e7irdi\u011fi a\u015fk\u0131n \u00f6\u011frenme projesinde, MIT bilgisayar bilimleri mezunlar\u0131n\u0131n d\u00f6rt y\u0131ll\u0131k e\u011fitimleri sonunda ge\u00e7meleri gereken s\u0131navlar\u0131 sadece 12 ay i\u00e7erisinde ge\u00e7meyi ba\u015fard\u0131. Bu projesini MIT\u2019nin lisans m\u00fcfredat\u0131nda \u00f6\u011fretilen materyali, \u00fccretsiz olarak sa\u011flanan ders notlar\u0131 ve kitaplar\u0131n\u0131 kullanarak kendi \u00f6zg\u00fcn y\u00f6ntemiyle hayata ge\u00e7irdi. Yapt\u0131\u011f\u0131 \u00e7al\u0131\u015fmalar The New York Times, BBC, Pocket, Business Insider ve daha pek \u00e7ok mecrada g\u00fcndem oldu. \u00d6\u011frenme yakla\u015f\u0131m\u0131n\u0131 a\u00e7\u0131klad\u0131\u011f\u0131 TEDx konu\u015fmas\u0131n\u0131 yar\u0131m milyondan fazla ki\u015fi izledi. Ard\u0131ndan \u00f6\u011frenme y\u00f6ntemini yetkinle\u015ftirmek amac\u0131yla bu kez 12 ayda 4 dil \u00f6\u011frenme projesine ba\u015flad\u0131. T\u00fcm bir y\u0131l boyunca hi\u00e7 \u0130ngilizce konu\u015fmadan seyahat etti\u011fi d\u00f6rt \u00fclkede \u0130spanyolca, Portekizce, Mandarin ve Korece \u00f6\u011frendi. Bu kitab\u0131yla sizlere kendi kendinizi yeti\u015ftirmede bir ba\u015flang\u0131\u00e7 noktas\u0131 sunmay\u0131 ama\u00e7layan yazar Scott H. Young, kendini yeti\u015ftirmenin en etkili y\u00f6ntemlerinden biri olan a\u015fk\u0131n \u00f6\u011frenmenin temel ilkelerini a\u00e7\u0131kl\u0131yor. Bu \u00e7\u0131\u011f\u0131r a\u00e7\u0131c\u0131 \u00f6\u011frenme yakla\u015f\u0131m\u0131n\u0131n ilkelerini uygulayarak ba\u015far\u0131ya ula\u015fm\u0131\u015f a\u015fk\u0131n \u00f6\u011frenicilerin \u00f6\u011frenme tarzlar\u0131na \u0131\u015f\u0131k tutuyor. Frans\u0131zca konu\u015famamas\u0131na kar\u015f\u0131n Frans\u0131zcada D\u00fcnya Scrabble \u015eampiyonu olan Nigel Richards, daha \u00f6nce hi\u00e7bir deneyimi olmamas\u0131na ra\u011fmen sadece yedi ayda D\u00fcnya Hitabet \u015eampiyonas\u0131 finalisti olmay\u0131 ba\u015faran Tristan de Montebello, istedi\u011fi dili yaln\u0131zca \u00fc\u00e7 ayda ak\u0131c\u0131 \u015fekilde konu\u015fabilen Benny Lewis gibi g\u00fcncel \u00f6rnekler okurla tan\u0131\u015ft\u0131r\u0131l\u0131yor. Ayr\u0131ca b\u00fcy\u00fck matematik\u00e7i Srinivasa Ramanujan, b\u00fcy\u00fck fizik\u00e7i Richard Feynman, b\u00fcy\u00fck ressam Vincent van Gogh ve nihayet satran\u00e7 b\u00fcy\u00fckustas\u0131 Judit Polg\u00e1r\u2019\u0131n ya\u015fam \u00f6yk\u00fclerine bakarak bu tarihi \u015fahsiyetlerin \u00f6\u011frenme y\u00f6ntemleri ile a\u015fk\u0131n \u00f6\u011frenme ilkeleri aras\u0131nda ba\u011f kuruluyor.  <\/p>\n","protected":false},"excerpt":{"rendered":"<p>A\u015fk\u0131n \u00d6\u011frenme b\u00fcy\u00fcleyici ve ilham verici bir kitap. Scott\u2019\u0131n y\u00f6ntemi i\u015fe yar\u0131yor. Bu kitapta ortaya koydu\u011fu teknikleri izleyerek bir yazarl\u0131k kariyeri in\u015fa ettim, ba\u015far\u0131l\u0131 bir i\u015f<span class=\"excerpt-hellip\"> [\u2026]<\/span><\/p>\n","protected":false},"featured_media":0,"template":"","meta":{"_monsterinsights_skip_tracking":false,"_monsterinsights_sitenote_active":false,"_monsterinsights_sitenote_note":"","_monsterinsights_sitenote_category":0},"product_brand":[],"product_cat":[13043,17647],"product_tag":[],"class_list":{"0":"post-759033","1":"product","2":"type-product","3":"status-publish","5":"product_cat-ekonomi","6":"product_cat-is-dunyasi","7":"pa_cilt-ciltsiz","8":"pa_tur-kitap","9":"pa_yayinevi-is-bankasi-kultur-yayinlari","10":"pa_yazar-scott-h-young","12":"first","13":"instock","14":"sale","15":"shipping-taxable","16":"purchasable","17":"product-type-simple"},"_links":{"self":[{"href":"https:\/\/roveyayinevi.com.tr\/index.php\/wp-json\/wp\/v2\/product\/759033","targetHints":{"allow":["GET"]}}],"collection":[{"href":"https:\/\/roveyayinevi.com.tr\/index.php\/wp-json\/wp\/v2\/product"}],"about":[{"href":"https:\/\/roveyayinevi.com.tr\/index.php\/wp-json\/wp\/v2\/types\/product"}],"wp:attachment":[{"href":"https:\/\/roveyayinevi.com.tr\/index.php\/wp-json\/wp\/v2\/media?parent=759033"}],"wp:term":[{"taxonomy":"product_brand","embeddable":true,"href":"https:\/\/roveyayinevi.com.tr\/index.php\/wp-json\/wp\/v2\/product_brand?post=759033"},{"taxonomy":"product_cat","embeddable":true,"href":"https:\/\/roveyayinevi.com.tr\/index.php\/wp-json\/wp\/v2\/product_cat?post=759033"},{"taxonomy":"product_tag","embeddable":true,"href":"https:\/\/roveyayinevi.com.tr\/index.php\/wp-json\/wp\/v2\/product_tag?post=759033"}],"curies":[{"name":"wp","href":"https:\/\/api.w.org\/{rel}","templated":true}]}}