{"id":759027,"date":"2025-08-28T08:22:40","date_gmt":"2025-08-28T05:22:40","guid":{"rendered":"https:\/\/roveyayinevi.com.tr\/index.php\/urun\/dunyamiz-eglenceli-etkinlikler\/"},"modified":"2026-04-16T03:11:52","modified_gmt":"2026-04-16T00:11:52","slug":"dunyamiz-eglenceli-etkinlikler","status":"publish","type":"product","link":"https:\/\/roveyayinevi.com.tr\/index.php\/urun\/dunyamiz-eglenceli-etkinlikler\/","title":{"rendered":"D\u00fcnyam\u0131z \u2013 E\u011flenceli Etkinlikler"},"content":{"rendered":"<p>D\u00fcnyam\u0131zda ge\u00e7en birbirinden e\u011flenceli etkinlikler bu kitapta! Problem \u00e7\u00f6zme becerilerini geli\u015ftiren, D\u00fcnya hakk\u0131nda ilgin\u00e7 bilgiler veren bu kitap, \u00e7ocuklar\u0131n zihinlerini me\u015fgul edecek yarat\u0131c\u0131 ve e\u011flenceli etkinliklerle dolu! *Kod \u00c7\u00f6zme *Labirentler *Farklar\u0131 Bul *Kelime Av\u0131 *\u0130lgin\u00e7 Bilgiler *Boyama *Dikkat *Odaklanma <\/p>\n","protected":false},"excerpt":{"rendered":"<p>D\u00fcnyam\u0131zda ge\u00e7en birbirinden e\u011flenceli etkinlikler bu kitapta! Problem \u00e7\u00f6zme becerilerini geli\u015ftiren, D\u00fcnya hakk\u0131nda ilgin\u00e7 bilgiler veren bu kitap, \u00e7ocuklar\u0131n zihinlerini me\u015fgul edecek yarat\u0131c\u0131 ve e\u011flenceli etkinliklerle<span class=\"excerpt-hellip\"> [\u2026]<\/span><\/p>\n","protected":false},"featured_media":0,"template":"","meta":{"_monsterinsights_skip_tracking":false,"_monsterinsights_sitenote_active":false,"_monsterinsights_sitenote_note":"","_monsterinsights_sitenote_category":0},"product_brand":[],"product_cat":[12274,15842],"product_tag":[],"class_list":{"0":"post-759027","1":"product","2":"type-product","3":"status-publish","5":"product_cat-cocuk-ve-genclik-kitaplari","6":"product_cat-egitici-kitaplar","7":"pa_cilt-ciltsiz","8":"pa_tur-kitap","9":"pa_yayinevi-is-bankasi-kultur-yayinlari","10":"pa_yazar-idil-alter","12":"first","13":"instock","14":"sale","15":"shipping-taxable","16":"purchasable","17":"product-type-simple"},"_links":{"self":[{"href":"https:\/\/roveyayinevi.com.tr\/index.php\/wp-json\/wp\/v2\/product\/759027","targetHints":{"allow":["GET"]}}],"collection":[{"href":"https:\/\/roveyayinevi.com.tr\/index.php\/wp-json\/wp\/v2\/product"}],"about":[{"href":"https:\/\/roveyayinevi.com.tr\/index.php\/wp-json\/wp\/v2\/types\/product"}],"wp:attachment":[{"href":"https:\/\/roveyayinevi.com.tr\/index.php\/wp-json\/wp\/v2\/media?parent=759027"}],"wp:term":[{"taxonomy":"product_brand","embeddable":true,"href":"https:\/\/roveyayinevi.com.tr\/index.php\/wp-json\/wp\/v2\/product_brand?post=759027"},{"taxonomy":"product_cat","embeddable":true,"href":"https:\/\/roveyayinevi.com.tr\/index.php\/wp-json\/wp\/v2\/product_cat?post=759027"},{"taxonomy":"product_tag","embeddable":true,"href":"https:\/\/roveyayinevi.com.tr\/index.php\/wp-json\/wp\/v2\/product_tag?post=759027"}],"curies":[{"name":"wp","href":"https:\/\/api.w.org\/{rel}","templated":true}]}}