{"id":759026,"date":"2025-08-28T08:22:39","date_gmt":"2025-08-28T05:22:39","guid":{"rendered":"https:\/\/roveyayinevi.com.tr\/index.php\/urun\/masallarla-sayisal-mantik-etkinlikleri-bir-varmis-bir-yokmus\/"},"modified":"2026-04-16T03:11:52","modified_gmt":"2026-04-16T00:11:52","slug":"masallarla-sayisal-mantik-etkinlikleri-bir-varmis-bir-yokmus","status":"publish","type":"product","link":"https:\/\/roveyayinevi.com.tr\/index.php\/urun\/masallarla-sayisal-mantik-etkinlikleri-bir-varmis-bir-yokmus\/","title":{"rendered":"Masallarla Say\u0131sal Mant\u0131k Etkinlikleri \u2013 Bir Varm\u0131\u015f Bir Yokmu\u015f"},"content":{"rendered":"<p>Masallarla Say\u0131sal Mant\u0131k Etkinlikleri kitab\u0131, \u00e7ocuklara d\u00f6rt i\u015flem, \u00f6r\u00fcnt\u00fc, g\u00f6rsel zek\u00e2, yorumlama ve dikkat geli\u015ftirme gibi kazan\u0131mlar edinmeleri i\u00e7in yard\u0131mc\u0131 oluyor. \u00c7ocuklar bu kitapta masallardan yola \u00e7\u0131kan al\u0131\u015ft\u0131rmalarla e\u011flenirken say\u0131sal mant\u0131k geli\u015fimini destekleyen, m\u00fcfredata uygun pek \u00e7ok etkinlik bulacaklar. <\/p>\n","protected":false},"excerpt":{"rendered":"<p>Masallarla Say\u0131sal Mant\u0131k Etkinlikleri kitab\u0131, \u00e7ocuklara d\u00f6rt i\u015flem, \u00f6r\u00fcnt\u00fc, g\u00f6rsel zek\u00e2, yorumlama ve dikkat geli\u015ftirme gibi kazan\u0131mlar edinmeleri i\u00e7in yard\u0131mc\u0131 oluyor. \u00c7ocuklar bu kitapta masallardan yola<span class=\"excerpt-hellip\"> [\u2026]<\/span><\/p>\n","protected":false},"featured_media":0,"template":"","meta":{"_monsterinsights_skip_tracking":false,"_monsterinsights_sitenote_active":false,"_monsterinsights_sitenote_note":"","_monsterinsights_sitenote_category":0},"product_brand":[],"product_cat":[12274,15842],"product_tag":[],"class_list":{"0":"post-759026","1":"product","2":"type-product","3":"status-publish","5":"product_cat-cocuk-ve-genclik-kitaplari","6":"product_cat-egitici-kitaplar","7":"pa_cilt-ciltsiz","8":"pa_tur-kitap","9":"pa_yayinevi-is-bankasi-kultur-yayinlari","10":"pa_yazar-asaf-ekin-yesil","12":"first","13":"instock","14":"sale","15":"shipping-taxable","16":"purchasable","17":"product-type-simple"},"_links":{"self":[{"href":"https:\/\/roveyayinevi.com.tr\/index.php\/wp-json\/wp\/v2\/product\/759026","targetHints":{"allow":["GET"]}}],"collection":[{"href":"https:\/\/roveyayinevi.com.tr\/index.php\/wp-json\/wp\/v2\/product"}],"about":[{"href":"https:\/\/roveyayinevi.com.tr\/index.php\/wp-json\/wp\/v2\/types\/product"}],"wp:attachment":[{"href":"https:\/\/roveyayinevi.com.tr\/index.php\/wp-json\/wp\/v2\/media?parent=759026"}],"wp:term":[{"taxonomy":"product_brand","embeddable":true,"href":"https:\/\/roveyayinevi.com.tr\/index.php\/wp-json\/wp\/v2\/product_brand?post=759026"},{"taxonomy":"product_cat","embeddable":true,"href":"https:\/\/roveyayinevi.com.tr\/index.php\/wp-json\/wp\/v2\/product_cat?post=759026"},{"taxonomy":"product_tag","embeddable":true,"href":"https:\/\/roveyayinevi.com.tr\/index.php\/wp-json\/wp\/v2\/product_tag?post=759026"}],"curies":[{"name":"wp","href":"https:\/\/api.w.org\/{rel}","templated":true}]}}