{"id":759023,"date":"2025-08-28T08:22:34","date_gmt":"2025-08-28T05:22:34","guid":{"rendered":"https:\/\/roveyayinevi.com.tr\/index.php\/urun\/sayilar-muthis-eglenceli-ciltli\/"},"modified":"2026-04-16T03:11:52","modified_gmt":"2026-04-16T00:11:52","slug":"sayilar-muthis-eglenceli-ciltli","status":"publish","type":"product","link":"https:\/\/roveyayinevi.com.tr\/index.php\/urun\/sayilar-muthis-eglenceli-ciltli\/","title":{"rendered":"Say\u0131lar \u2013 M\u00fcthi\u015f E\u011flenceli! (Ciltli)"},"content":{"rendered":"<p>\u0130lk kavramlar m\u00fcthi\u015f e\u011flenceli olabilir, \u00f6zellikle de i\u015fin i\u00e7ine hayvanlar girdi\u011finde! K\u00fc\u00e7\u00fck \u00e7ocuklar e\u011flenerek \u00f6\u011frendi\u011finde bilgiyi daha etkili bir \u015fekilde kavrar ve haf\u0131zas\u0131nda tutar. Canl\u0131 resimlerle dolu bu e\u011flenceli kitap, miniklere say\u0131lar\u0131 e\u011flendirerek \u00f6\u011fretecek. <\/p>\n","protected":false},"excerpt":{"rendered":"<p>\u0130lk kavramlar m\u00fcthi\u015f e\u011flenceli olabilir, \u00f6zellikle de i\u015fin i\u00e7ine hayvanlar girdi\u011finde! K\u00fc\u00e7\u00fck \u00e7ocuklar e\u011flenerek \u00f6\u011frendi\u011finde bilgiyi daha etkili bir \u015fekilde kavrar ve haf\u0131zas\u0131nda tutar. Canl\u0131 resimlerle<span class=\"excerpt-hellip\"> [\u2026]<\/span><\/p>\n","protected":false},"featured_media":0,"template":"","meta":{"_monsterinsights_skip_tracking":false,"_monsterinsights_sitenote_active":false,"_monsterinsights_sitenote_note":"","_monsterinsights_sitenote_category":0},"product_brand":[],"product_cat":[12274,12518],"product_tag":[],"class_list":{"0":"post-759023","1":"product","2":"type-product","3":"status-publish","5":"product_cat-cocuk-ve-genclik-kitaplari","6":"product_cat-okul-oncesi-kitaplar","7":"pa_cilt-ciltli","8":"pa_tur-kitap","9":"pa_yayinevi-is-bankasi-kultur-yayinlari","10":"pa_yazar-courtney-dicmas","12":"first","13":"instock","14":"sale","15":"shipping-taxable","16":"purchasable","17":"product-type-simple"},"_links":{"self":[{"href":"https:\/\/roveyayinevi.com.tr\/index.php\/wp-json\/wp\/v2\/product\/759023","targetHints":{"allow":["GET"]}}],"collection":[{"href":"https:\/\/roveyayinevi.com.tr\/index.php\/wp-json\/wp\/v2\/product"}],"about":[{"href":"https:\/\/roveyayinevi.com.tr\/index.php\/wp-json\/wp\/v2\/types\/product"}],"wp:attachment":[{"href":"https:\/\/roveyayinevi.com.tr\/index.php\/wp-json\/wp\/v2\/media?parent=759023"}],"wp:term":[{"taxonomy":"product_brand","embeddable":true,"href":"https:\/\/roveyayinevi.com.tr\/index.php\/wp-json\/wp\/v2\/product_brand?post=759023"},{"taxonomy":"product_cat","embeddable":true,"href":"https:\/\/roveyayinevi.com.tr\/index.php\/wp-json\/wp\/v2\/product_cat?post=759023"},{"taxonomy":"product_tag","embeddable":true,"href":"https:\/\/roveyayinevi.com.tr\/index.php\/wp-json\/wp\/v2\/product_tag?post=759023"}],"curies":[{"name":"wp","href":"https:\/\/api.w.org\/{rel}","templated":true}]}}