{"id":759022,"date":"2025-08-28T08:22:32","date_gmt":"2025-08-28T05:22:32","guid":{"rendered":"https:\/\/roveyayinevi.com.tr\/index.php\/urun\/mahfaza\/"},"modified":"2026-04-16T03:11:52","modified_gmt":"2026-04-16T00:11:52","slug":"mahfaza","status":"publish","type":"product","link":"https:\/\/roveyayinevi.com.tr\/index.php\/urun\/mahfaza\/","title":{"rendered":"Mahfaza"},"content":{"rendered":"<p>Ha\u015fmet, kimse a\u011fz\u0131n\u0131 a\u00e7amadan \u201cHo\u015f geldiniz \u00e7ocuklar, ge\u00e7in oturun\u201d dedi. Yusuf da di\u011ferleri gibi sessizce kendine bir yer bak\u0131n\u0131p en yak\u0131n koltu\u011fa yerle\u015fti\u2026 Ayd\u0131n, Ayla, Celil ve Zeki \u015fa\u015fk\u0131nl\u0131kla kar\u015f\u0131lar\u0131nda duran bu iki gizemli adam\u0131 izliyorlard\u0131. Ha\u015fmet nihayet konu\u015fmaya ba\u015flad\u0131: \u201cBiliyorum, \u00e7ok sorunuz var\u201d dedi sakin bir sesle ve devam etti. \u201cHi\u00e7 eveleyip gevelemeden konuya girece\u011fim. Y\u0131llard\u0131r Arkan\u2019la beraber \u00fcstlendi\u011fimiz gizli bir g\u00f6revimiz var. Bu g\u00f6revi derin devlet de biliyor ve destekliyor. \u0130stanbul\u2019un yeralt\u0131 \u015fehrinde saklanan alt\u0131nlar\u0131 korumakla g\u00f6revliyiz. Herkesin \u015fehir efsanesi gibi kulaktan kula\u011fa f\u0131s\u0131ldad\u0131\u011f\u0131 alt\u0131nlar ger\u00e7ekten var. Ve bu hazine, kitap\u00e7\u0131n\u0131n alt\u0131ndaki gizli bir t\u00fcnel odas\u0131nda\u2026 Alt\u0131nlar; ge\u00e7itler, labirentler, t\u0131ls\u0131mlar, b\u00fcy\u00fcler ve cinler taraf\u0131ndan korunuyor. Yak\u0131n bir gelecekte \u00e7\u0131kacak d\u00fcnya sava\u015f\u0131 ve k\u0131tl\u0131k d\u00f6neminde bu alt\u0131nlar T\u00fcrkiye\u2019nin kaderini de\u011fi\u015ftirmek i\u00e7in kullan\u0131lacak.\u201d Asl\u0131 Sertdemir bir labirent gibi \u00f6rd\u00fc\u011f\u00fc ilk roman\u0131 Mahfaza\u2019da, \u0130stanbul\u2019un gizemli mek\u00e2nlar\u0131nda soluk kesen bir maceraya davet ediyor okuru.<\/p>\n","protected":false},"excerpt":{"rendered":"<p>Ha\u015fmet, kimse a\u011fz\u0131n\u0131 a\u00e7amadan \u201cHo\u015f geldiniz \u00e7ocuklar, ge\u00e7in oturun\u201d dedi. Yusuf da di\u011ferleri gibi sessizce kendine bir yer bak\u0131n\u0131p en yak\u0131n koltu\u011fa yerle\u015fti\u2026 Ayd\u0131n, Ayla, Celil<span class=\"excerpt-hellip\"> [\u2026]<\/span><\/p>\n","protected":false},"featured_media":0,"template":"","meta":{"_monsterinsights_skip_tracking":false,"_monsterinsights_sitenote_active":false,"_monsterinsights_sitenote_note":"","_monsterinsights_sitenote_category":0},"product_brand":[],"product_cat":[12291,12711],"product_tag":[],"class_list":{"0":"post-759022","1":"product","2":"type-product","3":"status-publish","5":"product_cat-edebiyat","6":"product_cat-roman-oyku","7":"pa_cilt-ciltsiz","8":"pa_tur-kitap","9":"pa_yayinevi-cinar-yayinlari","10":"pa_yazar-asli-sertdemir","12":"first","13":"instock","14":"sale","15":"shipping-taxable","16":"purchasable","17":"product-type-simple"},"_links":{"self":[{"href":"https:\/\/roveyayinevi.com.tr\/index.php\/wp-json\/wp\/v2\/product\/759022","targetHints":{"allow":["GET"]}}],"collection":[{"href":"https:\/\/roveyayinevi.com.tr\/index.php\/wp-json\/wp\/v2\/product"}],"about":[{"href":"https:\/\/roveyayinevi.com.tr\/index.php\/wp-json\/wp\/v2\/types\/product"}],"wp:attachment":[{"href":"https:\/\/roveyayinevi.com.tr\/index.php\/wp-json\/wp\/v2\/media?parent=759022"}],"wp:term":[{"taxonomy":"product_brand","embeddable":true,"href":"https:\/\/roveyayinevi.com.tr\/index.php\/wp-json\/wp\/v2\/product_brand?post=759022"},{"taxonomy":"product_cat","embeddable":true,"href":"https:\/\/roveyayinevi.com.tr\/index.php\/wp-json\/wp\/v2\/product_cat?post=759022"},{"taxonomy":"product_tag","embeddable":true,"href":"https:\/\/roveyayinevi.com.tr\/index.php\/wp-json\/wp\/v2\/product_tag?post=759022"}],"curies":[{"name":"wp","href":"https:\/\/api.w.org\/{rel}","templated":true}]}}