{"id":759013,"date":"2025-08-28T08:22:17","date_gmt":"2025-08-28T05:22:17","guid":{"rendered":"https:\/\/roveyayinevi.com.tr\/index.php\/urun\/iklim-elcileri-kadinlar\/"},"modified":"2026-04-16T03:11:51","modified_gmt":"2026-04-16T00:11:51","slug":"iklim-elcileri-kadinlar","status":"publish","type":"product","link":"https:\/\/roveyayinevi.com.tr\/index.php\/urun\/iklim-elcileri-kadinlar\/","title":{"rendered":"\u0130klim El\u00e7ileri \u201cKad\u0131nlar\u201d"},"content":{"rendered":"<p>Kad\u0131n \u00e7evre hareketi eylemsel olarak ilk, 1972 y\u0131l\u0131nda Hindistan\u2019da Vandana Siva \u00f6nc\u00fcl\u00fc\u011f\u00fcnde \u201csar\u0131lma\u201d anlam\u0131na gelen \u201cChipko Hareketi\u201d ile ba\u015flam\u0131\u015ft\u0131r. Ticari ama\u00e7l\u0131 a\u011fa\u00e7 kesilmesinin \u00f6n\u00fcne ge\u00e7ebilmek i\u00e7in kad\u0131nlar a\u011fa\u00e7lara sar\u0131larak sessiz eylem ger\u00e7ekle\u015ftirmi\u015flerdir. 1977 y\u0131l\u0131nda ise Prof. Dr. Wangari Maathai \u00f6nc\u00fcl\u00fc\u011f\u00fcnde kurulan \u201cYe\u015fil Ku\u015fak Hareketi\u201d orman alanlar\u0131n\u0131n tar\u0131ma a\u00e7\u0131lmas\u0131n\u0131 \u00f6nlemi\u015f ve Afrika\u2019da 20 milyondan fazla a\u011fac\u0131n dikilmesini sa\u011flam\u0131\u015ft\u0131r. Bundan sonra ki s\u00fcre\u00e7te Rachel Carson, Vandana Siva ve Wangari Maathai kad\u0131n \u00e7evre hareketinin simgesel ilham kayna\u011f\u0131 olmu\u015f ve g\u00fcn\u00fcm\u00fcze kadar pek \u00e7ok alanda \u00e7evreci kad\u0131n fig\u00fcrlerin ortaya \u00e7\u0131kmas\u0131na yol a\u00e7m\u0131\u015flard\u0131r. <\/p>\n","protected":false},"excerpt":{"rendered":"<p>Kad\u0131n \u00e7evre hareketi eylemsel olarak ilk, 1972 y\u0131l\u0131nda Hindistan\u2019da Vandana Siva \u00f6nc\u00fcl\u00fc\u011f\u00fcnde \u201csar\u0131lma\u201d anlam\u0131na gelen \u201cChipko Hareketi\u201d ile ba\u015flam\u0131\u015ft\u0131r. Ticari ama\u00e7l\u0131 a\u011fa\u00e7 kesilmesinin \u00f6n\u00fcne ge\u00e7ebilmek i\u00e7in<span class=\"excerpt-hellip\"> [\u2026]<\/span><\/p>\n","protected":false},"featured_media":0,"template":"","meta":{"_monsterinsights_skip_tracking":false,"_monsterinsights_sitenote_active":false,"_monsterinsights_sitenote_note":"","_monsterinsights_sitenote_category":0},"product_brand":[],"product_cat":[12573,12566],"product_tag":[],"class_list":{"0":"post-759013","1":"product","2":"type-product","3":"status-publish","5":"product_cat-akademik-kitaplar","6":"product_cat-egitim","7":"pa_cilt-ciltsiz","8":"pa_tur-kitap","9":"pa_yayinevi-soncag-akademik-kitaplar","10":"pa_yazar-fatma-merve-inan","12":"first","13":"instock","14":"sale","15":"shipping-taxable","16":"purchasable","17":"product-type-simple"},"_links":{"self":[{"href":"https:\/\/roveyayinevi.com.tr\/index.php\/wp-json\/wp\/v2\/product\/759013","targetHints":{"allow":["GET"]}}],"collection":[{"href":"https:\/\/roveyayinevi.com.tr\/index.php\/wp-json\/wp\/v2\/product"}],"about":[{"href":"https:\/\/roveyayinevi.com.tr\/index.php\/wp-json\/wp\/v2\/types\/product"}],"wp:attachment":[{"href":"https:\/\/roveyayinevi.com.tr\/index.php\/wp-json\/wp\/v2\/media?parent=759013"}],"wp:term":[{"taxonomy":"product_brand","embeddable":true,"href":"https:\/\/roveyayinevi.com.tr\/index.php\/wp-json\/wp\/v2\/product_brand?post=759013"},{"taxonomy":"product_cat","embeddable":true,"href":"https:\/\/roveyayinevi.com.tr\/index.php\/wp-json\/wp\/v2\/product_cat?post=759013"},{"taxonomy":"product_tag","embeddable":true,"href":"https:\/\/roveyayinevi.com.tr\/index.php\/wp-json\/wp\/v2\/product_tag?post=759013"}],"curies":[{"name":"wp","href":"https:\/\/api.w.org\/{rel}","templated":true}]}}