{"id":759012,"date":"2025-08-28T08:22:16","date_gmt":"2025-08-28T05:22:16","guid":{"rendered":"https:\/\/roveyayinevi.com.tr\/index.php\/urun\/semboller-ciltli\/"},"modified":"2026-04-16T03:11:51","modified_gmt":"2026-04-16T00:11:51","slug":"semboller-ciltli","status":"publish","type":"product","link":"https:\/\/roveyayinevi.com.tr\/index.php\/urun\/semboller-ciltli\/","title":{"rendered":"Semboller (Ciltli)"},"content":{"rendered":"<p>Eski d\u00fcnyadan bu yana g\u00f6rsel semboller insan\u0131n hik\u00e2yesini ta\u015f\u0131may\u0131 s\u00fcrd\u00fcr\u00fcyorlar. Hayat gibi semboller de ak\u0131\u015fkand\u0131r ve zaman i\u00e7inde k\u00fclt\u00fcrler bu ak\u0131\u015fkanl\u0131ktan beslenirler. \u0130slam k\u00fclt\u00fcr\u00fc ve onun \u00f6nemli bir k\u00fclt\u00fcrel ve estetik a\u00e7\u0131l\u0131m\u0131 tasavvuf da hem kendisi yeni semboller \u00fcretmi\u015f hem de eski sembolleri i\u00e7selle\u015ftirmi\u015ftir. Mimari, musiki, klasik yaz\u0131 sanatlar\u0131, edebiyat ve di\u011fer sanat t\u00fcrleri hayat\u0131n i\u00e7inde birbirleriyle etkile\u015fim ya\u015farlar. Bitki, hayvan, kozmoloji ve di\u011fer semboller hayat\u0131 ve sanat\u0131 simgele\u015ftirirken derinle\u015ftirirler. Maneviyat\u0131n alan\u0131 tabiat\u0131n soyut bezemeleriyle kendisine has \u00f6zel bir \u015fehrayin kazan\u0131r. Semboller k\u00fclt\u00fcr ve medeniyetlerin canl\u0131 h\u00fccreleridirler. <\/p>\n","protected":false},"excerpt":{"rendered":"<p>Eski d\u00fcnyadan bu yana g\u00f6rsel semboller insan\u0131n hik\u00e2yesini ta\u015f\u0131may\u0131 s\u00fcrd\u00fcr\u00fcyorlar. Hayat gibi semboller de ak\u0131\u015fkand\u0131r ve zaman i\u00e7inde k\u00fclt\u00fcrler bu ak\u0131\u015fkanl\u0131ktan beslenirler. \u0130slam k\u00fclt\u00fcr\u00fc ve onun<span class=\"excerpt-hellip\"> [\u2026]<\/span><\/p>\n","protected":false},"featured_media":0,"template":"","meta":{"_monsterinsights_skip_tracking":false,"_monsterinsights_sitenote_active":false,"_monsterinsights_sitenote_note":"","_monsterinsights_sitenote_category":0},"product_brand":[],"product_cat":[12364],"product_tag":[],"class_list":{"0":"post-759012","1":"product","2":"type-product","3":"status-publish","5":"product_cat-genel-konular","6":"pa_cilt-ciltli","7":"pa_tur-kitap","8":"pa_yayinevi-kapi-yayinlari","9":"pa_yazar-belkis-dogan","11":"first","12":"instock","13":"sale","14":"shipping-taxable","15":"purchasable","16":"product-type-simple"},"_links":{"self":[{"href":"https:\/\/roveyayinevi.com.tr\/index.php\/wp-json\/wp\/v2\/product\/759012","targetHints":{"allow":["GET"]}}],"collection":[{"href":"https:\/\/roveyayinevi.com.tr\/index.php\/wp-json\/wp\/v2\/product"}],"about":[{"href":"https:\/\/roveyayinevi.com.tr\/index.php\/wp-json\/wp\/v2\/types\/product"}],"wp:attachment":[{"href":"https:\/\/roveyayinevi.com.tr\/index.php\/wp-json\/wp\/v2\/media?parent=759012"}],"wp:term":[{"taxonomy":"product_brand","embeddable":true,"href":"https:\/\/roveyayinevi.com.tr\/index.php\/wp-json\/wp\/v2\/product_brand?post=759012"},{"taxonomy":"product_cat","embeddable":true,"href":"https:\/\/roveyayinevi.com.tr\/index.php\/wp-json\/wp\/v2\/product_cat?post=759012"},{"taxonomy":"product_tag","embeddable":true,"href":"https:\/\/roveyayinevi.com.tr\/index.php\/wp-json\/wp\/v2\/product_tag?post=759012"}],"curies":[{"name":"wp","href":"https:\/\/api.w.org\/{rel}","templated":true}]}}