{"id":759011,"date":"2025-08-28T08:22:14","date_gmt":"2025-08-28T05:22:14","guid":{"rendered":"https:\/\/roveyayinevi.com.tr\/index.php\/urun\/doga-ve-toprak-yenilenebilir-enerji-ile-tanisiyor\/"},"modified":"2026-01-30T03:49:44","modified_gmt":"2026-01-30T00:49:44","slug":"doga-ve-toprak-yenilenebilir-enerji-ile-tanisiyor","status":"publish","type":"product","link":"https:\/\/roveyayinevi.com.tr\/index.php\/urun\/doga-ve-toprak-yenilenebilir-enerji-ile-tanisiyor\/","title":{"rendered":"Do\u011fa ve Toprak Yenilenebilir Enerji \u0130le Tan\u0131\u015f\u0131yor"},"content":{"rendered":"<p>Bu kitap, 7 -11 ya\u015f aral\u0131\u011f\u0131nda olan \u00f6\u011frencilerin eTwinning faaliyetleri s\u0131ras\u0131nda yap\u0131lan etkinli\u011fin \u00f6yk\u00fcye d\u00f6n\u00fc\u015ft\u00fcr\u00fclmesiyle daha \u00e7ok \u00f6\u011frenciye STEM anlay\u0131\u015f\u0131n\u0131 kazand\u0131rmak amac\u0131 ile haz\u0131rland\u0131. eTwinning faaliyeti temelde Avrupa&#8217;n\u0131n farkl\u0131 \u00fclkelerinden \u00f6\u011fretmenlerin, farkl\u0131 okullardan \u00f6\u011fretmenlerle deneyimlerini payla\u015f\u0131p, fikir al\u0131\u015fveri\u015finde bulunabilece\u011fi \u00e7evrim i\u00e7i bir ortam olu\u015fturmay\u0131 ama\u00e7lamaktad\u0131r. STEM ise Science (Fen), Technology (Teknoloji), Engineering (M\u00fchendislik) ve Mathematics (Matematik) kelimelerinin ba\u015f harflerinin birle\u015fmesinden olu\u015fuyor. STEM e\u011fitimi evrensel okur-yazarl\u0131k becerilerine odaklanmaktad\u0131r. Bu beceriler yarat\u0131c\u0131 d\u00fc\u015f\u00fcnme, ele\u015ftirel d\u00fc\u015f\u00fcnme, problem \u00e7\u00f6zme ve i\u015fbirlik\u00e7i \u00e7al\u0131\u015fmad\u0131r. \u00d6\u011frencilerin bu becerileri kazanmas\u0131 ama\u00e7lanmaktad\u0131r. \u0130lk k\u0131s\u0131mda \u00f6yk\u00fc ile birlikte \u00f6\u011frencilere yenilenebilir enerji kaynaklar\u0131 hakk\u0131nda bilgi veriliyor. Sonras\u0131nda anlat\u0131lan konu, etkinlikler ve \u00e7al\u0131\u015fmalarla peki\u015ftiriliyor. En sonunda da \u00f6\u011frenciye problem durumlar\u0131 sunulup ondan \u00e7\u00f6z\u00fcm yolu bulmas\u0131 isteniliyor. Kitap i\u00e7inde bulunan karekod yard\u0131m\u0131 ile \u00f6\u011frencilerin problemlere verdi\u011fi cevaplar\u0131 internet ortam\u0131nda Padlet\u2019e kendisi y\u00fckleyerek tasla\u011f\u0131n\u0131 ve probleme kar\u015f\u0131 \u00e7\u00f6z\u00fcm yolunu arkada\u015flar\u0131yla payla\u015fm\u0131\u015f olacakt\u0131r.<\/p>\n","protected":false},"excerpt":{"rendered":"<p>Bu kitap, 7 -11 ya\u015f aral\u0131\u011f\u0131nda olan \u00f6\u011frencilerin eTwinning faaliyetleri s\u0131ras\u0131nda yap\u0131lan etkinli\u011fin \u00f6yk\u00fcye d\u00f6n\u00fc\u015ft\u00fcr\u00fclmesiyle daha \u00e7ok \u00f6\u011frenciye STEM anlay\u0131\u015f\u0131n\u0131 kazand\u0131rmak amac\u0131 ile haz\u0131rland\u0131. eTwinning faaliyeti<span class=\"excerpt-hellip\"> [\u2026]<\/span><\/p>\n","protected":false},"featured_media":0,"template":"","meta":{"_monsterinsights_skip_tracking":false,"_monsterinsights_sitenote_active":false,"_monsterinsights_sitenote_note":"","_monsterinsights_sitenote_category":0},"product_brand":[],"product_cat":[12291,18202],"product_tag":[],"class_list":{"0":"post-759011","1":"product","2":"type-product","3":"status-publish","5":"product_cat-edebiyat","6":"product_cat-hikaye","7":"pa_cilt-ciltsiz","8":"pa_tur-kitap","9":"pa_yayinevi-vova-yayinlari","10":"pa_yazar-sebahattin-yaliguluhep","12":"first","13":"instock","14":"sale","15":"shipping-taxable","16":"purchasable","17":"product-type-simple"},"_links":{"self":[{"href":"https:\/\/roveyayinevi.com.tr\/index.php\/wp-json\/wp\/v2\/product\/759011","targetHints":{"allow":["GET"]}}],"collection":[{"href":"https:\/\/roveyayinevi.com.tr\/index.php\/wp-json\/wp\/v2\/product"}],"about":[{"href":"https:\/\/roveyayinevi.com.tr\/index.php\/wp-json\/wp\/v2\/types\/product"}],"wp:attachment":[{"href":"https:\/\/roveyayinevi.com.tr\/index.php\/wp-json\/wp\/v2\/media?parent=759011"}],"wp:term":[{"taxonomy":"product_brand","embeddable":true,"href":"https:\/\/roveyayinevi.com.tr\/index.php\/wp-json\/wp\/v2\/product_brand?post=759011"},{"taxonomy":"product_cat","embeddable":true,"href":"https:\/\/roveyayinevi.com.tr\/index.php\/wp-json\/wp\/v2\/product_cat?post=759011"},{"taxonomy":"product_tag","embeddable":true,"href":"https:\/\/roveyayinevi.com.tr\/index.php\/wp-json\/wp\/v2\/product_tag?post=759011"}],"curies":[{"name":"wp","href":"https:\/\/api.w.org\/{rel}","templated":true}]}}