{"id":759009,"date":"2025-08-28T08:22:10","date_gmt":"2025-08-28T05:22:10","guid":{"rendered":"https:\/\/roveyayinevi.com.tr\/index.php\/urun\/yuregimde-dort-mevsim\/"},"modified":"2026-01-30T03:49:44","modified_gmt":"2026-01-30T00:49:44","slug":"yuregimde-dort-mevsim","status":"publish","type":"product","link":"https:\/\/roveyayinevi.com.tr\/index.php\/urun\/yuregimde-dort-mevsim\/","title":{"rendered":"Y\u00fcre\u011fimde D\u00f6rt Mevsim"},"content":{"rendered":"<p>Nehir olup ta\u015far\u0131m Bana ilham gelince&#8230; Her duyguyu ya\u015far\u0131m Bana ilham gelince&#8230;   K\u00e2inata bakar\u0131m, Sular gibi akar\u0131m, Y\u0131ld\u0131zlara \u00e7\u0131kar\u0131m Bana ilham gelince&#8230;   Haks\u0131zl\u0131\u011fa k\u0131zar\u0131m, Dertlerimi yazar\u0131m. Zulme mezar kazar\u0131m Bana ilham gelince&#8230;   G\u00f6n\u00fcllerde gezerim, Y\u00fcre\u011fimi ezerim, S\u00f6zlerimi dizerim Bana ilham gelince&#8230;   Duman olur da\u011flar\u0131m, Y\u00fcre\u011fimden a\u011flar\u0131m, Seller gibi \u00e7a\u011flar\u0131m Bana ilham gelince&#8230;<\/p>\n","protected":false},"excerpt":{"rendered":"<p>Nehir olup ta\u015far\u0131m Bana ilham gelince&#8230; Her duyguyu ya\u015far\u0131m Bana ilham gelince&#8230; K\u00e2inata bakar\u0131m, Sular gibi akar\u0131m, Y\u0131ld\u0131zlara \u00e7\u0131kar\u0131m Bana ilham gelince&#8230; Haks\u0131zl\u0131\u011fa k\u0131zar\u0131m, Dertlerimi yazar\u0131m.<span class=\"excerpt-hellip\"> [\u2026]<\/span><\/p>\n","protected":false},"featured_media":0,"template":"","meta":{"_monsterinsights_skip_tracking":false,"_monsterinsights_sitenote_active":false,"_monsterinsights_sitenote_note":"","_monsterinsights_sitenote_category":0},"product_brand":[],"product_cat":[12291,12509],"product_tag":[],"class_list":{"0":"post-759009","1":"product","2":"type-product","3":"status-publish","5":"product_cat-edebiyat","6":"product_cat-siir","7":"pa_cilt-ciltsiz","8":"pa_tur-kitap","9":"pa_yayinevi-vova-yayinlari","10":"pa_yazar-kadir-yildiz","12":"first","13":"instock","14":"sale","15":"shipping-taxable","16":"purchasable","17":"product-type-simple"},"_links":{"self":[{"href":"https:\/\/roveyayinevi.com.tr\/index.php\/wp-json\/wp\/v2\/product\/759009","targetHints":{"allow":["GET"]}}],"collection":[{"href":"https:\/\/roveyayinevi.com.tr\/index.php\/wp-json\/wp\/v2\/product"}],"about":[{"href":"https:\/\/roveyayinevi.com.tr\/index.php\/wp-json\/wp\/v2\/types\/product"}],"wp:attachment":[{"href":"https:\/\/roveyayinevi.com.tr\/index.php\/wp-json\/wp\/v2\/media?parent=759009"}],"wp:term":[{"taxonomy":"product_brand","embeddable":true,"href":"https:\/\/roveyayinevi.com.tr\/index.php\/wp-json\/wp\/v2\/product_brand?post=759009"},{"taxonomy":"product_cat","embeddable":true,"href":"https:\/\/roveyayinevi.com.tr\/index.php\/wp-json\/wp\/v2\/product_cat?post=759009"},{"taxonomy":"product_tag","embeddable":true,"href":"https:\/\/roveyayinevi.com.tr\/index.php\/wp-json\/wp\/v2\/product_tag?post=759009"}],"curies":[{"name":"wp","href":"https:\/\/api.w.org\/{rel}","templated":true}]}}